{"id":4137,"date":"2022-01-05T20:29:35","date_gmt":"2022-01-05T19:29:35","guid":{"rendered":"https:\/\/mshm.pl\/?page_id=4137"},"modified":"2022-02-18T12:41:52","modified_gmt":"2022-02-18T11:41:52","slug":"cookie-policy","status":"publish","type":"page","link":"https:\/\/mshm.pl\/en\/cookie-policy\/","title":{"rendered":"Cookie policy"},"content":{"rendered":"\n<ol class=\"wp-block-list\"><li>The Website mshm.pl does not automatically collect any other information apart from that contained in cookie files.<\/li><li>The entity that places cookie files on the Website User&#8217;s terminal device and obtains access to them is the Website Operator: The Stefan Woyda Museum Of Ancient Mazovian Metallurgy in Pruszk\u00f3w, pl.\u00a0Jana Paw\u0142a II\u00a02, 05-800 Pruszk\u00f3w, tel.\u00a022 758 72 66, email:\u00a0<a href=\"mailto:muzeum@mshm.pl\">muzeum@mshm.pl<\/a>, website:\u00a0<a href=\"http:\/\/www.mshm.pl\/\">www.mshm.pl<\/a>, NIP: 534-14-58-518, REGON: 831557.<\/li><li>The cookie files (the so-called \u201ccookies\u201d) are data files, in particular text files, which are stored in the Website User&#8217;s end device and are intended for using the Service&#8217;s websites. Cookies usually contain the name of the website from which they originate, their storage time on the end device and a unique number.<\/li><li>Cookie files are used for the following purposes:<ul><li>to adjust the website contents in the Service to the Website User\u2019s preferences and to optimize the use of websites; in particular, these files allow to recognize the device of the Website User and properly display the website, adapted to his individual needs;<\/li><li>to provide statistics that help to understand how Website Users use web pages, which allows to improve their structure and content.<\/li><\/ul><\/li><li>The Website uses two basic types of cookies:\u00a0<em>session cookies<\/em>\u00a0and\u00a0<em>persistent cookies<\/em>. Session cookies are temporary files that are stored on the User&#8217;s end device until logging out, leaving the website or turning off the software (web browser). Persistent cookies are stored on the User&#8217;s device for the time specified in the cookie file parameters or until they are deleted by the User.<\/li><li>In many cases, the software used to browse websites (web browser) by default allows the storage of cookies on the end device of the User. Website Users can change their cookie settings at any time. These settings can be changed in particular in such a way as to block the automatic handling of cookies in the web browser&#8217;s settings or inform them of each entry in the device of the Website User. Detailed information about the possibilities and ways of handling cookies are available in the software settings (web browser).<\/li><li>The Website Operator informs that the restrictions placed on the use of cookies may affect some of the functionalities available on the Website.<\/li><li>Cookies placed on the Website User&#8217;s end device may also be used by advertisers and partners cooperating with the Website Operator.<\/li><li>More information about cookies is available in the \u201dHelp\u201d section in the browser&#8217;s menu or on its manufacturer&#8217;s website.<\/li><\/ol>\n","protected":false},"excerpt":{"rendered":"<p>The Website mshm.pl does not automatically collect any other information apart from that contained in cookie files. The entity that places cookie files on the Website User&#8217;s terminal device and obtains access to them is the Website Operator: The Stefan Woyda Museum Of Ancient Mazovian Metallurgy in Pruszk\u00f3w, pl.\u00a0Jana Paw\u0142a II\u00a02, 05-800 Pruszk\u00f3w, tel.\u00a022 758 72 66, email:\u00a0muzeum@mshm.pl, website:\u00a0www.mshm.pl, NIP: 534-14-58-518, REGON: 831557. The cookie files (the so-called \u201ccookies\u201d) are data files, in particular text files, which are stored in the Website User&#8217;s end device and are intended for using the Service&#8217;s websites. Cookies usually contain the name of the [&hellip;]<\/p>\n","protected":false},"author":1,"featured_media":4113,"parent":0,"menu_order":27,"comment_status":"closed","ping_status":"open","template":"","meta":{"_acf_changed":false,"footnotes":""},"class_list":["post-4137","page","type-page","status-publish","has-post-thumbnail","hentry"],"acf":[],"yoast_head":"<!-- This site is optimized with the Yoast SEO plugin v27.2 - https:\/\/yoast.com\/product\/yoast-seo-wordpress\/ -->\n<title>Cookie policy - Muzeum Staro\u017cytnego Hutnictwa Mazowieckiego<\/title>\n<meta name=\"robots\" content=\"index, follow, max-snippet:-1, max-image-preview:large, max-video-preview:-1\" \/>\n<link rel=\"canonical\" href=\"https:\/\/mshm.pl\/en\/cookie-policy\/\" \/>\n<meta property=\"og:locale\" content=\"en_US\" \/>\n<meta property=\"og:type\" content=\"article\" \/>\n<meta property=\"og:title\" content=\"Cookie policy - Muzeum Staro\u017cytnego Hutnictwa Mazowieckiego\" \/>\n<meta property=\"og:description\" content=\"The Website mshm.pl does not automatically collect any other information apart from that contained in cookie files. The entity that places cookie files on the Website User&#8217;s terminal device and obtains access to them is the Website Operator: The Stefan Woyda Museum Of Ancient Mazovian Metallurgy in Pruszk\u00f3w, pl.\u00a0Jana Paw\u0142a II\u00a02, 05-800 Pruszk\u00f3w, tel.\u00a022 758 72 66, email:\u00a0muzeum@mshm.pl, website:\u00a0www.mshm.pl, NIP: 534-14-58-518, REGON: 831557. The cookie files (the so-called \u201ccookies\u201d) are data files, in particular text files, which are stored in the Website User&#8217;s end device and are intended for using the Service&#8217;s websites. Cookies usually contain the name of the [&hellip;]\" \/>\n<meta property=\"og:url\" content=\"https:\/\/mshm.pl\/en\/cookie-policy\/\" \/>\n<meta property=\"og:site_name\" content=\"Muzeum Staro\u017cytnego Hutnictwa Mazowieckiego\" \/>\n<meta property=\"article:publisher\" content=\"https:\/\/www.facebook.com\/pruszkow.mshm\" \/>\n<meta property=\"article:modified_time\" content=\"2022-02-18T11:41:52+00:00\" \/>\n<meta property=\"og:image\" content=\"https:\/\/mshm.pl\/wp-content\/uploads\/2022\/02\/mshm-dthumb.jpg\" \/>\n\t<meta property=\"og:image:width\" content=\"1920\" \/>\n\t<meta property=\"og:image:height\" content=\"680\" \/>\n\t<meta property=\"og:image:type\" content=\"image\/jpeg\" \/>\n<meta name=\"twitter:card\" content=\"summary_large_image\" \/>\n<meta name=\"twitter:label1\" content=\"Est. reading time\" \/>\n\t<meta name=\"twitter:data1\" content=\"3 minutes\" \/>\n<script type=\"application\/ld+json\" class=\"yoast-schema-graph\">{\"@context\":\"https:\/\/schema.org\",\"@graph\":[{\"@type\":\"WebPage\",\"@id\":\"https:\/\/mshm.pl\/en\/cookie-policy\/\",\"url\":\"https:\/\/mshm.pl\/en\/cookie-policy\/\",\"name\":\"Cookie policy - Muzeum Staro\u017cytnego Hutnictwa Mazowieckiego\",\"isPartOf\":{\"@id\":\"https:\/\/mshm.pl\/en\/#website\"},\"primaryImageOfPage\":{\"@id\":\"https:\/\/mshm.pl\/en\/cookie-policy\/#primaryimage\"},\"image\":{\"@id\":\"https:\/\/mshm.pl\/en\/cookie-policy\/#primaryimage\"},\"thumbnailUrl\":\"https:\/\/mshm.pl\/wp-content\/uploads\/2022\/02\/mshm-dthumb.jpg\",\"datePublished\":\"2022-01-05T19:29:35+00:00\",\"dateModified\":\"2022-02-18T11:41:52+00:00\",\"breadcrumb\":{\"@id\":\"https:\/\/mshm.pl\/en\/cookie-policy\/#breadcrumb\"},\"inLanguage\":\"en-US\",\"potentialAction\":[{\"@type\":\"ReadAction\",\"target\":[\"https:\/\/mshm.pl\/en\/cookie-policy\/\"]}]},{\"@type\":\"ImageObject\",\"inLanguage\":\"en-US\",\"@id\":\"https:\/\/mshm.pl\/en\/cookie-policy\/#primaryimage\",\"url\":\"https:\/\/mshm.pl\/wp-content\/uploads\/2022\/02\/mshm-dthumb.jpg\",\"contentUrl\":\"https:\/\/mshm.pl\/wp-content\/uploads\/2022\/02\/mshm-dthumb.jpg\",\"width\":1920,\"height\":680,\"caption\":\"MAMM\"},{\"@type\":\"BreadcrumbList\",\"@id\":\"https:\/\/mshm.pl\/en\/cookie-policy\/#breadcrumb\",\"itemListElement\":[{\"@type\":\"ListItem\",\"position\":1,\"name\":\"Strona g\u0142\u00f3wna\",\"item\":\"https:\/\/mshm.pl\/en\/\"},{\"@type\":\"ListItem\",\"position\":2,\"name\":\"Cookie policy\"}]},{\"@type\":\"WebSite\",\"@id\":\"https:\/\/mshm.pl\/en\/#website\",\"url\":\"https:\/\/mshm.pl\/en\/\",\"name\":\"Muzeum Staro\u017cytnego Hutnictwa Mazowieckiego\",\"description\":\"Muzeum Staro\u017cytnego Hutnictwa Mazowieckiego im. Stefana Woydy w Pruszkowie zajmuje si\u0119 badaniem, ochron\u0105 i promocj\u0105 unikatowego w skali Europy dziedzictwa pradziejowego, kt\u00f3rym jest Mazowieckie Centrum Metalurgiczne\",\"publisher\":{\"@id\":\"https:\/\/mshm.pl\/en\/#organization\"},\"potentialAction\":[{\"@type\":\"SearchAction\",\"target\":{\"@type\":\"EntryPoint\",\"urlTemplate\":\"https:\/\/mshm.pl\/en\/?s={search_term_string}\"},\"query-input\":{\"@type\":\"PropertyValueSpecification\",\"valueRequired\":true,\"valueName\":\"search_term_string\"}}],\"inLanguage\":\"en-US\"},{\"@type\":\"Organization\",\"@id\":\"https:\/\/mshm.pl\/en\/#organization\",\"name\":\"MSMH\",\"url\":\"https:\/\/mshm.pl\/en\/\",\"logo\":{\"@type\":\"ImageObject\",\"inLanguage\":\"en-US\",\"@id\":\"https:\/\/mshm.pl\/en\/#\/schema\/logo\/image\/\",\"url\":\"https:\/\/mshm.pl\/wp-content\/uploads\/2022\/03\/mshm-logo.png\",\"contentUrl\":\"https:\/\/mshm.pl\/wp-content\/uploads\/2022\/03\/mshm-logo.png\",\"width\":1997,\"height\":600,\"caption\":\"MSMH\"},\"image\":{\"@id\":\"https:\/\/mshm.pl\/en\/#\/schema\/logo\/image\/\"},\"sameAs\":[\"https:\/\/www.facebook.com\/pruszkow.mshm\",\"https:\/\/www.instagram.com\/muzeum_shm\/\",\"https:\/\/www.youtube.com\/channel\/UCXP_VzVPrFu9Bj3I8r89xdw\"]}]}<\/script>\n<!-- \/ Yoast SEO plugin. -->","yoast_head_json":{"title":"Cookie policy - Muzeum Staro\u017cytnego Hutnictwa Mazowieckiego","robots":{"index":"index","follow":"follow","max-snippet":"max-snippet:-1","max-image-preview":"max-image-preview:large","max-video-preview":"max-video-preview:-1"},"canonical":"https:\/\/mshm.pl\/en\/cookie-policy\/","og_locale":"en_US","og_type":"article","og_title":"Cookie policy - Muzeum Staro\u017cytnego Hutnictwa Mazowieckiego","og_description":"The Website mshm.pl does not automatically collect any other information apart from that contained in cookie files. The entity that places cookie files on the Website User&#8217;s terminal device and obtains access to them is the Website Operator: The Stefan Woyda Museum Of Ancient Mazovian Metallurgy in Pruszk\u00f3w, pl.\u00a0Jana Paw\u0142a II\u00a02, 05-800 Pruszk\u00f3w, tel.\u00a022 758 72 66, email:\u00a0muzeum@mshm.pl, website:\u00a0www.mshm.pl, NIP: 534-14-58-518, REGON: 831557. The cookie files (the so-called \u201ccookies\u201d) are data files, in particular text files, which are stored in the Website User&#8217;s end device and are intended for using the Service&#8217;s websites. Cookies usually contain the name of the [&hellip;]","og_url":"https:\/\/mshm.pl\/en\/cookie-policy\/","og_site_name":"Muzeum Staro\u017cytnego Hutnictwa Mazowieckiego","article_publisher":"https:\/\/www.facebook.com\/pruszkow.mshm","article_modified_time":"2022-02-18T11:41:52+00:00","og_image":[{"width":1920,"height":680,"url":"https:\/\/mshm.pl\/wp-content\/uploads\/2022\/02\/mshm-dthumb.jpg","type":"image\/jpeg"}],"twitter_card":"summary_large_image","twitter_misc":{"Est. reading time":"3 minutes"},"schema":{"@context":"https:\/\/schema.org","@graph":[{"@type":"WebPage","@id":"https:\/\/mshm.pl\/en\/cookie-policy\/","url":"https:\/\/mshm.pl\/en\/cookie-policy\/","name":"Cookie policy - Muzeum Staro\u017cytnego Hutnictwa Mazowieckiego","isPartOf":{"@id":"https:\/\/mshm.pl\/en\/#website"},"primaryImageOfPage":{"@id":"https:\/\/mshm.pl\/en\/cookie-policy\/#primaryimage"},"image":{"@id":"https:\/\/mshm.pl\/en\/cookie-policy\/#primaryimage"},"thumbnailUrl":"https:\/\/mshm.pl\/wp-content\/uploads\/2022\/02\/mshm-dthumb.jpg","datePublished":"2022-01-05T19:29:35+00:00","dateModified":"2022-02-18T11:41:52+00:00","breadcrumb":{"@id":"https:\/\/mshm.pl\/en\/cookie-policy\/#breadcrumb"},"inLanguage":"en-US","potentialAction":[{"@type":"ReadAction","target":["https:\/\/mshm.pl\/en\/cookie-policy\/"]}]},{"@type":"ImageObject","inLanguage":"en-US","@id":"https:\/\/mshm.pl\/en\/cookie-policy\/#primaryimage","url":"https:\/\/mshm.pl\/wp-content\/uploads\/2022\/02\/mshm-dthumb.jpg","contentUrl":"https:\/\/mshm.pl\/wp-content\/uploads\/2022\/02\/mshm-dthumb.jpg","width":1920,"height":680,"caption":"MAMM"},{"@type":"BreadcrumbList","@id":"https:\/\/mshm.pl\/en\/cookie-policy\/#breadcrumb","itemListElement":[{"@type":"ListItem","position":1,"name":"Strona g\u0142\u00f3wna","item":"https:\/\/mshm.pl\/en\/"},{"@type":"ListItem","position":2,"name":"Cookie policy"}]},{"@type":"WebSite","@id":"https:\/\/mshm.pl\/en\/#website","url":"https:\/\/mshm.pl\/en\/","name":"Muzeum Staro\u017cytnego Hutnictwa Mazowieckiego","description":"Muzeum Staro\u017cytnego Hutnictwa Mazowieckiego im. Stefana Woydy w Pruszkowie zajmuje si\u0119 badaniem, ochron\u0105 i promocj\u0105 unikatowego w skali Europy dziedzictwa pradziejowego, kt\u00f3rym jest Mazowieckie Centrum Metalurgiczne","publisher":{"@id":"https:\/\/mshm.pl\/en\/#organization"},"potentialAction":[{"@type":"SearchAction","target":{"@type":"EntryPoint","urlTemplate":"https:\/\/mshm.pl\/en\/?s={search_term_string}"},"query-input":{"@type":"PropertyValueSpecification","valueRequired":true,"valueName":"search_term_string"}}],"inLanguage":"en-US"},{"@type":"Organization","@id":"https:\/\/mshm.pl\/en\/#organization","name":"MSMH","url":"https:\/\/mshm.pl\/en\/","logo":{"@type":"ImageObject","inLanguage":"en-US","@id":"https:\/\/mshm.pl\/en\/#\/schema\/logo\/image\/","url":"https:\/\/mshm.pl\/wp-content\/uploads\/2022\/03\/mshm-logo.png","contentUrl":"https:\/\/mshm.pl\/wp-content\/uploads\/2022\/03\/mshm-logo.png","width":1997,"height":600,"caption":"MSMH"},"image":{"@id":"https:\/\/mshm.pl\/en\/#\/schema\/logo\/image\/"},"sameAs":["https:\/\/www.facebook.com\/pruszkow.mshm","https:\/\/www.instagram.com\/muzeum_shm\/","https:\/\/www.youtube.com\/channel\/UCXP_VzVPrFu9Bj3I8r89xdw"]}]}},"_links":{"self":[{"href":"https:\/\/mshm.pl\/en\/wp-json\/wp\/v2\/pages\/4137","targetHints":{"allow":["GET"]}}],"collection":[{"href":"https:\/\/mshm.pl\/en\/wp-json\/wp\/v2\/pages"}],"about":[{"href":"https:\/\/mshm.pl\/en\/wp-json\/wp\/v2\/types\/page"}],"author":[{"embeddable":true,"href":"https:\/\/mshm.pl\/en\/wp-json\/wp\/v2\/users\/1"}],"replies":[{"embeddable":true,"href":"https:\/\/mshm.pl\/en\/wp-json\/wp\/v2\/comments?post=4137"}],"version-history":[{"count":0,"href":"https:\/\/mshm.pl\/en\/wp-json\/wp\/v2\/pages\/4137\/revisions"}],"wp:featuredmedia":[{"embeddable":true,"href":"https:\/\/mshm.pl\/en\/wp-json\/wp\/v2\/media\/4113"}],"wp:attachment":[{"href":"https:\/\/mshm.pl\/en\/wp-json\/wp\/v2\/media?parent=4137"}],"curies":[{"name":"wp","href":"https:\/\/api.w.org\/{rel}","templated":true}]}}