{"id":4015,"date":"2022-01-01T00:45:00","date_gmt":"2021-12-31T23:45:00","guid":{"rendered":"https:\/\/mshm.pl\/?page_id=4015"},"modified":"2022-02-17T12:55:13","modified_gmt":"2022-02-17T11:55:13","slug":"sitemap","status":"publish","type":"page","link":"https:\/\/mshm.pl\/en\/sitemap\/","title":{"rendered":"Sitemap"},"content":{"rendered":"<div class=\"wsp-container\"><h2 class=\"wsp-pages-title\">Pages<\/h2>\n<ul class=\"wsp-pages-list\">\n<li class=\"page_item page-item-3560\"><a href=\"https:\/\/mshm.pl\/en\/\">The Stefan Woyda Museum Of Ancient Mazovian Metallurgy in Pruszk\u00f3w<\/a><\/li>\n<li class=\"page_item page-item-3693 page_item_has_children\"><a href=\"https:\/\/mshm.pl\/en\/for-visitors\/\">For visitors<\/a>\n<ul class='children'>\n\t<li class=\"page_item page-item-3681\"><a href=\"https:\/\/mshm.pl\/en\/for-visitors\/core-exhibition\/\">Core exhibition<\/a><\/li>\n\t<li class=\"page_item page-item-3690\"><a href=\"https:\/\/mshm.pl\/en\/for-visitors\/concerts\/\">Concerts<\/a><\/li>\n<\/ul>\n<\/li>\n<li class=\"page_item page-item-3713 page_item_has_children\"><a href=\"https:\/\/mshm.pl\/en\/education\/\">Education<\/a>\n<ul class='children'>\n\t<li class=\"page_item page-item-3784\"><a href=\"https:\/\/mshm.pl\/en\/education\/for-groups\/\">For groups<\/a><\/li>\n\t<li class=\"page_item page-item-3726\"><a href=\"https:\/\/mshm.pl\/en\/education\/students-and-universities\/\">Students and Universities<\/a><\/li>\n<\/ul>\n<\/li>\n<li class=\"page_item page-item-3920 page_item_has_children\"><a href=\"https:\/\/mshm.pl\/en\/about-us\/\">About us<\/a>\n<ul class='children'>\n\t<li class=\"page_item page-item-3813\"><a href=\"https:\/\/mshm.pl\/en\/about-us\/museum-history\/\">Museum history<\/a><\/li>\n\t<li class=\"page_item page-item-3826\"><a href=\"https:\/\/mshm.pl\/en\/about-us\/seat\/\">Seat<\/a><\/li>\n\t<li class=\"page_item page-item-3831\"><a href=\"https:\/\/mshm.pl\/en\/about-us\/patron\/\">Patron<\/a><\/li>\n\t<li class=\"page_item page-item-3841\"><a href=\"https:\/\/mshm.pl\/en\/about-us\/polish-archaeological-record\/\">Polish Archaeological Record<\/a><\/li>\n\t<li class=\"page_item page-item-3851\"><a href=\"https:\/\/mshm.pl\/en\/about-us\/mazovian-centre-of-metallurgy\/\">Mazovian Centre of Metallurgy<\/a><\/li>\n\t<li class=\"page_item page-item-3855 page_item_has_children\"><a href=\"https:\/\/mshm.pl\/en\/about-us\/collection\/\">Collection<\/a>\n\t<ul class='children'>\n\t\t<li class=\"page_item page-item-3867\"><a href=\"https:\/\/mshm.pl\/en\/about-us\/collection\/research-enquiries-%ef%bf%bc\/\">Research enquiries<\/a><\/li>\n\t<\/ul>\n<\/li>\n\t<li class=\"page_item page-item-3861\"><a href=\"https:\/\/mshm.pl\/en\/about-us\/excavations\/\">Excavations<\/a><\/li>\n\t<li class=\"page_item page-item-3876 page_item_has_children\"><a href=\"https:\/\/mshm.pl\/en\/about-us\/projects\/\">Projects<\/a>\n\t<ul class='children'>\n\t\t<li class=\"page_item page-item-3909\"><a href=\"https:\/\/mshm.pl\/en\/about-us\/projects\/kleszewo\/\">Kleszewo<\/a><\/li>\n\t<\/ul>\n<\/li>\n\t<li class=\"page_item page-item-3916\"><a href=\"https:\/\/mshm.pl\/en\/about-us\/awards-and-acknowledgements\/\">Awards and acknowledgements<\/a><\/li>\n\t<li class=\"page_item page-item-3668 page_item_has_children\"><a href=\"https:\/\/mshm.pl\/en\/about-us\/archive\/\">Archive<\/a>\n\t<ul class='children'>\n\t\t<li class=\"page_item page-item-3671\"><a href=\"https:\/\/mshm.pl\/en\/about-us\/archive\/archival-core-exhibition\/\">Archival core exhibition<\/a><\/li>\n\t\t<li class=\"page_item page-item-3675\"><a href=\"https:\/\/mshm.pl\/en\/about-us\/archive\/historical-artistic-workshops-2008-2017\/\">Historical-artistic workshops 2008\u20132017<\/a><\/li>\n\t<\/ul>\n<\/li>\n\t<li class=\"page_item page-item-3821\"><a href=\"https:\/\/mshm.pl\/en\/about-us\/career-internships-volunteering\/\">Career, internships, volunteering<\/a><\/li>\n\t<li class=\"page_item page-item-3768\"><a href=\"https:\/\/mshm.pl\/en\/about-us\/general-data-protection-act-gdpr\/\">General Data Protection ACT (GDPR)<\/a><\/li>\n<\/ul>\n<\/li>\n<li class=\"page_item page-item-3737 page_item_has_children\"><a href=\"https:\/\/mshm.pl\/en\/contact\/\">Contact<\/a>\n<ul class='children'>\n\t<li class=\"page_item page-item-3742 page_item_has_children\"><a href=\"https:\/\/mshm.pl\/en\/contact\/museum-structure\/\">Museum structure<\/a>\n\t<ul class='children'>\n\t\t<li class=\"page_item page-item-3746\"><a href=\"https:\/\/mshm.pl\/en\/contact\/museum-structure\/dorota-slowinska-kamasa\/\">Dorota S\u0142owi\u0144ska-Kamasa<\/a><\/li>\n\t<\/ul>\n<\/li>\n\t<li class=\"page_item page-item-3761\"><a href=\"https:\/\/mshm.pl\/en\/contact\/commercial-hire\/\">Commercial hire<\/a><\/li>\n\t<li class=\"page_item page-item-3750\"><a href=\"https:\/\/mshm.pl\/en\/contact\/for-the-media\/\">For the Media<\/a><\/li>\n<\/ul>\n<\/li>\n<li class=\"page_item page-item-4137\"><a href=\"https:\/\/mshm.pl\/en\/cookie-policy\/\">Cookie policy<\/a><\/li>\n<li class=\"page_item page-item-4129\"><a href=\"https:\/\/mshm.pl\/en\/declaration-of-availability\/\">Declaration of availability<\/a><\/li>\n<li class=\"page_item page-item-4015\"><a href=\"https:\/\/mshm.pl\/en\/sitemap\/\">Sitemap<\/a><\/li>\n<\/ul>\n<h2 class=\"wsp-fotogaleries-title\">Photo Galleries<\/h2>\n<ul class=\"wsp-fotogaleries-list\">\n<li><a href=\"https:\/\/mshm.pl\/en\/photo-galleries\/archival-core-exhibition\/\">Archival Core Exhibition<\/a><\/li>\n<li><a href=\"https:\/\/mshm.pl\/en\/photo-galleries\/adults-and-teenagers\/\">Adults and teenagers \u00a0<\/a><\/li>\n<li><a href=\"https:\/\/mshm.pl\/en\/photo-galleries\/parents-and-children\/\">Parents and Children<\/a><\/li>\n<li><a href=\"https:\/\/mshm.pl\/en\/photo-galleries\/archiwalne-warsztaty-historyczno-artystyczne\/\">Historical-artistic workshop<\/a><\/li>\n<li><a href=\"https:\/\/mshm.pl\/en\/photo-galleries\/for-groups-museum-lessons-and-workshops\/\">For Groups - Museum Lessons and Workshops<\/a><\/li>\n<li><a href=\"https:\/\/mshm.pl\/en\/photo-galleries\/concerts\/\">Concerts<\/a><\/li>\n<li><a href=\"https:\/\/mshm.pl\/en\/photo-galleries\/temporary-exhibitions\/\">Temporary exhibitions<\/a><\/li>\n<li><a href=\"https:\/\/mshm.pl\/en\/photo-galleries\/wystawa-stala\/\">Core exhibition<\/a><\/li>\n<li><a href=\"https:\/\/mshm.pl\/en\/photo-galleries\/awards-and-acknowledgements\/\">Awards and acknowledgements<\/a><\/li>\n<li><a href=\"https:\/\/mshm.pl\/en\/photo-galleries\/badania-wykopaliskowe\/\">Excavations<\/a><\/li>\n<li><a href=\"https:\/\/mshm.pl\/en\/photo-galleries\/collection\/\">Collection<\/a><\/li>\n<li><a href=\"https:\/\/mshm.pl\/en\/photo-galleries\/mazovian-centre-of-metallurgy\/\">Mazovian Centre of Metallurgy<\/a><\/li>\n<li><a href=\"https:\/\/mshm.pl\/en\/photo-galleries\/polish-archaeological-record\/\">Polish Archaeological Record<\/a><\/li>\n<li><a href=\"https:\/\/mshm.pl\/en\/photo-galleries\/patron\/\">Patron<\/a><\/li>\n<li><a href=\"https:\/\/mshm.pl\/en\/photo-galleries\/from-the-museum-history\/\">From the Museum History<\/a><\/li>\n<li><a href=\"https:\/\/mshm.pl\/en\/photo-galleries\/seat\/\">Seat<\/a><\/li>\n<li><a href=\"https:\/\/mshm.pl\/en\/photo-galleries\/kleszewo\/\">Kleszewo project<\/a><\/li>\n<\/ul>\n<\/div>\n","protected":false},"excerpt":{"rendered":"","protected":false},"author":1,"featured_media":0,"parent":0,"menu_order":1000,"comment_status":"closed","ping_status":"closed","template":"","meta":{"_acf_changed":false,"footnotes":""},"class_list":["post-4015","page","type-page","status-publish","hentry"],"acf":[],"yoast_head":"<!-- This site is optimized with the Yoast SEO plugin v27.2 - https:\/\/yoast.com\/product\/yoast-seo-wordpress\/ -->\n<title>Sitemap - Muzeum Staro\u017cytnego Hutnictwa Mazowieckiego<\/title>\n<meta name=\"robots\" content=\"index, follow, max-snippet:-1, max-image-preview:large, max-video-preview:-1\" \/>\n<link rel=\"canonical\" href=\"https:\/\/mshm.pl\/en\/sitemap\/\" \/>\n<meta property=\"og:locale\" content=\"en_US\" \/>\n<meta property=\"og:type\" content=\"article\" \/>\n<meta property=\"og:title\" content=\"Sitemap - Muzeum Staro\u017cytnego Hutnictwa Mazowieckiego\" \/>\n<meta property=\"og:url\" content=\"https:\/\/mshm.pl\/en\/sitemap\/\" \/>\n<meta property=\"og:site_name\" content=\"Muzeum Staro\u017cytnego Hutnictwa Mazowieckiego\" \/>\n<meta property=\"article:publisher\" content=\"https:\/\/www.facebook.com\/pruszkow.mshm\" \/>\n<meta property=\"article:modified_time\" content=\"2022-02-17T11:55:13+00:00\" \/>\n<meta name=\"twitter:card\" content=\"summary_large_image\" \/>\n<meta name=\"twitter:label1\" content=\"Est. reading time\" \/>\n\t<meta name=\"twitter:data1\" content=\"1 minute\" \/>\n<script type=\"application\/ld+json\" class=\"yoast-schema-graph\">{\"@context\":\"https:\/\/schema.org\",\"@graph\":[{\"@type\":\"WebPage\",\"@id\":\"https:\/\/mshm.pl\/en\/sitemap\/\",\"url\":\"https:\/\/mshm.pl\/en\/sitemap\/\",\"name\":\"Sitemap - Muzeum Staro\u017cytnego Hutnictwa Mazowieckiego\",\"isPartOf\":{\"@id\":\"https:\/\/mshm.pl\/en\/#website\"},\"datePublished\":\"2021-12-31T23:45:00+00:00\",\"dateModified\":\"2022-02-17T11:55:13+00:00\",\"breadcrumb\":{\"@id\":\"https:\/\/mshm.pl\/en\/sitemap\/#breadcrumb\"},\"inLanguage\":\"en-US\",\"potentialAction\":[{\"@type\":\"ReadAction\",\"target\":[\"https:\/\/mshm.pl\/en\/sitemap\/\"]}]},{\"@type\":\"BreadcrumbList\",\"@id\":\"https:\/\/mshm.pl\/en\/sitemap\/#breadcrumb\",\"itemListElement\":[{\"@type\":\"ListItem\",\"position\":1,\"name\":\"Strona g\u0142\u00f3wna\",\"item\":\"https:\/\/mshm.pl\/en\/\"},{\"@type\":\"ListItem\",\"position\":2,\"name\":\"Sitemap\"}]},{\"@type\":\"WebSite\",\"@id\":\"https:\/\/mshm.pl\/en\/#website\",\"url\":\"https:\/\/mshm.pl\/en\/\",\"name\":\"Muzeum Staro\u017cytnego Hutnictwa Mazowieckiego\",\"description\":\"Muzeum Staro\u017cytnego Hutnictwa Mazowieckiego im. Stefana Woydy w Pruszkowie zajmuje si\u0119 badaniem, ochron\u0105 i promocj\u0105 unikatowego w skali Europy dziedzictwa pradziejowego, kt\u00f3rym jest Mazowieckie Centrum Metalurgiczne\",\"publisher\":{\"@id\":\"https:\/\/mshm.pl\/en\/#organization\"},\"potentialAction\":[{\"@type\":\"SearchAction\",\"target\":{\"@type\":\"EntryPoint\",\"urlTemplate\":\"https:\/\/mshm.pl\/en\/?s={search_term_string}\"},\"query-input\":{\"@type\":\"PropertyValueSpecification\",\"valueRequired\":true,\"valueName\":\"search_term_string\"}}],\"inLanguage\":\"en-US\"},{\"@type\":\"Organization\",\"@id\":\"https:\/\/mshm.pl\/en\/#organization\",\"name\":\"MSMH\",\"url\":\"https:\/\/mshm.pl\/en\/\",\"logo\":{\"@type\":\"ImageObject\",\"inLanguage\":\"en-US\",\"@id\":\"https:\/\/mshm.pl\/en\/#\/schema\/logo\/image\/\",\"url\":\"https:\/\/mshm.pl\/wp-content\/uploads\/2022\/03\/mshm-logo.png\",\"contentUrl\":\"https:\/\/mshm.pl\/wp-content\/uploads\/2022\/03\/mshm-logo.png\",\"width\":1997,\"height\":600,\"caption\":\"MSMH\"},\"image\":{\"@id\":\"https:\/\/mshm.pl\/en\/#\/schema\/logo\/image\/\"},\"sameAs\":[\"https:\/\/www.facebook.com\/pruszkow.mshm\",\"https:\/\/www.instagram.com\/muzeum_shm\/\",\"https:\/\/www.youtube.com\/channel\/UCXP_VzVPrFu9Bj3I8r89xdw\"]}]}<\/script>\n<!-- \/ Yoast SEO plugin. -->","yoast_head_json":{"title":"Sitemap - Muzeum Staro\u017cytnego Hutnictwa Mazowieckiego","robots":{"index":"index","follow":"follow","max-snippet":"max-snippet:-1","max-image-preview":"max-image-preview:large","max-video-preview":"max-video-preview:-1"},"canonical":"https:\/\/mshm.pl\/en\/sitemap\/","og_locale":"en_US","og_type":"article","og_title":"Sitemap - Muzeum Staro\u017cytnego Hutnictwa Mazowieckiego","og_url":"https:\/\/mshm.pl\/en\/sitemap\/","og_site_name":"Muzeum Staro\u017cytnego Hutnictwa Mazowieckiego","article_publisher":"https:\/\/www.facebook.com\/pruszkow.mshm","article_modified_time":"2022-02-17T11:55:13+00:00","twitter_card":"summary_large_image","twitter_misc":{"Est. reading time":"1 minute"},"schema":{"@context":"https:\/\/schema.org","@graph":[{"@type":"WebPage","@id":"https:\/\/mshm.pl\/en\/sitemap\/","url":"https:\/\/mshm.pl\/en\/sitemap\/","name":"Sitemap - Muzeum Staro\u017cytnego Hutnictwa Mazowieckiego","isPartOf":{"@id":"https:\/\/mshm.pl\/en\/#website"},"datePublished":"2021-12-31T23:45:00+00:00","dateModified":"2022-02-17T11:55:13+00:00","breadcrumb":{"@id":"https:\/\/mshm.pl\/en\/sitemap\/#breadcrumb"},"inLanguage":"en-US","potentialAction":[{"@type":"ReadAction","target":["https:\/\/mshm.pl\/en\/sitemap\/"]}]},{"@type":"BreadcrumbList","@id":"https:\/\/mshm.pl\/en\/sitemap\/#breadcrumb","itemListElement":[{"@type":"ListItem","position":1,"name":"Strona g\u0142\u00f3wna","item":"https:\/\/mshm.pl\/en\/"},{"@type":"ListItem","position":2,"name":"Sitemap"}]},{"@type":"WebSite","@id":"https:\/\/mshm.pl\/en\/#website","url":"https:\/\/mshm.pl\/en\/","name":"Muzeum Staro\u017cytnego Hutnictwa Mazowieckiego","description":"Muzeum Staro\u017cytnego Hutnictwa Mazowieckiego im. Stefana Woydy w Pruszkowie zajmuje si\u0119 badaniem, ochron\u0105 i promocj\u0105 unikatowego w skali Europy dziedzictwa pradziejowego, kt\u00f3rym jest Mazowieckie Centrum Metalurgiczne","publisher":{"@id":"https:\/\/mshm.pl\/en\/#organization"},"potentialAction":[{"@type":"SearchAction","target":{"@type":"EntryPoint","urlTemplate":"https:\/\/mshm.pl\/en\/?s={search_term_string}"},"query-input":{"@type":"PropertyValueSpecification","valueRequired":true,"valueName":"search_term_string"}}],"inLanguage":"en-US"},{"@type":"Organization","@id":"https:\/\/mshm.pl\/en\/#organization","name":"MSMH","url":"https:\/\/mshm.pl\/en\/","logo":{"@type":"ImageObject","inLanguage":"en-US","@id":"https:\/\/mshm.pl\/en\/#\/schema\/logo\/image\/","url":"https:\/\/mshm.pl\/wp-content\/uploads\/2022\/03\/mshm-logo.png","contentUrl":"https:\/\/mshm.pl\/wp-content\/uploads\/2022\/03\/mshm-logo.png","width":1997,"height":600,"caption":"MSMH"},"image":{"@id":"https:\/\/mshm.pl\/en\/#\/schema\/logo\/image\/"},"sameAs":["https:\/\/www.facebook.com\/pruszkow.mshm","https:\/\/www.instagram.com\/muzeum_shm\/","https:\/\/www.youtube.com\/channel\/UCXP_VzVPrFu9Bj3I8r89xdw"]}]}},"_links":{"self":[{"href":"https:\/\/mshm.pl\/en\/wp-json\/wp\/v2\/pages\/4015","targetHints":{"allow":["GET"]}}],"collection":[{"href":"https:\/\/mshm.pl\/en\/wp-json\/wp\/v2\/pages"}],"about":[{"href":"https:\/\/mshm.pl\/en\/wp-json\/wp\/v2\/types\/page"}],"author":[{"embeddable":true,"href":"https:\/\/mshm.pl\/en\/wp-json\/wp\/v2\/users\/1"}],"replies":[{"embeddable":true,"href":"https:\/\/mshm.pl\/en\/wp-json\/wp\/v2\/comments?post=4015"}],"version-history":[{"count":0,"href":"https:\/\/mshm.pl\/en\/wp-json\/wp\/v2\/pages\/4015\/revisions"}],"wp:attachment":[{"href":"https:\/\/mshm.pl\/en\/wp-json\/wp\/v2\/media?parent=4015"}],"curies":[{"name":"wp","href":"https:\/\/api.w.org\/{rel}","templated":true}]}}