{"id":3920,"date":"2022-01-04T19:50:00","date_gmt":"2022-01-04T18:50:00","guid":{"rendered":"https:\/\/mshm.pl\/?page_id=3920"},"modified":"2022-02-18T12:45:50","modified_gmt":"2022-02-18T11:45:50","slug":"about-us","status":"publish","type":"page","link":"https:\/\/mshm.pl\/en\/about-us\/","title":{"rendered":"About us"},"content":{"rendered":"\n<p>THE STEFAN WOYDA MUSEUM OF ANCIENT MAZOVIAN METALLURGY IN PRUSZK\u00d3W explores and protects the unique pre-historic heritage of the&nbsp;Mazovian Centre of Metallurgy \u2013 the second largest iron smelting centre of Barbarian Europe. In carrying out its mission, the Museum takes special care of its unique archaeological collection and organises numerous education and outreach events. As a \u201cliving institution\u201d, it is a meeting place for people of science and culture, and a place open to the local community. The Museum also carries out many events and workshops outside its walls.<\/p>\n","protected":false},"excerpt":{"rendered":"<p>THE STEFAN WOYDA MUSEUM OF ANCIENT MAZOVIAN METALLURGY IN PRUSZK\u00d3W explores and protects the unique pre-historic heritage of the&nbsp;Mazovian Centre of Metallurgy \u2013 the second largest iron smelting centre of Barbarian Europe. In carrying out its mission, the Museum takes special care of its unique archaeological collection and organises numerous education and outreach events. As a \u201cliving institution\u201d, it is a meeting place for people of science and culture, and a place open to the local community. The Museum also carries out many events and workshops outside its walls.<\/p>\n","protected":false},"author":1,"featured_media":3346,"parent":0,"menu_order":4,"comment_status":"closed","ping_status":"closed","template":"","meta":{"_acf_changed":false,"footnotes":""},"class_list":["post-3920","page","type-page","status-publish","has-post-thumbnail","hentry"],"acf":[],"yoast_head":"<!-- This site is optimized with the Yoast SEO plugin v27.5 - https:\/\/yoast.com\/product\/yoast-seo-wordpress\/ -->\n<title>About us - Muzeum Staro\u017cytnego Hutnictwa Mazowieckiego<\/title>\n<meta name=\"robots\" content=\"index, follow, max-snippet:-1, max-image-preview:large, max-video-preview:-1\" \/>\n<link rel=\"canonical\" href=\"https:\/\/mshm.pl\/en\/about-us\/\" \/>\n<meta property=\"og:locale\" content=\"en_US\" \/>\n<meta property=\"og:type\" content=\"article\" \/>\n<meta property=\"og:title\" content=\"About us - Muzeum Staro\u017cytnego Hutnictwa Mazowieckiego\" \/>\n<meta property=\"og:description\" content=\"THE STEFAN WOYDA MUSEUM OF ANCIENT MAZOVIAN METALLURGY IN PRUSZK\u00d3W explores and protects the unique pre-historic heritage of the&nbsp;Mazovian Centre of Metallurgy \u2013 the second largest iron smelting centre of Barbarian Europe. In carrying out its mission, the Museum takes special care of its unique archaeological collection and organises numerous education and outreach events. As a \u201cliving institution\u201d, it is a meeting place for people of science and culture, and a place open to the local community. The Museum also carries out many events and workshops outside its walls.\" \/>\n<meta property=\"og:url\" content=\"https:\/\/mshm.pl\/en\/about-us\/\" \/>\n<meta property=\"og:site_name\" content=\"Muzeum Staro\u017cytnego Hutnictwa Mazowieckiego\" \/>\n<meta property=\"article:publisher\" content=\"https:\/\/www.facebook.com\/pruszkow.mshm\" \/>\n<meta property=\"article:modified_time\" content=\"2022-02-18T11:45:50+00:00\" \/>\n<meta property=\"og:image\" content=\"https:\/\/mshm.pl\/wp-content\/uploads\/2022\/01\/mshm-siedziba-z-lotu-ptaka.jpg\" \/>\n\t<meta property=\"og:image:width\" content=\"1920\" \/>\n\t<meta property=\"og:image:height\" content=\"680\" \/>\n\t<meta property=\"og:image:type\" content=\"image\/jpeg\" \/>\n<meta name=\"twitter:card\" content=\"summary_large_image\" \/>\n<meta name=\"twitter:label1\" content=\"Est. reading time\" \/>\n\t<meta name=\"twitter:data1\" content=\"1 minute\" \/>\n<script type=\"application\/ld+json\" class=\"yoast-schema-graph\">{\"@context\":\"https:\\\/\\\/schema.org\",\"@graph\":[{\"@type\":\"WebPage\",\"@id\":\"https:\\\/\\\/mshm.pl\\\/en\\\/about-us\\\/\",\"url\":\"https:\\\/\\\/mshm.pl\\\/en\\\/about-us\\\/\",\"name\":\"About us - Muzeum Staro\u017cytnego Hutnictwa Mazowieckiego\",\"isPartOf\":{\"@id\":\"https:\\\/\\\/mshm.pl\\\/en\\\/#website\"},\"primaryImageOfPage\":{\"@id\":\"https:\\\/\\\/mshm.pl\\\/en\\\/about-us\\\/#primaryimage\"},\"image\":{\"@id\":\"https:\\\/\\\/mshm.pl\\\/en\\\/about-us\\\/#primaryimage\"},\"thumbnailUrl\":\"https:\\\/\\\/mshm.pl\\\/wp-content\\\/uploads\\\/2022\\\/01\\\/mshm-siedziba-z-lotu-ptaka.jpg\",\"datePublished\":\"2022-01-04T18:50:00+00:00\",\"dateModified\":\"2022-02-18T11:45:50+00:00\",\"breadcrumb\":{\"@id\":\"https:\\\/\\\/mshm.pl\\\/en\\\/about-us\\\/#breadcrumb\"},\"inLanguage\":\"en-US\",\"potentialAction\":[{\"@type\":\"ReadAction\",\"target\":[\"https:\\\/\\\/mshm.pl\\\/en\\\/about-us\\\/\"]}]},{\"@type\":\"ImageObject\",\"inLanguage\":\"en-US\",\"@id\":\"https:\\\/\\\/mshm.pl\\\/en\\\/about-us\\\/#primaryimage\",\"url\":\"https:\\\/\\\/mshm.pl\\\/wp-content\\\/uploads\\\/2022\\\/01\\\/mshm-siedziba-z-lotu-ptaka.jpg\",\"contentUrl\":\"https:\\\/\\\/mshm.pl\\\/wp-content\\\/uploads\\\/2022\\\/01\\\/mshm-siedziba-z-lotu-ptaka.jpg\",\"width\":1920,\"height\":680,\"caption\":\"Seat\"},{\"@type\":\"BreadcrumbList\",\"@id\":\"https:\\\/\\\/mshm.pl\\\/en\\\/about-us\\\/#breadcrumb\",\"itemListElement\":[{\"@type\":\"ListItem\",\"position\":1,\"name\":\"Strona g\u0142\u00f3wna\",\"item\":\"https:\\\/\\\/mshm.pl\\\/en\\\/\"},{\"@type\":\"ListItem\",\"position\":2,\"name\":\"About us\"}]},{\"@type\":\"WebSite\",\"@id\":\"https:\\\/\\\/mshm.pl\\\/en\\\/#website\",\"url\":\"https:\\\/\\\/mshm.pl\\\/en\\\/\",\"name\":\"Muzeum Staro\u017cytnego Hutnictwa Mazowieckiego\",\"description\":\"Muzeum Staro\u017cytnego Hutnictwa Mazowieckiego im. Stefana Woydy w Pruszkowie zajmuje si\u0119 badaniem, ochron\u0105 i promocj\u0105 unikatowego w skali Europy dziedzictwa pradziejowego, kt\u00f3rym jest Mazowieckie Centrum Metalurgiczne\",\"publisher\":{\"@id\":\"https:\\\/\\\/mshm.pl\\\/en\\\/#organization\"},\"potentialAction\":[{\"@type\":\"SearchAction\",\"target\":{\"@type\":\"EntryPoint\",\"urlTemplate\":\"https:\\\/\\\/mshm.pl\\\/en\\\/?s={search_term_string}\"},\"query-input\":{\"@type\":\"PropertyValueSpecification\",\"valueRequired\":true,\"valueName\":\"search_term_string\"}}],\"inLanguage\":\"en-US\"},{\"@type\":\"Organization\",\"@id\":\"https:\\\/\\\/mshm.pl\\\/en\\\/#organization\",\"name\":\"MSMH\",\"url\":\"https:\\\/\\\/mshm.pl\\\/en\\\/\",\"logo\":{\"@type\":\"ImageObject\",\"inLanguage\":\"en-US\",\"@id\":\"https:\\\/\\\/mshm.pl\\\/en\\\/#\\\/schema\\\/logo\\\/image\\\/\",\"url\":\"https:\\\/\\\/mshm.pl\\\/wp-content\\\/uploads\\\/2022\\\/03\\\/mshm-logo.png\",\"contentUrl\":\"https:\\\/\\\/mshm.pl\\\/wp-content\\\/uploads\\\/2022\\\/03\\\/mshm-logo.png\",\"width\":1997,\"height\":600,\"caption\":\"MSMH\"},\"image\":{\"@id\":\"https:\\\/\\\/mshm.pl\\\/en\\\/#\\\/schema\\\/logo\\\/image\\\/\"},\"sameAs\":[\"https:\\\/\\\/www.facebook.com\\\/pruszkow.mshm\",\"https:\\\/\\\/www.instagram.com\\\/muzeum_shm\\\/\",\"https:\\\/\\\/www.youtube.com\\\/channel\\\/UCXP_VzVPrFu9Bj3I8r89xdw\"]}]}<\/script>\n<!-- \/ Yoast SEO plugin. -->","yoast_head_json":{"title":"About us - Muzeum Staro\u017cytnego Hutnictwa Mazowieckiego","robots":{"index":"index","follow":"follow","max-snippet":"max-snippet:-1","max-image-preview":"max-image-preview:large","max-video-preview":"max-video-preview:-1"},"canonical":"https:\/\/mshm.pl\/en\/about-us\/","og_locale":"en_US","og_type":"article","og_title":"About us - Muzeum Staro\u017cytnego Hutnictwa Mazowieckiego","og_description":"THE STEFAN WOYDA MUSEUM OF ANCIENT MAZOVIAN METALLURGY IN PRUSZK\u00d3W explores and protects the unique pre-historic heritage of the&nbsp;Mazovian Centre of Metallurgy \u2013 the second largest iron smelting centre of Barbarian Europe. In carrying out its mission, the Museum takes special care of its unique archaeological collection and organises numerous education and outreach events. As a \u201cliving institution\u201d, it is a meeting place for people of science and culture, and a place open to the local community. The Museum also carries out many events and workshops outside its walls.","og_url":"https:\/\/mshm.pl\/en\/about-us\/","og_site_name":"Muzeum Staro\u017cytnego Hutnictwa Mazowieckiego","article_publisher":"https:\/\/www.facebook.com\/pruszkow.mshm","article_modified_time":"2022-02-18T11:45:50+00:00","og_image":[{"width":1920,"height":680,"url":"https:\/\/mshm.pl\/wp-content\/uploads\/2022\/01\/mshm-siedziba-z-lotu-ptaka.jpg","type":"image\/jpeg"}],"twitter_card":"summary_large_image","twitter_misc":{"Est. reading time":"1 minute"},"schema":{"@context":"https:\/\/schema.org","@graph":[{"@type":"WebPage","@id":"https:\/\/mshm.pl\/en\/about-us\/","url":"https:\/\/mshm.pl\/en\/about-us\/","name":"About us - Muzeum Staro\u017cytnego Hutnictwa Mazowieckiego","isPartOf":{"@id":"https:\/\/mshm.pl\/en\/#website"},"primaryImageOfPage":{"@id":"https:\/\/mshm.pl\/en\/about-us\/#primaryimage"},"image":{"@id":"https:\/\/mshm.pl\/en\/about-us\/#primaryimage"},"thumbnailUrl":"https:\/\/mshm.pl\/wp-content\/uploads\/2022\/01\/mshm-siedziba-z-lotu-ptaka.jpg","datePublished":"2022-01-04T18:50:00+00:00","dateModified":"2022-02-18T11:45:50+00:00","breadcrumb":{"@id":"https:\/\/mshm.pl\/en\/about-us\/#breadcrumb"},"inLanguage":"en-US","potentialAction":[{"@type":"ReadAction","target":["https:\/\/mshm.pl\/en\/about-us\/"]}]},{"@type":"ImageObject","inLanguage":"en-US","@id":"https:\/\/mshm.pl\/en\/about-us\/#primaryimage","url":"https:\/\/mshm.pl\/wp-content\/uploads\/2022\/01\/mshm-siedziba-z-lotu-ptaka.jpg","contentUrl":"https:\/\/mshm.pl\/wp-content\/uploads\/2022\/01\/mshm-siedziba-z-lotu-ptaka.jpg","width":1920,"height":680,"caption":"Seat"},{"@type":"BreadcrumbList","@id":"https:\/\/mshm.pl\/en\/about-us\/#breadcrumb","itemListElement":[{"@type":"ListItem","position":1,"name":"Strona g\u0142\u00f3wna","item":"https:\/\/mshm.pl\/en\/"},{"@type":"ListItem","position":2,"name":"About us"}]},{"@type":"WebSite","@id":"https:\/\/mshm.pl\/en\/#website","url":"https:\/\/mshm.pl\/en\/","name":"Muzeum Staro\u017cytnego Hutnictwa Mazowieckiego","description":"Muzeum Staro\u017cytnego Hutnictwa Mazowieckiego im. Stefana Woydy w Pruszkowie zajmuje si\u0119 badaniem, ochron\u0105 i promocj\u0105 unikatowego w skali Europy dziedzictwa pradziejowego, kt\u00f3rym jest Mazowieckie Centrum Metalurgiczne","publisher":{"@id":"https:\/\/mshm.pl\/en\/#organization"},"potentialAction":[{"@type":"SearchAction","target":{"@type":"EntryPoint","urlTemplate":"https:\/\/mshm.pl\/en\/?s={search_term_string}"},"query-input":{"@type":"PropertyValueSpecification","valueRequired":true,"valueName":"search_term_string"}}],"inLanguage":"en-US"},{"@type":"Organization","@id":"https:\/\/mshm.pl\/en\/#organization","name":"MSMH","url":"https:\/\/mshm.pl\/en\/","logo":{"@type":"ImageObject","inLanguage":"en-US","@id":"https:\/\/mshm.pl\/en\/#\/schema\/logo\/image\/","url":"https:\/\/mshm.pl\/wp-content\/uploads\/2022\/03\/mshm-logo.png","contentUrl":"https:\/\/mshm.pl\/wp-content\/uploads\/2022\/03\/mshm-logo.png","width":1997,"height":600,"caption":"MSMH"},"image":{"@id":"https:\/\/mshm.pl\/en\/#\/schema\/logo\/image\/"},"sameAs":["https:\/\/www.facebook.com\/pruszkow.mshm","https:\/\/www.instagram.com\/muzeum_shm\/","https:\/\/www.youtube.com\/channel\/UCXP_VzVPrFu9Bj3I8r89xdw"]}]}},"_links":{"self":[{"href":"https:\/\/mshm.pl\/en\/wp-json\/wp\/v2\/pages\/3920","targetHints":{"allow":["GET"]}}],"collection":[{"href":"https:\/\/mshm.pl\/en\/wp-json\/wp\/v2\/pages"}],"about":[{"href":"https:\/\/mshm.pl\/en\/wp-json\/wp\/v2\/types\/page"}],"author":[{"embeddable":true,"href":"https:\/\/mshm.pl\/en\/wp-json\/wp\/v2\/users\/1"}],"replies":[{"embeddable":true,"href":"https:\/\/mshm.pl\/en\/wp-json\/wp\/v2\/comments?post=3920"}],"version-history":[{"count":0,"href":"https:\/\/mshm.pl\/en\/wp-json\/wp\/v2\/pages\/3920\/revisions"}],"wp:featuredmedia":[{"embeddable":true,"href":"https:\/\/mshm.pl\/en\/wp-json\/wp\/v2\/media\/3346"}],"wp:attachment":[{"href":"https:\/\/mshm.pl\/en\/wp-json\/wp\/v2\/media?parent=3920"}],"curies":[{"name":"wp","href":"https:\/\/api.w.org\/{rel}","templated":true}]}}