{"id":3916,"date":"2022-01-13T19:55:41","date_gmt":"2022-01-13T18:55:41","guid":{"rendered":"https:\/\/mshm.pl\/?page_id=3916"},"modified":"2022-02-18T12:27:47","modified_gmt":"2022-02-18T11:27:47","slug":"awards-and-acknowledgements","status":"publish","type":"page","link":"https:\/\/mshm.pl\/en\/about-us\/awards-and-acknowledgements\/","title":{"rendered":"Awards and acknowledgements"},"content":{"rendered":"\n<p><strong>1991<\/strong> \u2013 Award of the Ministry of Culture and Art for educational activity in the Museum Event of the Year competition (Najciekawsze Wydarzenie Muzealne Roku)<\/p>\n\n\n\n<p><strong>1993<\/strong> \u2013 1st prize of the Ministry of Culture and Art for the core exhibition:&nbsp;<em>Time of Iron. Mazovian Centre of Metallurgy from the Roman Age (Czas \u017belaza. Mazowieckie Centrum Metalurgiczne z epoki Imperium Rzymskiego)<\/em> in the Museum Event of the Year competition (Najciekawsze Wydarzenie Muzealne Roku)<\/p>\n\n\n\n<p><strong>2004<\/strong> \u2013 <em>Urbs Nova<\/em> award of the Mayor of Pruszk\u00f3w granted to Stefan Woyda for his achievements in archaeology, for promotion of Pruszk\u00f3w in Poland and for concerts of classical music organised at the Museum<\/p>\n\n\n\n<p><strong>2010<\/strong> \u2013 1st prize for the 1st edition of historical-artistic workshops <em>A long, long time ago\u2026<\/em> (<em>Dawno, dawno temu\u2026)&nbsp;<\/em>in the Mazovian Museum Event \u2013 Wierzba competition (Mazowieckie Zdarzenia Muzealne \u2013 Wierzba)<\/p>\n\n\n\n<p><strong>2012<\/strong> 1st prize for the 4th edition of historical-artistic workshops <em>We, the Barbarians<\/em> (<em>My Barbarzy\u0144cy)\u2026&nbsp;<\/em>in the Mazovian Museum Event \u2013 Wierzba competition (Mazowieckie Zdarzenia Muzealne \u2013 Wierzba)<\/p>\n\n\n\n<p><strong>2013<\/strong> \u2013 honourable mention for the 5th edition of historical-artistic workshops <em>The m<\/em><em>yths of ancient iron-masters<\/em> (<em>Mity staro\u017cytnych hutnik\u00f3w<\/em>) in the Mazovian Museum Event \u2013 Wierzba competition (Mazowieckie Zdarzenia Muzealne \u2013 Wierzba)<\/p>\n\n\n\n<p><strong>2014<\/strong> \u2013 2nd prize for <em>Piecowiska Stare<\/em> archaeological f\u00eate organised during the 15th edition of Pruszk\u00f3w City Days in the Mazovian Museum Event \u2013 Wierzba competition (Mazowieckie Zdarzenia Muzealne \u2013 Wierzba)<\/p>\n\n\n\n<p><strong>2015<\/strong> \u2013 1st prize for&nbsp;<em>Daybreak \u2013 Mazovian Centre of Metallurgy from the turn of the eras<\/em> in the \u201cExhibition Design by Smaller Museums\u201d category in the Mazovian Museum Event \u2013 Wierzba competition (Mazowieckie Zdarzenia Muzealne \u2013 Wierzba)<\/p>\n\n\n\n<p><strong>2015<\/strong> \u2013 honourable mention (\u201copen\u201d category) for <em>Piecowiska Stare<\/em>, archaeological f\u00eate organised during the 16th edition of Pruszk\u00f3w City Days in the Mazovian Museum Event \u2013 Wierzba competition (Mazowieckie Zdarzenia Muzealne \u2013 Wierzba)<\/p>\n\n\n\n<p><strong>2015<\/strong> \u2013 honourable mention (category \u2013 Education) for the 7th edition of historical-artistic workshops <em>King Casmir\u2019s Feast (Uczta Kr\u00f3la Kazimierza) <\/em>in the Mazovian Museum Event \u2013 Wierzba competition (Mazowieckie Zdarzenia Muzealne \u2013 Wierzba)<\/p>\n\n\n\n<p><strong>2017<\/strong> &#8211; \u201cPro Masovia\u201d Medal awarded by Adam Struzik \u2013 Mazovian Voivodship Marshal \u2013 for exceptional service and activity on behalf of the Mazovian Voivodship Office.<\/p>\n\n\n\n<p><strong>2017<\/strong> &#8211; honourable mention (\u201copen\u201d category) for ARTEfakty \u2013 Pruszk\u00f3w Archaeological Festival in the 11th Mazovian Museum Event \u2013 Wierzba competition (Mazowieckie Zdarzenia Muzealne \u2013 Wierzba)<\/p>\n\n\n\n<p><strong>2017<\/strong> &#8211; honourable mention (category \u2013 Education) for the education project <em>Education Meetings<\/em>: <em>At the origins of the Polish State (Cykl spotka\u0144 edukacyjnych:<\/em> <em>Pocz\u0105tki Pa\u0144stwa Polskiego)<\/em> in the 11th Mazovian Museum Event \u2013 Wierzba competition (Mazowieckie Zdarzenia Muzealne \u2013 Wierzba)<\/p>\n\n\n\n<p><strong>2017<\/strong> \u2013 \u201cBest Tourism Product of Mazovian Voivodship\u201d certificate awarded by the Mazovian Regional Tourism Organisation (Mazowiecka Regionalna Organizacja Turystyczna).<\/p>\n\n\n\n<p><strong>2018<\/strong> \u2013 1st prize in the Mazovian Focus poll (category \u2013 Science and Technology).<\/p>\n\n\n\n<p><strong>2021<\/strong> \u2013 honourable mention (\u201copen\u201d category) for ARTEfakty \u2013 Pruszk\u00f3w Archaeological Festival in the 15th Mazovian Museum Event \u2013 Wierzba competition (Mazowieckie Zdarzenia Muzealne \u2013 Wierzba)<\/p>\n","protected":false},"excerpt":{"rendered":"<p>1991 \u2013 Award of the Ministry of Culture and Art for educational activity in the Museum Event of the Year competition (Najciekawsze Wydarzenie Muzealne Roku) 1993 \u2013 1st prize of the Ministry of Culture and Art for the core exhibition:&nbsp;Time of Iron. Mazovian Centre of Metallurgy from the Roman Age (Czas \u017belaza. Mazowieckie Centrum Metalurgiczne z epoki Imperium Rzymskiego) in the Museum Event of the Year competition (Najciekawsze Wydarzenie Muzealne Roku) 2004 \u2013 Urbs Nova award of the Mayor of Pruszk\u00f3w granted to Stefan Woyda for his achievements in archaeology, for promotion of Pruszk\u00f3w in Poland and for concerts of [&hellip;]<\/p>\n","protected":false},"author":1,"featured_media":3213,"parent":3920,"menu_order":9,"comment_status":"closed","ping_status":"closed","template":"","meta":{"_acf_changed":false,"footnotes":""},"class_list":["post-3916","page","type-page","status-publish","has-post-thumbnail","hentry"],"acf":[],"yoast_head":"<!-- This site is optimized with the Yoast SEO plugin v27.2 - https:\/\/yoast.com\/product\/yoast-seo-wordpress\/ -->\n<title>Awards and acknowledgements - Muzeum Staro\u017cytnego Hutnictwa Mazowieckiego<\/title>\n<meta name=\"robots\" content=\"index, follow, max-snippet:-1, max-image-preview:large, max-video-preview:-1\" \/>\n<link rel=\"canonical\" href=\"https:\/\/mshm.pl\/en\/about-us\/awards-and-acknowledgements\/\" \/>\n<meta property=\"og:locale\" content=\"en_US\" \/>\n<meta property=\"og:type\" content=\"article\" \/>\n<meta property=\"og:title\" content=\"Awards and acknowledgements - Muzeum Staro\u017cytnego Hutnictwa Mazowieckiego\" \/>\n<meta property=\"og:description\" content=\"1991 \u2013 Award of the Ministry of Culture and Art for educational activity in the Museum Event of the Year competition (Najciekawsze Wydarzenie Muzealne Roku) 1993 \u2013 1st prize of the Ministry of Culture and Art for the core exhibition:&nbsp;Time of Iron. Mazovian Centre of Metallurgy from the Roman Age (Czas \u017belaza. Mazowieckie Centrum Metalurgiczne z epoki Imperium Rzymskiego) in the Museum Event of the Year competition (Najciekawsze Wydarzenie Muzealne Roku) 2004 \u2013 Urbs Nova award of the Mayor of Pruszk\u00f3w granted to Stefan Woyda for his achievements in archaeology, for promotion of Pruszk\u00f3w in Poland and for concerts of [&hellip;]\" \/>\n<meta property=\"og:url\" content=\"https:\/\/mshm.pl\/en\/about-us\/awards-and-acknowledgements\/\" \/>\n<meta property=\"og:site_name\" content=\"Muzeum Staro\u017cytnego Hutnictwa Mazowieckiego\" \/>\n<meta property=\"article:publisher\" content=\"https:\/\/www.facebook.com\/pruszkow.mshm\" \/>\n<meta property=\"article:modified_time\" content=\"2022-02-18T11:27:47+00:00\" \/>\n<meta property=\"og:image\" content=\"https:\/\/mshm.pl\/wp-content\/uploads\/2022\/01\/mshm-nagrody-i-wyroznienia.jpg\" \/>\n\t<meta property=\"og:image:width\" content=\"1920\" \/>\n\t<meta property=\"og:image:height\" content=\"680\" \/>\n\t<meta property=\"og:image:type\" content=\"image\/jpeg\" \/>\n<meta name=\"twitter:card\" content=\"summary_large_image\" \/>\n<meta name=\"twitter:label1\" content=\"Est. reading time\" \/>\n\t<meta name=\"twitter:data1\" content=\"3 minutes\" \/>\n<script type=\"application\/ld+json\" class=\"yoast-schema-graph\">{\"@context\":\"https:\/\/schema.org\",\"@graph\":[{\"@type\":\"WebPage\",\"@id\":\"https:\/\/mshm.pl\/en\/about-us\/awards-and-acknowledgements\/\",\"url\":\"https:\/\/mshm.pl\/en\/about-us\/awards-and-acknowledgements\/\",\"name\":\"Awards and acknowledgements - Muzeum Staro\u017cytnego Hutnictwa Mazowieckiego\",\"isPartOf\":{\"@id\":\"https:\/\/mshm.pl\/en\/#website\"},\"primaryImageOfPage\":{\"@id\":\"https:\/\/mshm.pl\/en\/about-us\/awards-and-acknowledgements\/#primaryimage\"},\"image\":{\"@id\":\"https:\/\/mshm.pl\/en\/about-us\/awards-and-acknowledgements\/#primaryimage\"},\"thumbnailUrl\":\"https:\/\/mshm.pl\/wp-content\/uploads\/2022\/01\/mshm-nagrody-i-wyroznienia.jpg\",\"datePublished\":\"2022-01-13T18:55:41+00:00\",\"dateModified\":\"2022-02-18T11:27:47+00:00\",\"breadcrumb\":{\"@id\":\"https:\/\/mshm.pl\/en\/about-us\/awards-and-acknowledgements\/#breadcrumb\"},\"inLanguage\":\"en-US\",\"potentialAction\":[{\"@type\":\"ReadAction\",\"target\":[\"https:\/\/mshm.pl\/en\/about-us\/awards-and-acknowledgements\/\"]}]},{\"@type\":\"ImageObject\",\"inLanguage\":\"en-US\",\"@id\":\"https:\/\/mshm.pl\/en\/about-us\/awards-and-acknowledgements\/#primaryimage\",\"url\":\"https:\/\/mshm.pl\/wp-content\/uploads\/2022\/01\/mshm-nagrody-i-wyroznienia.jpg\",\"contentUrl\":\"https:\/\/mshm.pl\/wp-content\/uploads\/2022\/01\/mshm-nagrody-i-wyroznienia.jpg\",\"width\":1920,\"height\":680,\"caption\":\"Awards and acknowledgements\"},{\"@type\":\"BreadcrumbList\",\"@id\":\"https:\/\/mshm.pl\/en\/about-us\/awards-and-acknowledgements\/#breadcrumb\",\"itemListElement\":[{\"@type\":\"ListItem\",\"position\":1,\"name\":\"Strona g\u0142\u00f3wna\",\"item\":\"https:\/\/mshm.pl\/en\/\"},{\"@type\":\"ListItem\",\"position\":2,\"name\":\"About us\",\"item\":\"https:\/\/mshm.pl\/en\/about-us\/\"},{\"@type\":\"ListItem\",\"position\":3,\"name\":\"Awards and acknowledgements\"}]},{\"@type\":\"WebSite\",\"@id\":\"https:\/\/mshm.pl\/en\/#website\",\"url\":\"https:\/\/mshm.pl\/en\/\",\"name\":\"Muzeum Staro\u017cytnego Hutnictwa Mazowieckiego\",\"description\":\"Muzeum Staro\u017cytnego Hutnictwa Mazowieckiego im. Stefana Woydy w Pruszkowie zajmuje si\u0119 badaniem, ochron\u0105 i promocj\u0105 unikatowego w skali Europy dziedzictwa pradziejowego, kt\u00f3rym jest Mazowieckie Centrum Metalurgiczne\",\"publisher\":{\"@id\":\"https:\/\/mshm.pl\/en\/#organization\"},\"potentialAction\":[{\"@type\":\"SearchAction\",\"target\":{\"@type\":\"EntryPoint\",\"urlTemplate\":\"https:\/\/mshm.pl\/en\/?s={search_term_string}\"},\"query-input\":{\"@type\":\"PropertyValueSpecification\",\"valueRequired\":true,\"valueName\":\"search_term_string\"}}],\"inLanguage\":\"en-US\"},{\"@type\":\"Organization\",\"@id\":\"https:\/\/mshm.pl\/en\/#organization\",\"name\":\"MSMH\",\"url\":\"https:\/\/mshm.pl\/en\/\",\"logo\":{\"@type\":\"ImageObject\",\"inLanguage\":\"en-US\",\"@id\":\"https:\/\/mshm.pl\/en\/#\/schema\/logo\/image\/\",\"url\":\"https:\/\/mshm.pl\/wp-content\/uploads\/2022\/03\/mshm-logo.png\",\"contentUrl\":\"https:\/\/mshm.pl\/wp-content\/uploads\/2022\/03\/mshm-logo.png\",\"width\":1997,\"height\":600,\"caption\":\"MSMH\"},\"image\":{\"@id\":\"https:\/\/mshm.pl\/en\/#\/schema\/logo\/image\/\"},\"sameAs\":[\"https:\/\/www.facebook.com\/pruszkow.mshm\",\"https:\/\/www.instagram.com\/muzeum_shm\/\",\"https:\/\/www.youtube.com\/channel\/UCXP_VzVPrFu9Bj3I8r89xdw\"]}]}<\/script>\n<!-- \/ Yoast SEO plugin. -->","yoast_head_json":{"title":"Awards and acknowledgements - Muzeum Staro\u017cytnego Hutnictwa Mazowieckiego","robots":{"index":"index","follow":"follow","max-snippet":"max-snippet:-1","max-image-preview":"max-image-preview:large","max-video-preview":"max-video-preview:-1"},"canonical":"https:\/\/mshm.pl\/en\/about-us\/awards-and-acknowledgements\/","og_locale":"en_US","og_type":"article","og_title":"Awards and acknowledgements - Muzeum Staro\u017cytnego Hutnictwa Mazowieckiego","og_description":"1991 \u2013 Award of the Ministry of Culture and Art for educational activity in the Museum Event of the Year competition (Najciekawsze Wydarzenie Muzealne Roku) 1993 \u2013 1st prize of the Ministry of Culture and Art for the core exhibition:&nbsp;Time of Iron. Mazovian Centre of Metallurgy from the Roman Age (Czas \u017belaza. Mazowieckie Centrum Metalurgiczne z epoki Imperium Rzymskiego) in the Museum Event of the Year competition (Najciekawsze Wydarzenie Muzealne Roku) 2004 \u2013 Urbs Nova award of the Mayor of Pruszk\u00f3w granted to Stefan Woyda for his achievements in archaeology, for promotion of Pruszk\u00f3w in Poland and for concerts of [&hellip;]","og_url":"https:\/\/mshm.pl\/en\/about-us\/awards-and-acknowledgements\/","og_site_name":"Muzeum Staro\u017cytnego Hutnictwa Mazowieckiego","article_publisher":"https:\/\/www.facebook.com\/pruszkow.mshm","article_modified_time":"2022-02-18T11:27:47+00:00","og_image":[{"width":1920,"height":680,"url":"https:\/\/mshm.pl\/wp-content\/uploads\/2022\/01\/mshm-nagrody-i-wyroznienia.jpg","type":"image\/jpeg"}],"twitter_card":"summary_large_image","twitter_misc":{"Est. reading time":"3 minutes"},"schema":{"@context":"https:\/\/schema.org","@graph":[{"@type":"WebPage","@id":"https:\/\/mshm.pl\/en\/about-us\/awards-and-acknowledgements\/","url":"https:\/\/mshm.pl\/en\/about-us\/awards-and-acknowledgements\/","name":"Awards and acknowledgements - Muzeum Staro\u017cytnego Hutnictwa Mazowieckiego","isPartOf":{"@id":"https:\/\/mshm.pl\/en\/#website"},"primaryImageOfPage":{"@id":"https:\/\/mshm.pl\/en\/about-us\/awards-and-acknowledgements\/#primaryimage"},"image":{"@id":"https:\/\/mshm.pl\/en\/about-us\/awards-and-acknowledgements\/#primaryimage"},"thumbnailUrl":"https:\/\/mshm.pl\/wp-content\/uploads\/2022\/01\/mshm-nagrody-i-wyroznienia.jpg","datePublished":"2022-01-13T18:55:41+00:00","dateModified":"2022-02-18T11:27:47+00:00","breadcrumb":{"@id":"https:\/\/mshm.pl\/en\/about-us\/awards-and-acknowledgements\/#breadcrumb"},"inLanguage":"en-US","potentialAction":[{"@type":"ReadAction","target":["https:\/\/mshm.pl\/en\/about-us\/awards-and-acknowledgements\/"]}]},{"@type":"ImageObject","inLanguage":"en-US","@id":"https:\/\/mshm.pl\/en\/about-us\/awards-and-acknowledgements\/#primaryimage","url":"https:\/\/mshm.pl\/wp-content\/uploads\/2022\/01\/mshm-nagrody-i-wyroznienia.jpg","contentUrl":"https:\/\/mshm.pl\/wp-content\/uploads\/2022\/01\/mshm-nagrody-i-wyroznienia.jpg","width":1920,"height":680,"caption":"Awards and acknowledgements"},{"@type":"BreadcrumbList","@id":"https:\/\/mshm.pl\/en\/about-us\/awards-and-acknowledgements\/#breadcrumb","itemListElement":[{"@type":"ListItem","position":1,"name":"Strona g\u0142\u00f3wna","item":"https:\/\/mshm.pl\/en\/"},{"@type":"ListItem","position":2,"name":"About us","item":"https:\/\/mshm.pl\/en\/about-us\/"},{"@type":"ListItem","position":3,"name":"Awards and acknowledgements"}]},{"@type":"WebSite","@id":"https:\/\/mshm.pl\/en\/#website","url":"https:\/\/mshm.pl\/en\/","name":"Muzeum Staro\u017cytnego Hutnictwa Mazowieckiego","description":"Muzeum Staro\u017cytnego Hutnictwa Mazowieckiego im. Stefana Woydy w Pruszkowie zajmuje si\u0119 badaniem, ochron\u0105 i promocj\u0105 unikatowego w skali Europy dziedzictwa pradziejowego, kt\u00f3rym jest Mazowieckie Centrum Metalurgiczne","publisher":{"@id":"https:\/\/mshm.pl\/en\/#organization"},"potentialAction":[{"@type":"SearchAction","target":{"@type":"EntryPoint","urlTemplate":"https:\/\/mshm.pl\/en\/?s={search_term_string}"},"query-input":{"@type":"PropertyValueSpecification","valueRequired":true,"valueName":"search_term_string"}}],"inLanguage":"en-US"},{"@type":"Organization","@id":"https:\/\/mshm.pl\/en\/#organization","name":"MSMH","url":"https:\/\/mshm.pl\/en\/","logo":{"@type":"ImageObject","inLanguage":"en-US","@id":"https:\/\/mshm.pl\/en\/#\/schema\/logo\/image\/","url":"https:\/\/mshm.pl\/wp-content\/uploads\/2022\/03\/mshm-logo.png","contentUrl":"https:\/\/mshm.pl\/wp-content\/uploads\/2022\/03\/mshm-logo.png","width":1997,"height":600,"caption":"MSMH"},"image":{"@id":"https:\/\/mshm.pl\/en\/#\/schema\/logo\/image\/"},"sameAs":["https:\/\/www.facebook.com\/pruszkow.mshm","https:\/\/www.instagram.com\/muzeum_shm\/","https:\/\/www.youtube.com\/channel\/UCXP_VzVPrFu9Bj3I8r89xdw"]}]}},"_links":{"self":[{"href":"https:\/\/mshm.pl\/en\/wp-json\/wp\/v2\/pages\/3916","targetHints":{"allow":["GET"]}}],"collection":[{"href":"https:\/\/mshm.pl\/en\/wp-json\/wp\/v2\/pages"}],"about":[{"href":"https:\/\/mshm.pl\/en\/wp-json\/wp\/v2\/types\/page"}],"author":[{"embeddable":true,"href":"https:\/\/mshm.pl\/en\/wp-json\/wp\/v2\/users\/1"}],"replies":[{"embeddable":true,"href":"https:\/\/mshm.pl\/en\/wp-json\/wp\/v2\/comments?post=3916"}],"version-history":[{"count":0,"href":"https:\/\/mshm.pl\/en\/wp-json\/wp\/v2\/pages\/3916\/revisions"}],"up":[{"embeddable":true,"href":"https:\/\/mshm.pl\/en\/wp-json\/wp\/v2\/pages\/3920"}],"wp:featuredmedia":[{"embeddable":true,"href":"https:\/\/mshm.pl\/en\/wp-json\/wp\/v2\/media\/3213"}],"wp:attachment":[{"href":"https:\/\/mshm.pl\/en\/wp-json\/wp\/v2\/media?parent=3916"}],"curies":[{"name":"wp","href":"https:\/\/api.w.org\/{rel}","templated":true}]}}