{"id":3909,"date":"2022-01-15T22:50:50","date_gmt":"2022-01-15T21:50:50","guid":{"rendered":"https:\/\/mshm.pl\/?page_id=3909"},"modified":"2022-02-17T16:07:18","modified_gmt":"2022-02-17T15:07:18","slug":"kleszewo","status":"publish","type":"page","link":"https:\/\/mshm.pl\/en\/about-us\/projects\/kleszewo\/","title":{"rendered":"Kleszewo"},"content":{"rendered":"\n<p><strong><strong>In 2020, the MAMM was provided funding by the Ministry of Culture and National Heritage (programme: Protection of Archaeological Heritage) for:<\/strong><\/strong><br><\/p>\n\n\n\n<p><em><strong>Kleszewo \u2013 Przeworsk and Wielbark Culture cemetery. Research results, Tome 1<\/strong><\/em><br><em>(task no. 00563\/20)<\/em><\/p>\n\n\n\n<p>This project was planned to take two years. It constituted the first stage of documenting the site at Kleszewo, Pu\u0142tusk District, discovered in 1961. Excavations began in 1964, initially as an emergency rescue dig, with the second season becoming normal scientific exploration. The excavations were headed by Stefan Woyda \u2013 at that time the Heritage Conservation Officer for the Warsaw Voivodship. The Kleszewo site was explored over nine seasons (1964\u20131972), examining about 6,700 m<sup>2<\/sup> and discovering some 1,100 archaeological features, such as the remains of a large settlement from the Bronze Age (Trzciniec and Lusatian Cultures), a cemetery dating from the Late Pre-Roman Period to the Late Roman Period and the Migration Period (Przeworsk and Wielbark Cultures), plus a small necropolis from the onset of the 2nd millennium AD.<\/p>\n\n\n\n<p>The project involves publishing the material from the Przeworsk and Wielbark Culture cemetery. The cemetery was fully explored. About 550 graves, dating from the 2nd century BC to the turn of the 5th century AD, were found. The excavated artefacts are displayed at the Pruszk\u00f3w Museum and consist of over 2,000 items made of metal, clay, bone, stone and glass, a similar number of pottery vessels (whole or fragmented), and over ten thousand pottery sherds.<\/p>\n\n\n\n<p>The task involves publishing a catalogue of features, including a description of the graves, description and typological classification of archaeological artefacts, identification of cultural attributes and dating of individual artefacts. Close to 150 original negatives of photographs documenting the exploration will be digitalised. A digital model of the site and its surroundings will be prepared. Specialised analyses of, for example, anthropological and archaeozoological material, fabric fragments or botanical remains will be carried out. The whole monograph will conclude with approx. 300 plates with illustrations and photographs of artefacts.<\/p>\n\n\n\n<p>The publication will be delivered in two language versions. Both versions, in e-format, will be available free of charge on the Museum\u2019s website.<\/p>\n\n\n\n<div class=\"wp-block-image\"><figure class=\"aligncenter size-medium\"><img loading=\"lazy\" decoding=\"async\" width=\"460\" height=\"294\" src=\"https:\/\/mshm.pl\/wp-content\/uploads\/2022\/01\/mkidn_logo-460x294.jpg\" alt=\"Ministerstwo Kultury i Dziedzictwa Narodowego\" class=\"wp-image-3199\"\/><\/figure><\/div>\n\n\n\n<p><em>Co-financed by the <\/em><strong><em>Ministry of Culture and National Heritagewith funds fromthe <\/em><\/strong><em>Culture Promotion Fund (Fundusz Promocji Kultury), from charges on games of chance included in State Monopoly, as per art. 80 sec. 1 of Gambling Act from 19\/11\/2009.<\/em><\/p>\n","protected":false},"excerpt":{"rendered":"<p>In 2020, the MAMM was provided funding by the Ministry of Culture and National Heritage (programme: Protection of Archaeological Heritage) for: Kleszewo \u2013 Przeworsk and Wielbark Culture cemetery. Research results, Tome 1(task no. 00563\/20) This project was planned to take two years. It constituted the first stage of documenting the site at Kleszewo, Pu\u0142tusk District, discovered in 1961. Excavations began in 1964, initially as an emergency rescue dig, with the second season becoming normal scientific exploration. The excavations were headed by Stefan Woyda \u2013 at that time the Heritage Conservation Officer for the Warsaw Voivodship. The Kleszewo site was explored [&hellip;]<\/p>\n","protected":false},"author":1,"featured_media":3505,"parent":3876,"menu_order":0,"comment_status":"closed","ping_status":"closed","template":"","meta":{"_acf_changed":false,"footnotes":""},"class_list":["post-3909","page","type-page","status-publish","has-post-thumbnail","hentry"],"acf":[],"yoast_head":"<!-- This site is optimized with the Yoast SEO plugin v27.2 - https:\/\/yoast.com\/product\/yoast-seo-wordpress\/ -->\n<title>Kleszewo - Muzeum Staro\u017cytnego Hutnictwa Mazowieckiego<\/title>\n<meta name=\"robots\" content=\"index, follow, max-snippet:-1, max-image-preview:large, max-video-preview:-1\" \/>\n<link rel=\"canonical\" href=\"https:\/\/mshm.pl\/en\/about-us\/projects\/kleszewo\/\" \/>\n<meta property=\"og:locale\" content=\"en_US\" \/>\n<meta property=\"og:type\" content=\"article\" \/>\n<meta property=\"og:title\" content=\"Kleszewo - Muzeum Staro\u017cytnego Hutnictwa Mazowieckiego\" \/>\n<meta property=\"og:description\" content=\"In 2020, the MAMM was provided funding by the Ministry of Culture and National Heritage (programme: Protection of Archaeological Heritage) for: Kleszewo \u2013 Przeworsk and Wielbark Culture cemetery. Research results, Tome 1(task no. 00563\/20) This project was planned to take two years. It constituted the first stage of documenting the site at Kleszewo, Pu\u0142tusk District, discovered in 1961. Excavations began in 1964, initially as an emergency rescue dig, with the second season becoming normal scientific exploration. The excavations were headed by Stefan Woyda \u2013 at that time the Heritage Conservation Officer for the Warsaw Voivodship. The Kleszewo site was explored [&hellip;]\" \/>\n<meta property=\"og:url\" content=\"https:\/\/mshm.pl\/en\/about-us\/projects\/kleszewo\/\" \/>\n<meta property=\"og:site_name\" content=\"Muzeum Staro\u017cytnego Hutnictwa Mazowieckiego\" \/>\n<meta property=\"article:publisher\" content=\"https:\/\/www.facebook.com\/pruszkow.mshm\" \/>\n<meta property=\"article:modified_time\" content=\"2022-02-17T15:07:18+00:00\" \/>\n<meta property=\"og:image\" content=\"https:\/\/mshm.pl\/wp-content\/uploads\/2022\/02\/projekt-kleszewo-mshm-ng.jpg\" \/>\n\t<meta property=\"og:image:width\" content=\"1920\" \/>\n\t<meta property=\"og:image:height\" content=\"680\" \/>\n\t<meta property=\"og:image:type\" content=\"image\/jpeg\" \/>\n<meta name=\"twitter:card\" content=\"summary_large_image\" \/>\n<meta name=\"twitter:label1\" content=\"Est. reading time\" \/>\n\t<meta name=\"twitter:data1\" content=\"3 minutes\" \/>\n<script type=\"application\/ld+json\" class=\"yoast-schema-graph\">{\"@context\":\"https:\/\/schema.org\",\"@graph\":[{\"@type\":\"WebPage\",\"@id\":\"https:\/\/mshm.pl\/en\/about-us\/projects\/kleszewo\/\",\"url\":\"https:\/\/mshm.pl\/en\/about-us\/projects\/kleszewo\/\",\"name\":\"Kleszewo - Muzeum Staro\u017cytnego Hutnictwa Mazowieckiego\",\"isPartOf\":{\"@id\":\"https:\/\/mshm.pl\/en\/#website\"},\"primaryImageOfPage\":{\"@id\":\"https:\/\/mshm.pl\/en\/about-us\/projects\/kleszewo\/#primaryimage\"},\"image\":{\"@id\":\"https:\/\/mshm.pl\/en\/about-us\/projects\/kleszewo\/#primaryimage\"},\"thumbnailUrl\":\"https:\/\/mshm.pl\/wp-content\/uploads\/2022\/02\/projekt-kleszewo-mshm-ng.jpg\",\"datePublished\":\"2022-01-15T21:50:50+00:00\",\"dateModified\":\"2022-02-17T15:07:18+00:00\",\"breadcrumb\":{\"@id\":\"https:\/\/mshm.pl\/en\/about-us\/projects\/kleszewo\/#breadcrumb\"},\"inLanguage\":\"en-US\",\"potentialAction\":[{\"@type\":\"ReadAction\",\"target\":[\"https:\/\/mshm.pl\/en\/about-us\/projects\/kleszewo\/\"]}]},{\"@type\":\"ImageObject\",\"inLanguage\":\"en-US\",\"@id\":\"https:\/\/mshm.pl\/en\/about-us\/projects\/kleszewo\/#primaryimage\",\"url\":\"https:\/\/mshm.pl\/wp-content\/uploads\/2022\/02\/projekt-kleszewo-mshm-ng.jpg\",\"contentUrl\":\"https:\/\/mshm.pl\/wp-content\/uploads\/2022\/02\/projekt-kleszewo-mshm-ng.jpg\",\"width\":1920,\"height\":680,\"caption\":\"eng\"},{\"@type\":\"BreadcrumbList\",\"@id\":\"https:\/\/mshm.pl\/en\/about-us\/projects\/kleszewo\/#breadcrumb\",\"itemListElement\":[{\"@type\":\"ListItem\",\"position\":1,\"name\":\"Strona g\u0142\u00f3wna\",\"item\":\"https:\/\/mshm.pl\/en\/\"},{\"@type\":\"ListItem\",\"position\":2,\"name\":\"About us\",\"item\":\"https:\/\/mshm.pl\/en\/about-us\/\"},{\"@type\":\"ListItem\",\"position\":3,\"name\":\"Projects\",\"item\":\"https:\/\/mshm.pl\/en\/about-us\/projects\/\"},{\"@type\":\"ListItem\",\"position\":4,\"name\":\"Kleszewo\"}]},{\"@type\":\"WebSite\",\"@id\":\"https:\/\/mshm.pl\/en\/#website\",\"url\":\"https:\/\/mshm.pl\/en\/\",\"name\":\"Muzeum Staro\u017cytnego Hutnictwa Mazowieckiego\",\"description\":\"Muzeum Staro\u017cytnego Hutnictwa Mazowieckiego im. Stefana Woydy w Pruszkowie zajmuje si\u0119 badaniem, ochron\u0105 i promocj\u0105 unikatowego w skali Europy dziedzictwa pradziejowego, kt\u00f3rym jest Mazowieckie Centrum Metalurgiczne\",\"publisher\":{\"@id\":\"https:\/\/mshm.pl\/en\/#organization\"},\"potentialAction\":[{\"@type\":\"SearchAction\",\"target\":{\"@type\":\"EntryPoint\",\"urlTemplate\":\"https:\/\/mshm.pl\/en\/?s={search_term_string}\"},\"query-input\":{\"@type\":\"PropertyValueSpecification\",\"valueRequired\":true,\"valueName\":\"search_term_string\"}}],\"inLanguage\":\"en-US\"},{\"@type\":\"Organization\",\"@id\":\"https:\/\/mshm.pl\/en\/#organization\",\"name\":\"MSMH\",\"url\":\"https:\/\/mshm.pl\/en\/\",\"logo\":{\"@type\":\"ImageObject\",\"inLanguage\":\"en-US\",\"@id\":\"https:\/\/mshm.pl\/en\/#\/schema\/logo\/image\/\",\"url\":\"https:\/\/mshm.pl\/wp-content\/uploads\/2022\/03\/mshm-logo.png\",\"contentUrl\":\"https:\/\/mshm.pl\/wp-content\/uploads\/2022\/03\/mshm-logo.png\",\"width\":1997,\"height\":600,\"caption\":\"MSMH\"},\"image\":{\"@id\":\"https:\/\/mshm.pl\/en\/#\/schema\/logo\/image\/\"},\"sameAs\":[\"https:\/\/www.facebook.com\/pruszkow.mshm\",\"https:\/\/www.instagram.com\/muzeum_shm\/\",\"https:\/\/www.youtube.com\/channel\/UCXP_VzVPrFu9Bj3I8r89xdw\"]}]}<\/script>\n<!-- \/ Yoast SEO plugin. -->","yoast_head_json":{"title":"Kleszewo - Muzeum Staro\u017cytnego Hutnictwa Mazowieckiego","robots":{"index":"index","follow":"follow","max-snippet":"max-snippet:-1","max-image-preview":"max-image-preview:large","max-video-preview":"max-video-preview:-1"},"canonical":"https:\/\/mshm.pl\/en\/about-us\/projects\/kleszewo\/","og_locale":"en_US","og_type":"article","og_title":"Kleszewo - Muzeum Staro\u017cytnego Hutnictwa Mazowieckiego","og_description":"In 2020, the MAMM was provided funding by the Ministry of Culture and National Heritage (programme: Protection of Archaeological Heritage) for: Kleszewo \u2013 Przeworsk and Wielbark Culture cemetery. Research results, Tome 1(task no. 00563\/20) This project was planned to take two years. It constituted the first stage of documenting the site at Kleszewo, Pu\u0142tusk District, discovered in 1961. Excavations began in 1964, initially as an emergency rescue dig, with the second season becoming normal scientific exploration. The excavations were headed by Stefan Woyda \u2013 at that time the Heritage Conservation Officer for the Warsaw Voivodship. The Kleszewo site was explored [&hellip;]","og_url":"https:\/\/mshm.pl\/en\/about-us\/projects\/kleszewo\/","og_site_name":"Muzeum Staro\u017cytnego Hutnictwa Mazowieckiego","article_publisher":"https:\/\/www.facebook.com\/pruszkow.mshm","article_modified_time":"2022-02-17T15:07:18+00:00","og_image":[{"width":1920,"height":680,"url":"https:\/\/mshm.pl\/wp-content\/uploads\/2022\/02\/projekt-kleszewo-mshm-ng.jpg","type":"image\/jpeg"}],"twitter_card":"summary_large_image","twitter_misc":{"Est. reading time":"3 minutes"},"schema":{"@context":"https:\/\/schema.org","@graph":[{"@type":"WebPage","@id":"https:\/\/mshm.pl\/en\/about-us\/projects\/kleszewo\/","url":"https:\/\/mshm.pl\/en\/about-us\/projects\/kleszewo\/","name":"Kleszewo - Muzeum Staro\u017cytnego Hutnictwa Mazowieckiego","isPartOf":{"@id":"https:\/\/mshm.pl\/en\/#website"},"primaryImageOfPage":{"@id":"https:\/\/mshm.pl\/en\/about-us\/projects\/kleszewo\/#primaryimage"},"image":{"@id":"https:\/\/mshm.pl\/en\/about-us\/projects\/kleszewo\/#primaryimage"},"thumbnailUrl":"https:\/\/mshm.pl\/wp-content\/uploads\/2022\/02\/projekt-kleszewo-mshm-ng.jpg","datePublished":"2022-01-15T21:50:50+00:00","dateModified":"2022-02-17T15:07:18+00:00","breadcrumb":{"@id":"https:\/\/mshm.pl\/en\/about-us\/projects\/kleszewo\/#breadcrumb"},"inLanguage":"en-US","potentialAction":[{"@type":"ReadAction","target":["https:\/\/mshm.pl\/en\/about-us\/projects\/kleszewo\/"]}]},{"@type":"ImageObject","inLanguage":"en-US","@id":"https:\/\/mshm.pl\/en\/about-us\/projects\/kleszewo\/#primaryimage","url":"https:\/\/mshm.pl\/wp-content\/uploads\/2022\/02\/projekt-kleszewo-mshm-ng.jpg","contentUrl":"https:\/\/mshm.pl\/wp-content\/uploads\/2022\/02\/projekt-kleszewo-mshm-ng.jpg","width":1920,"height":680,"caption":"eng"},{"@type":"BreadcrumbList","@id":"https:\/\/mshm.pl\/en\/about-us\/projects\/kleszewo\/#breadcrumb","itemListElement":[{"@type":"ListItem","position":1,"name":"Strona g\u0142\u00f3wna","item":"https:\/\/mshm.pl\/en\/"},{"@type":"ListItem","position":2,"name":"About us","item":"https:\/\/mshm.pl\/en\/about-us\/"},{"@type":"ListItem","position":3,"name":"Projects","item":"https:\/\/mshm.pl\/en\/about-us\/projects\/"},{"@type":"ListItem","position":4,"name":"Kleszewo"}]},{"@type":"WebSite","@id":"https:\/\/mshm.pl\/en\/#website","url":"https:\/\/mshm.pl\/en\/","name":"Muzeum Staro\u017cytnego Hutnictwa Mazowieckiego","description":"Muzeum Staro\u017cytnego Hutnictwa Mazowieckiego im. Stefana Woydy w Pruszkowie zajmuje si\u0119 badaniem, ochron\u0105 i promocj\u0105 unikatowego w skali Europy dziedzictwa pradziejowego, kt\u00f3rym jest Mazowieckie Centrum Metalurgiczne","publisher":{"@id":"https:\/\/mshm.pl\/en\/#organization"},"potentialAction":[{"@type":"SearchAction","target":{"@type":"EntryPoint","urlTemplate":"https:\/\/mshm.pl\/en\/?s={search_term_string}"},"query-input":{"@type":"PropertyValueSpecification","valueRequired":true,"valueName":"search_term_string"}}],"inLanguage":"en-US"},{"@type":"Organization","@id":"https:\/\/mshm.pl\/en\/#organization","name":"MSMH","url":"https:\/\/mshm.pl\/en\/","logo":{"@type":"ImageObject","inLanguage":"en-US","@id":"https:\/\/mshm.pl\/en\/#\/schema\/logo\/image\/","url":"https:\/\/mshm.pl\/wp-content\/uploads\/2022\/03\/mshm-logo.png","contentUrl":"https:\/\/mshm.pl\/wp-content\/uploads\/2022\/03\/mshm-logo.png","width":1997,"height":600,"caption":"MSMH"},"image":{"@id":"https:\/\/mshm.pl\/en\/#\/schema\/logo\/image\/"},"sameAs":["https:\/\/www.facebook.com\/pruszkow.mshm","https:\/\/www.instagram.com\/muzeum_shm\/","https:\/\/www.youtube.com\/channel\/UCXP_VzVPrFu9Bj3I8r89xdw"]}]}},"_links":{"self":[{"href":"https:\/\/mshm.pl\/en\/wp-json\/wp\/v2\/pages\/3909","targetHints":{"allow":["GET"]}}],"collection":[{"href":"https:\/\/mshm.pl\/en\/wp-json\/wp\/v2\/pages"}],"about":[{"href":"https:\/\/mshm.pl\/en\/wp-json\/wp\/v2\/types\/page"}],"author":[{"embeddable":true,"href":"https:\/\/mshm.pl\/en\/wp-json\/wp\/v2\/users\/1"}],"replies":[{"embeddable":true,"href":"https:\/\/mshm.pl\/en\/wp-json\/wp\/v2\/comments?post=3909"}],"version-history":[{"count":0,"href":"https:\/\/mshm.pl\/en\/wp-json\/wp\/v2\/pages\/3909\/revisions"}],"up":[{"embeddable":true,"href":"https:\/\/mshm.pl\/en\/wp-json\/wp\/v2\/pages\/3876"}],"wp:featuredmedia":[{"embeddable":true,"href":"https:\/\/mshm.pl\/en\/wp-json\/wp\/v2\/media\/3505"}],"wp:attachment":[{"href":"https:\/\/mshm.pl\/en\/wp-json\/wp\/v2\/media?parent=3909"}],"curies":[{"name":"wp","href":"https:\/\/api.w.org\/{rel}","templated":true}]}}