{"id":3867,"date":"2022-01-15T18:05:28","date_gmt":"2022-01-15T17:05:28","guid":{"rendered":"https:\/\/mshm.pl\/?page_id=3867"},"modified":"2022-02-15T21:30:39","modified_gmt":"2022-02-15T20:30:39","slug":"research-enquiries-%ef%bf%bc","status":"publish","type":"page","link":"https:\/\/mshm.pl\/en\/about-us\/collection\/research-enquiries-%ef%bf%bc\/","title":{"rendered":"Research enquiries"},"content":{"rendered":"\n<p>Permission to research the collection is given by the Museum Director upon reception of a written request. The request may be mailed to the Museum by traditional post to its address or e-mailed to: <a href=\"mailto:inwentarz@mshm.pl\" target=\"_blank\" rel=\"noreferrer noopener\">inwentarz@mshm.pl<\/a>. Whenever possible please specify in what sort of items you are interested and the purpose of the research. Permission to research materials does not constitute permission for their publication. The Museum\u2019s staff does not carry out specific searches of artefacts in its collection.<\/p>\n","protected":false},"excerpt":{"rendered":"<p>Permission to research the collection is given by the Museum Director upon reception of a written request. The request may be mailed to the Museum by traditional post to its address or e-mailed to: inwentarz@mshm.pl. Whenever possible please specify in what sort of items you are interested and the purpose of the research. Permission to research materials does not constitute permission for their publication. The Museum\u2019s staff does not carry out specific searches of artefacts in its collection.<\/p>\n","protected":false},"author":1,"featured_media":4113,"parent":3855,"menu_order":0,"comment_status":"closed","ping_status":"closed","template":"","meta":{"_acf_changed":false,"footnotes":""},"class_list":["post-3867","page","type-page","status-publish","has-post-thumbnail","hentry"],"acf":[],"yoast_head":"<!-- This site is optimized with the Yoast SEO plugin v27.2 - https:\/\/yoast.com\/product\/yoast-seo-wordpress\/ -->\n<title>Research enquiries - Muzeum Staro\u017cytnego Hutnictwa Mazowieckiego<\/title>\n<meta name=\"robots\" content=\"index, follow, max-snippet:-1, max-image-preview:large, max-video-preview:-1\" \/>\n<link rel=\"canonical\" href=\"https:\/\/mshm.pl\/en\/about-us\/collection\/research-enquiries-%ef%bf%bc\/\" \/>\n<meta property=\"og:locale\" content=\"en_US\" \/>\n<meta property=\"og:type\" content=\"article\" \/>\n<meta property=\"og:title\" content=\"Research enquiries - Muzeum Staro\u017cytnego Hutnictwa Mazowieckiego\" \/>\n<meta property=\"og:description\" content=\"Permission to research the collection is given by the Museum Director upon reception of a written request. The request may be mailed to the Museum by traditional post to its address or e-mailed to: inwentarz@mshm.pl. Whenever possible please specify in what sort of items you are interested and the purpose of the research. Permission to research materials does not constitute permission for their publication. The Museum\u2019s staff does not carry out specific searches of artefacts in its collection.\" \/>\n<meta property=\"og:url\" content=\"https:\/\/mshm.pl\/en\/about-us\/collection\/research-enquiries-%ef%bf%bc\/\" \/>\n<meta property=\"og:site_name\" content=\"Muzeum Staro\u017cytnego Hutnictwa Mazowieckiego\" \/>\n<meta property=\"article:publisher\" content=\"https:\/\/www.facebook.com\/pruszkow.mshm\" \/>\n<meta property=\"article:modified_time\" content=\"2022-02-15T20:30:39+00:00\" \/>\n<meta name=\"twitter:card\" content=\"summary_large_image\" \/>\n<meta name=\"twitter:label1\" content=\"Est. reading time\" \/>\n\t<meta name=\"twitter:data1\" content=\"1 minute\" \/>\n<script type=\"application\/ld+json\" class=\"yoast-schema-graph\">{\"@context\":\"https:\/\/schema.org\",\"@graph\":[{\"@type\":\"WebPage\",\"@id\":\"https:\/\/mshm.pl\/en\/about-us\/collection\/research-enquiries-%ef%bf%bc\/\",\"url\":\"https:\/\/mshm.pl\/en\/about-us\/collection\/research-enquiries-%ef%bf%bc\/\",\"name\":\"Research enquiries - Muzeum Staro\u017cytnego Hutnictwa Mazowieckiego\",\"isPartOf\":{\"@id\":\"https:\/\/mshm.pl\/en\/#website\"},\"primaryImageOfPage\":{\"@id\":\"https:\/\/mshm.pl\/en\/about-us\/collection\/research-enquiries-%ef%bf%bc\/#primaryimage\"},\"image\":{\"@id\":\"https:\/\/mshm.pl\/en\/about-us\/collection\/research-enquiries-%ef%bf%bc\/#primaryimage\"},\"thumbnailUrl\":\"https:\/\/mshm.pl\/wp-content\/uploads\/2022\/02\/mshm-dthumb.jpg\",\"datePublished\":\"2022-01-15T17:05:28+00:00\",\"dateModified\":\"2022-02-15T20:30:39+00:00\",\"breadcrumb\":{\"@id\":\"https:\/\/mshm.pl\/en\/about-us\/collection\/research-enquiries-%ef%bf%bc\/#breadcrumb\"},\"inLanguage\":\"en-US\",\"potentialAction\":[{\"@type\":\"ReadAction\",\"target\":[\"https:\/\/mshm.pl\/en\/about-us\/collection\/research-enquiries-%ef%bf%bc\/\"]}]},{\"@type\":\"ImageObject\",\"inLanguage\":\"en-US\",\"@id\":\"https:\/\/mshm.pl\/en\/about-us\/collection\/research-enquiries-%ef%bf%bc\/#primaryimage\",\"url\":\"https:\/\/mshm.pl\/wp-content\/uploads\/2022\/02\/mshm-dthumb.jpg\",\"contentUrl\":\"https:\/\/mshm.pl\/wp-content\/uploads\/2022\/02\/mshm-dthumb.jpg\",\"width\":1920,\"height\":680,\"caption\":\"MAMM\"},{\"@type\":\"BreadcrumbList\",\"@id\":\"https:\/\/mshm.pl\/en\/about-us\/collection\/research-enquiries-%ef%bf%bc\/#breadcrumb\",\"itemListElement\":[{\"@type\":\"ListItem\",\"position\":1,\"name\":\"Strona g\u0142\u00f3wna\",\"item\":\"https:\/\/mshm.pl\/en\/\"},{\"@type\":\"ListItem\",\"position\":2,\"name\":\"About us\",\"item\":\"https:\/\/mshm.pl\/en\/about-us\/\"},{\"@type\":\"ListItem\",\"position\":3,\"name\":\"Collection\",\"item\":\"https:\/\/mshm.pl\/en\/about-us\/collection\/\"},{\"@type\":\"ListItem\",\"position\":4,\"name\":\"Research enquiries\"}]},{\"@type\":\"WebSite\",\"@id\":\"https:\/\/mshm.pl\/en\/#website\",\"url\":\"https:\/\/mshm.pl\/en\/\",\"name\":\"Muzeum Staro\u017cytnego Hutnictwa Mazowieckiego\",\"description\":\"Muzeum Staro\u017cytnego Hutnictwa Mazowieckiego im. Stefana Woydy w Pruszkowie zajmuje si\u0119 badaniem, ochron\u0105 i promocj\u0105 unikatowego w skali Europy dziedzictwa pradziejowego, kt\u00f3rym jest Mazowieckie Centrum Metalurgiczne\",\"publisher\":{\"@id\":\"https:\/\/mshm.pl\/en\/#organization\"},\"potentialAction\":[{\"@type\":\"SearchAction\",\"target\":{\"@type\":\"EntryPoint\",\"urlTemplate\":\"https:\/\/mshm.pl\/en\/?s={search_term_string}\"},\"query-input\":{\"@type\":\"PropertyValueSpecification\",\"valueRequired\":true,\"valueName\":\"search_term_string\"}}],\"inLanguage\":\"en-US\"},{\"@type\":\"Organization\",\"@id\":\"https:\/\/mshm.pl\/en\/#organization\",\"name\":\"MSMH\",\"url\":\"https:\/\/mshm.pl\/en\/\",\"logo\":{\"@type\":\"ImageObject\",\"inLanguage\":\"en-US\",\"@id\":\"https:\/\/mshm.pl\/en\/#\/schema\/logo\/image\/\",\"url\":\"https:\/\/mshm.pl\/wp-content\/uploads\/2022\/03\/mshm-logo.png\",\"contentUrl\":\"https:\/\/mshm.pl\/wp-content\/uploads\/2022\/03\/mshm-logo.png\",\"width\":1997,\"height\":600,\"caption\":\"MSMH\"},\"image\":{\"@id\":\"https:\/\/mshm.pl\/en\/#\/schema\/logo\/image\/\"},\"sameAs\":[\"https:\/\/www.facebook.com\/pruszkow.mshm\",\"https:\/\/www.instagram.com\/muzeum_shm\/\",\"https:\/\/www.youtube.com\/channel\/UCXP_VzVPrFu9Bj3I8r89xdw\"]}]}<\/script>\n<!-- \/ Yoast SEO plugin. -->","yoast_head_json":{"title":"Research enquiries - Muzeum Staro\u017cytnego Hutnictwa Mazowieckiego","robots":{"index":"index","follow":"follow","max-snippet":"max-snippet:-1","max-image-preview":"max-image-preview:large","max-video-preview":"max-video-preview:-1"},"canonical":"https:\/\/mshm.pl\/en\/about-us\/collection\/research-enquiries-%ef%bf%bc\/","og_locale":"en_US","og_type":"article","og_title":"Research enquiries - Muzeum Staro\u017cytnego Hutnictwa Mazowieckiego","og_description":"Permission to research the collection is given by the Museum Director upon reception of a written request. The request may be mailed to the Museum by traditional post to its address or e-mailed to: inwentarz@mshm.pl. Whenever possible please specify in what sort of items you are interested and the purpose of the research. Permission to research materials does not constitute permission for their publication. The Museum\u2019s staff does not carry out specific searches of artefacts in its collection.","og_url":"https:\/\/mshm.pl\/en\/about-us\/collection\/research-enquiries-%ef%bf%bc\/","og_site_name":"Muzeum Staro\u017cytnego Hutnictwa Mazowieckiego","article_publisher":"https:\/\/www.facebook.com\/pruszkow.mshm","article_modified_time":"2022-02-15T20:30:39+00:00","twitter_card":"summary_large_image","twitter_misc":{"Est. reading time":"1 minute"},"schema":{"@context":"https:\/\/schema.org","@graph":[{"@type":"WebPage","@id":"https:\/\/mshm.pl\/en\/about-us\/collection\/research-enquiries-%ef%bf%bc\/","url":"https:\/\/mshm.pl\/en\/about-us\/collection\/research-enquiries-%ef%bf%bc\/","name":"Research enquiries - Muzeum Staro\u017cytnego Hutnictwa Mazowieckiego","isPartOf":{"@id":"https:\/\/mshm.pl\/en\/#website"},"primaryImageOfPage":{"@id":"https:\/\/mshm.pl\/en\/about-us\/collection\/research-enquiries-%ef%bf%bc\/#primaryimage"},"image":{"@id":"https:\/\/mshm.pl\/en\/about-us\/collection\/research-enquiries-%ef%bf%bc\/#primaryimage"},"thumbnailUrl":"https:\/\/mshm.pl\/wp-content\/uploads\/2022\/02\/mshm-dthumb.jpg","datePublished":"2022-01-15T17:05:28+00:00","dateModified":"2022-02-15T20:30:39+00:00","breadcrumb":{"@id":"https:\/\/mshm.pl\/en\/about-us\/collection\/research-enquiries-%ef%bf%bc\/#breadcrumb"},"inLanguage":"en-US","potentialAction":[{"@type":"ReadAction","target":["https:\/\/mshm.pl\/en\/about-us\/collection\/research-enquiries-%ef%bf%bc\/"]}]},{"@type":"ImageObject","inLanguage":"en-US","@id":"https:\/\/mshm.pl\/en\/about-us\/collection\/research-enquiries-%ef%bf%bc\/#primaryimage","url":"https:\/\/mshm.pl\/wp-content\/uploads\/2022\/02\/mshm-dthumb.jpg","contentUrl":"https:\/\/mshm.pl\/wp-content\/uploads\/2022\/02\/mshm-dthumb.jpg","width":1920,"height":680,"caption":"MAMM"},{"@type":"BreadcrumbList","@id":"https:\/\/mshm.pl\/en\/about-us\/collection\/research-enquiries-%ef%bf%bc\/#breadcrumb","itemListElement":[{"@type":"ListItem","position":1,"name":"Strona g\u0142\u00f3wna","item":"https:\/\/mshm.pl\/en\/"},{"@type":"ListItem","position":2,"name":"About us","item":"https:\/\/mshm.pl\/en\/about-us\/"},{"@type":"ListItem","position":3,"name":"Collection","item":"https:\/\/mshm.pl\/en\/about-us\/collection\/"},{"@type":"ListItem","position":4,"name":"Research enquiries"}]},{"@type":"WebSite","@id":"https:\/\/mshm.pl\/en\/#website","url":"https:\/\/mshm.pl\/en\/","name":"Muzeum Staro\u017cytnego Hutnictwa Mazowieckiego","description":"Muzeum Staro\u017cytnego Hutnictwa Mazowieckiego im. Stefana Woydy w Pruszkowie zajmuje si\u0119 badaniem, ochron\u0105 i promocj\u0105 unikatowego w skali Europy dziedzictwa pradziejowego, kt\u00f3rym jest Mazowieckie Centrum Metalurgiczne","publisher":{"@id":"https:\/\/mshm.pl\/en\/#organization"},"potentialAction":[{"@type":"SearchAction","target":{"@type":"EntryPoint","urlTemplate":"https:\/\/mshm.pl\/en\/?s={search_term_string}"},"query-input":{"@type":"PropertyValueSpecification","valueRequired":true,"valueName":"search_term_string"}}],"inLanguage":"en-US"},{"@type":"Organization","@id":"https:\/\/mshm.pl\/en\/#organization","name":"MSMH","url":"https:\/\/mshm.pl\/en\/","logo":{"@type":"ImageObject","inLanguage":"en-US","@id":"https:\/\/mshm.pl\/en\/#\/schema\/logo\/image\/","url":"https:\/\/mshm.pl\/wp-content\/uploads\/2022\/03\/mshm-logo.png","contentUrl":"https:\/\/mshm.pl\/wp-content\/uploads\/2022\/03\/mshm-logo.png","width":1997,"height":600,"caption":"MSMH"},"image":{"@id":"https:\/\/mshm.pl\/en\/#\/schema\/logo\/image\/"},"sameAs":["https:\/\/www.facebook.com\/pruszkow.mshm","https:\/\/www.instagram.com\/muzeum_shm\/","https:\/\/www.youtube.com\/channel\/UCXP_VzVPrFu9Bj3I8r89xdw"]}]}},"_links":{"self":[{"href":"https:\/\/mshm.pl\/en\/wp-json\/wp\/v2\/pages\/3867","targetHints":{"allow":["GET"]}}],"collection":[{"href":"https:\/\/mshm.pl\/en\/wp-json\/wp\/v2\/pages"}],"about":[{"href":"https:\/\/mshm.pl\/en\/wp-json\/wp\/v2\/types\/page"}],"author":[{"embeddable":true,"href":"https:\/\/mshm.pl\/en\/wp-json\/wp\/v2\/users\/1"}],"replies":[{"embeddable":true,"href":"https:\/\/mshm.pl\/en\/wp-json\/wp\/v2\/comments?post=3867"}],"version-history":[{"count":0,"href":"https:\/\/mshm.pl\/en\/wp-json\/wp\/v2\/pages\/3867\/revisions"}],"up":[{"embeddable":true,"href":"https:\/\/mshm.pl\/en\/wp-json\/wp\/v2\/pages\/3855"}],"wp:featuredmedia":[{"embeddable":true,"href":"https:\/\/mshm.pl\/en\/wp-json\/wp\/v2\/media\/4113"}],"wp:attachment":[{"href":"https:\/\/mshm.pl\/en\/wp-json\/wp\/v2\/media?parent=3867"}],"curies":[{"name":"wp","href":"https:\/\/api.w.org\/{rel}","templated":true}]}}