{"id":3861,"date":"2022-01-13T19:55:10","date_gmt":"2022-01-13T18:55:10","guid":{"rendered":"https:\/\/mshm.pl\/?page_id=3861"},"modified":"2022-02-24T15:22:48","modified_gmt":"2022-02-24T14:22:48","slug":"excavations","status":"publish","type":"page","link":"https:\/\/mshm.pl\/en\/about-us\/excavations\/","title":{"rendered":"Excavations"},"content":{"rendered":"\n<p>One of the aspects of the Museum\u2019s academic activities, pursued from the time it was established, are archaeological digs. Most of such work is carried out at the expansive settlements of the Mazovian Centre of Metallurgy. However, sites of different character, such as cemeteries or smaller settlements, also are explored. Below, there are short descriptions of selected sites excavated by the Museum\u2019s team.<\/p>\n\n\n<div class=\"lazyblock-rozwijane-panele-Z249G0T wp-block-lazyblock-rozwijane-panele\">      <div class=\"comp-faq-item mb-2\">\r\n      <h3 class=\"cfiq-title m-0 text-family-1\">\r\n        <button class=\"comp-faq-question bg-corporate-2\">\r\n          <span class=\"d-block\">BISKUPICE, Pruszk\u00f3w District<\/span>\r\n          <span class=\"cfiq-show\"><\/span>\r\n        <\/button>\r\n      <\/h3>\r\n      <div class=\"comp-faq-answer default-text-box\">\r\n        <p>A Przeworsk Culture iron smelting settlement occupied from the second half of the 2nd to the first half of the 3rd century AD. The total excavated surface covered over 31,500 m<sup>2<\/sup> and revealed the remains of 3,689 bloomery furnaces. The total scale of production is estimated at approx. 5,000 furnaces. Other structures, both linked with iron smelting and of settlement function, such as hearths, lime kilns, bog ore roasting pits as well as water wells, dwellings, grain warehouses, amber workshops and horse burials, were also found. Alongside the Iron Age settlement, a small Lusatian Culture cemetery as well as remains of human habitation from the Stone Age up to the early Middle Ages were discovered.<\/p>      <\/div>\r\n    <\/div>\r\n      <div class=\"comp-faq-item mb-2\">\r\n      <h3 class=\"cfiq-title m-0 text-family-1\">\r\n        <button class=\"comp-faq-question bg-corporate-2\">\r\n          <span class=\"d-block\">BRWIN\u00d3W, Pruszk\u00f3w District<\/span>\r\n          <span class=\"cfiq-show\"><\/span>\r\n        <\/button>\r\n      <\/h3>\r\n      <div class=\"comp-faq-answer default-text-box\">\r\n        <p>A Przeworsk Culture iron smelting settlement occupied from the second half of the 2nd to the first half of the 3rd century AD. The total excavated surface covered over 5,250 m<sup>2<\/sup> and revealed the remains of 1,390 bloomery furnaces. The total scale of production is estimated at several thousand furnaces at least. Other structures, both linked with iron smelting and of settlement function, such as water wells, workshops and dwellings, smithy and smoking houses, were also found. Alongside artefacts related to the Iron Age settlement, remains of human habitation from the Stone Age up to the early Middle Ages were discovered.<\/p>      <\/div>\r\n    <\/div>\r\n      <div class=\"comp-faq-item mb-2\">\r\n      <h3 class=\"cfiq-title m-0 text-family-1\">\r\n        <button class=\"comp-faq-question bg-corporate-2\">\r\n          <span class=\"d-block\">KLESZEWO, Pu\u0142tusk District <\/span>\r\n          <span class=\"cfiq-show\"><\/span>\r\n        <\/button>\r\n      <\/h3>\r\n      <div class=\"comp-faq-answer default-text-box\">\r\n        <p>A multi-cultural site excavated by Stefan Woyda in 1964\u20131972. The total excavated surface covered over 5,250 m<sup>2<\/sup> and revealed the remains of close to 1,100 various features. The overwhelming majority were Przeworsk and Wielbark Culture graves dating from the Late Pre-Roman Period to the Migration Period (2nd c. BC \u2013 4th c. AD). A Bronze Age settlement \u2013 associated with the Trzciniec and Lusatian Cultures \u2013 and a small early Middle Ages cemetery were also discovered.<\/p>\n<p><a href=\"https:\/\/mshm.pl\/en\/about-us\/projects\/kleszewo\/\">See Kleszewo project<\/a><\/p>      <\/div>\r\n    <\/div>\r\n      <div class=\"comp-faq-item mb-2\">\r\n      <h3 class=\"cfiq-title m-0 text-family-1\">\r\n        <button class=\"comp-faq-question bg-corporate-2\">\r\n          <span class=\"d-block\">KRA\u015aNICZA WOLA, Grodzisk District<\/span>\r\n          <span class=\"cfiq-show\"><\/span>\r\n        <\/button>\r\n      <\/h3>\r\n      <div class=\"comp-faq-answer default-text-box\">\r\n        <p>A Przeworsk Culture iron smelting settlement from the first centuries AD. Several thousand archaeological features, such as stone-lined hearths (probably related to smithing), dwellings and production pits, were found. Besides the settlement dating to the Roman Period, archaeological remains of habitation from the Bronze Age to the early Middle Ages were discovered.<\/p>      <\/div>\r\n    <\/div>\r\n      <div class=\"comp-faq-item mb-2\">\r\n      <h3 class=\"cfiq-title m-0 text-family-1\">\r\n        <button class=\"comp-faq-question bg-corporate-2\">\r\n          <span class=\"d-block\">MILAN\u00d3WEK-FAL\u0118CIN, Grodzisk and Pruszk\u00f3w Districts<\/span>\r\n          <span class=\"cfiq-show\"><\/span>\r\n        <\/button>\r\n      <\/h3>\r\n      <div class=\"comp-faq-answer default-text-box\">\r\n        <p>A Przeworsk Culture iron smelting settlement occupied from the second half of the 2nd c. BC to the first half of the 2nd c. AD. A variety of numerous features were found, including the remains of approx. 1,500 bloomery furnaces. Hearths, annealing furnaces, one water well, plus utility buildings and dwellings, including a structure whose fireplace had been built with \u2013 besides the customary stones and clay \u2013 fragments of slag lumps, also were uncovered. The building yielded numerous pottery sherds, animal bones and two weaving weights. Alongside finds dated to the Roman Period, remains of human habitation from the Stone Age up to the early Middle Ages were discovered.<\/p>      <\/div>\r\n    <\/div>\r\n      <div class=\"comp-faq-item mb-2\">\r\n      <h3 class=\"cfiq-title m-0 text-family-1\">\r\n        <button class=\"comp-faq-question bg-corporate-2\">\r\n          <span class=\"d-block\">M\u0141OCH\u00d3W, Pruszk\u00f3w District<\/span>\r\n          <span class=\"cfiq-show\"><\/span>\r\n        <\/button>\r\n      <\/h3>\r\n      <div class=\"comp-faq-answer default-text-box\">\r\n        <p>A Przeworsk Culture iron smelting settlement occupied between the 1st and 4th century AD. The total excavated surface, explored in 2004\u20132005, covered 38,670 m<sup>2<\/sup>. Some 1,297 finds were recorded, including 224 bloomery furnaces. Other features linked with the functioning of the settlement, such as hearths, utility dugouts or pits, were found. The most interesting find was a kiln for firing wheel-made pottery. This is the sole such feature ever excavated in Mazovia and dated to the mid-2nd c. AD. Inside the kiln, there were fragments of some 28 pottery vessels of various degree of firing. Some remains of Modern Era dwellings, dating from the 16th to 19th century, were found. The record suggests the initial \u2013 probably wooden \u2013 structures of a \u201ccountry manor\u201d were violently destroyed somewhere at the end of the 16th or early 17th century, possibly during the Swedish \u201cDeluge\u201d of 1655. This era also yielded one human burial and numerous pits with animal remains.<\/p>      <\/div>\r\n    <\/div>\r\n      <div class=\"comp-faq-item mb-2\">\r\n      <h3 class=\"cfiq-title m-0 text-family-1\">\r\n        <button class=\"comp-faq-question bg-corporate-2\">\r\n          <span class=\"d-block\">PRUSZK\u00d3W-REGU\u0141Y, Pruszk\u00f3w District <\/span>\r\n          <span class=\"cfiq-show\"><\/span>\r\n        <\/button>\r\n      <\/h3>\r\n      <div class=\"comp-faq-answer default-text-box\">\r\n        <p>A Przeworsk Culture iron smelting settlement occupied from the mid-2nd century BC to the 3rd century AD. The total excavated surface covered over 14,600 m<sup>2<\/sup> and revealed the remains of 449 bloomery furnaces. Other features linked with the functioning of the settlement, such as hearths, annealing furnaces, one water well, utility or habitation features, and animal burials, were found. Besides the settlement dating to the Roman Period, archaeological remains of habitation from the Neolithic Period up to the early Middle Ages were discovered.<\/p>      <\/div>\r\n    <\/div>\r\n      <div class=\"comp-faq-item mb-2\">\r\n      <h3 class=\"cfiq-title m-0 text-family-1\">\r\n        <button class=\"comp-faq-question bg-corporate-2\">\r\n          <span class=\"d-block\">ZABOR\u00d3W, Warsaw-West District<\/span>\r\n          <span class=\"cfiq-show\"><\/span>\r\n        <\/button>\r\n      <\/h3>\r\n      <div class=\"comp-faq-answer default-text-box\">\r\n        <p>In 1987 an archaeology student at the University of Warsaw, discovered severely damaged remains of a burial. The grave contained fragments of a painted glass vessel. Already in the same year, a MAMM team headed by Stefan Woyda carried out a limited scope rescue dig, leading to the discovery of five features, including three Roman Period burials. One of the graves revealed additional fragments of the aforementioned glass vessel, which turned out to be a very rare painted beaker decorated with depictions of gladiators, dated to the second half of the 1st or the first half of the 2nd century AD. The archaeological record from the site suggests the functioning of a Przeworsk Culture cemetery between the 1st and 3rd century AD. Also found were the remains of a (hypothesised) settlement and a cemetery from the Early Middle Ages, as well as the remains of a mill.<\/p>\n<p>\u00a0<\/p>\n<p>In 2021, the Museum \u2013 in cooperation with the Faculty of Archaeology of the University of Warsaw \u2013 resumed the exploration of the cemetery and the nearby located \u2013 and dated to the same period \u2013 remains of a larger settlement with signs that it was an iron smelting centre.<\/p>\n<p>\u00a0<\/p>      <\/div>\r\n    <\/div>\r\n  \r\n<\/div>","protected":false},"excerpt":{"rendered":"<p>One of the aspects of the Museum\u2019s academic activities, pursued from the time it was established, are archaeological digs. Most of such work is carried out at the expansive settlements of the Mazovian Centre of Metallurgy. However, sites of different character, such as cemeteries or smaller settlements, also are explored. Below, there are short descriptions of selected sites excavated by the Museum\u2019s team.<\/p>\n","protected":false},"author":1,"featured_media":3084,"parent":3920,"menu_order":7,"comment_status":"closed","ping_status":"closed","template":"","meta":{"_acf_changed":false,"footnotes":""},"class_list":["post-3861","page","type-page","status-publish","has-post-thumbnail","hentry"],"acf":[],"yoast_head":"<!-- This site is optimized with the Yoast SEO plugin v27.2 - https:\/\/yoast.com\/product\/yoast-seo-wordpress\/ -->\n<title>Excavations - Muzeum Staro\u017cytnego Hutnictwa Mazowieckiego<\/title>\n<meta name=\"robots\" content=\"index, follow, max-snippet:-1, max-image-preview:large, max-video-preview:-1\" \/>\n<link rel=\"canonical\" href=\"https:\/\/mshm.pl\/en\/about-us\/excavations\/\" \/>\n<meta property=\"og:locale\" content=\"en_US\" \/>\n<meta property=\"og:type\" content=\"article\" \/>\n<meta property=\"og:title\" content=\"Excavations - Muzeum Staro\u017cytnego Hutnictwa Mazowieckiego\" \/>\n<meta property=\"og:description\" content=\"One of the aspects of the Museum\u2019s academic activities, pursued from the time it was established, are archaeological digs. Most of such work is carried out at the expansive settlements of the Mazovian Centre of Metallurgy. However, sites of different character, such as cemeteries or smaller settlements, also are explored. Below, there are short descriptions of selected sites excavated by the Museum\u2019s team.\" \/>\n<meta property=\"og:url\" content=\"https:\/\/mshm.pl\/en\/about-us\/excavations\/\" \/>\n<meta property=\"og:site_name\" content=\"Muzeum Staro\u017cytnego Hutnictwa Mazowieckiego\" \/>\n<meta property=\"article:publisher\" content=\"https:\/\/www.facebook.com\/pruszkow.mshm\" \/>\n<meta property=\"article:modified_time\" content=\"2022-02-24T14:22:48+00:00\" \/>\n<meta property=\"og:image\" content=\"https:\/\/mshm.pl\/wp-content\/uploads\/2022\/01\/mshm-badania-wykopaliskowe.jpg\" \/>\n\t<meta property=\"og:image:width\" content=\"1920\" \/>\n\t<meta property=\"og:image:height\" content=\"680\" \/>\n\t<meta property=\"og:image:type\" content=\"image\/jpeg\" \/>\n<meta name=\"twitter:card\" content=\"summary_large_image\" \/>\n<meta name=\"twitter:label1\" content=\"Est. reading time\" \/>\n\t<meta name=\"twitter:data1\" content=\"1 minute\" \/>\n<script type=\"application\/ld+json\" class=\"yoast-schema-graph\">{\"@context\":\"https:\/\/schema.org\",\"@graph\":[{\"@type\":\"WebPage\",\"@id\":\"https:\/\/mshm.pl\/en\/about-us\/excavations\/\",\"url\":\"https:\/\/mshm.pl\/en\/about-us\/excavations\/\",\"name\":\"Excavations - Muzeum Staro\u017cytnego Hutnictwa Mazowieckiego\",\"isPartOf\":{\"@id\":\"https:\/\/mshm.pl\/en\/#website\"},\"primaryImageOfPage\":{\"@id\":\"https:\/\/mshm.pl\/en\/about-us\/excavations\/#primaryimage\"},\"image\":{\"@id\":\"https:\/\/mshm.pl\/en\/about-us\/excavations\/#primaryimage\"},\"thumbnailUrl\":\"https:\/\/mshm.pl\/wp-content\/uploads\/2022\/01\/mshm-badania-wykopaliskowe.jpg\",\"datePublished\":\"2022-01-13T18:55:10+00:00\",\"dateModified\":\"2022-02-24T14:22:48+00:00\",\"breadcrumb\":{\"@id\":\"https:\/\/mshm.pl\/en\/about-us\/excavations\/#breadcrumb\"},\"inLanguage\":\"en-US\",\"potentialAction\":[{\"@type\":\"ReadAction\",\"target\":[\"https:\/\/mshm.pl\/en\/about-us\/excavations\/\"]}]},{\"@type\":\"ImageObject\",\"inLanguage\":\"en-US\",\"@id\":\"https:\/\/mshm.pl\/en\/about-us\/excavations\/#primaryimage\",\"url\":\"https:\/\/mshm.pl\/wp-content\/uploads\/2022\/01\/mshm-badania-wykopaliskowe.jpg\",\"contentUrl\":\"https:\/\/mshm.pl\/wp-content\/uploads\/2022\/01\/mshm-badania-wykopaliskowe.jpg\",\"width\":1920,\"height\":680,\"caption\":\"Excavations\"},{\"@type\":\"BreadcrumbList\",\"@id\":\"https:\/\/mshm.pl\/en\/about-us\/excavations\/#breadcrumb\",\"itemListElement\":[{\"@type\":\"ListItem\",\"position\":1,\"name\":\"Strona g\u0142\u00f3wna\",\"item\":\"https:\/\/mshm.pl\/en\/\"},{\"@type\":\"ListItem\",\"position\":2,\"name\":\"About us\",\"item\":\"https:\/\/mshm.pl\/en\/about-us\/\"},{\"@type\":\"ListItem\",\"position\":3,\"name\":\"Excavations\"}]},{\"@type\":\"WebSite\",\"@id\":\"https:\/\/mshm.pl\/en\/#website\",\"url\":\"https:\/\/mshm.pl\/en\/\",\"name\":\"Muzeum Staro\u017cytnego Hutnictwa Mazowieckiego\",\"description\":\"Muzeum Staro\u017cytnego Hutnictwa Mazowieckiego im. Stefana Woydy w Pruszkowie zajmuje si\u0119 badaniem, ochron\u0105 i promocj\u0105 unikatowego w skali Europy dziedzictwa pradziejowego, kt\u00f3rym jest Mazowieckie Centrum Metalurgiczne\",\"publisher\":{\"@id\":\"https:\/\/mshm.pl\/en\/#organization\"},\"potentialAction\":[{\"@type\":\"SearchAction\",\"target\":{\"@type\":\"EntryPoint\",\"urlTemplate\":\"https:\/\/mshm.pl\/en\/?s={search_term_string}\"},\"query-input\":{\"@type\":\"PropertyValueSpecification\",\"valueRequired\":true,\"valueName\":\"search_term_string\"}}],\"inLanguage\":\"en-US\"},{\"@type\":\"Organization\",\"@id\":\"https:\/\/mshm.pl\/en\/#organization\",\"name\":\"MSMH\",\"url\":\"https:\/\/mshm.pl\/en\/\",\"logo\":{\"@type\":\"ImageObject\",\"inLanguage\":\"en-US\",\"@id\":\"https:\/\/mshm.pl\/en\/#\/schema\/logo\/image\/\",\"url\":\"https:\/\/mshm.pl\/wp-content\/uploads\/2022\/03\/mshm-logo.png\",\"contentUrl\":\"https:\/\/mshm.pl\/wp-content\/uploads\/2022\/03\/mshm-logo.png\",\"width\":1997,\"height\":600,\"caption\":\"MSMH\"},\"image\":{\"@id\":\"https:\/\/mshm.pl\/en\/#\/schema\/logo\/image\/\"},\"sameAs\":[\"https:\/\/www.facebook.com\/pruszkow.mshm\",\"https:\/\/www.instagram.com\/muzeum_shm\/\",\"https:\/\/www.youtube.com\/channel\/UCXP_VzVPrFu9Bj3I8r89xdw\"]}]}<\/script>\n<!-- \/ Yoast SEO plugin. -->","yoast_head_json":{"title":"Excavations - Muzeum Staro\u017cytnego Hutnictwa Mazowieckiego","robots":{"index":"index","follow":"follow","max-snippet":"max-snippet:-1","max-image-preview":"max-image-preview:large","max-video-preview":"max-video-preview:-1"},"canonical":"https:\/\/mshm.pl\/en\/about-us\/excavations\/","og_locale":"en_US","og_type":"article","og_title":"Excavations - Muzeum Staro\u017cytnego Hutnictwa Mazowieckiego","og_description":"One of the aspects of the Museum\u2019s academic activities, pursued from the time it was established, are archaeological digs. Most of such work is carried out at the expansive settlements of the Mazovian Centre of Metallurgy. However, sites of different character, such as cemeteries or smaller settlements, also are explored. Below, there are short descriptions of selected sites excavated by the Museum\u2019s team.","og_url":"https:\/\/mshm.pl\/en\/about-us\/excavations\/","og_site_name":"Muzeum Staro\u017cytnego Hutnictwa Mazowieckiego","article_publisher":"https:\/\/www.facebook.com\/pruszkow.mshm","article_modified_time":"2022-02-24T14:22:48+00:00","og_image":[{"width":1920,"height":680,"url":"https:\/\/mshm.pl\/wp-content\/uploads\/2022\/01\/mshm-badania-wykopaliskowe.jpg","type":"image\/jpeg"}],"twitter_card":"summary_large_image","twitter_misc":{"Est. reading time":"1 minute"},"schema":{"@context":"https:\/\/schema.org","@graph":[{"@type":"WebPage","@id":"https:\/\/mshm.pl\/en\/about-us\/excavations\/","url":"https:\/\/mshm.pl\/en\/about-us\/excavations\/","name":"Excavations - Muzeum Staro\u017cytnego Hutnictwa Mazowieckiego","isPartOf":{"@id":"https:\/\/mshm.pl\/en\/#website"},"primaryImageOfPage":{"@id":"https:\/\/mshm.pl\/en\/about-us\/excavations\/#primaryimage"},"image":{"@id":"https:\/\/mshm.pl\/en\/about-us\/excavations\/#primaryimage"},"thumbnailUrl":"https:\/\/mshm.pl\/wp-content\/uploads\/2022\/01\/mshm-badania-wykopaliskowe.jpg","datePublished":"2022-01-13T18:55:10+00:00","dateModified":"2022-02-24T14:22:48+00:00","breadcrumb":{"@id":"https:\/\/mshm.pl\/en\/about-us\/excavations\/#breadcrumb"},"inLanguage":"en-US","potentialAction":[{"@type":"ReadAction","target":["https:\/\/mshm.pl\/en\/about-us\/excavations\/"]}]},{"@type":"ImageObject","inLanguage":"en-US","@id":"https:\/\/mshm.pl\/en\/about-us\/excavations\/#primaryimage","url":"https:\/\/mshm.pl\/wp-content\/uploads\/2022\/01\/mshm-badania-wykopaliskowe.jpg","contentUrl":"https:\/\/mshm.pl\/wp-content\/uploads\/2022\/01\/mshm-badania-wykopaliskowe.jpg","width":1920,"height":680,"caption":"Excavations"},{"@type":"BreadcrumbList","@id":"https:\/\/mshm.pl\/en\/about-us\/excavations\/#breadcrumb","itemListElement":[{"@type":"ListItem","position":1,"name":"Strona g\u0142\u00f3wna","item":"https:\/\/mshm.pl\/en\/"},{"@type":"ListItem","position":2,"name":"About us","item":"https:\/\/mshm.pl\/en\/about-us\/"},{"@type":"ListItem","position":3,"name":"Excavations"}]},{"@type":"WebSite","@id":"https:\/\/mshm.pl\/en\/#website","url":"https:\/\/mshm.pl\/en\/","name":"Muzeum Staro\u017cytnego Hutnictwa Mazowieckiego","description":"Muzeum Staro\u017cytnego Hutnictwa Mazowieckiego im. Stefana Woydy w Pruszkowie zajmuje si\u0119 badaniem, ochron\u0105 i promocj\u0105 unikatowego w skali Europy dziedzictwa pradziejowego, kt\u00f3rym jest Mazowieckie Centrum Metalurgiczne","publisher":{"@id":"https:\/\/mshm.pl\/en\/#organization"},"potentialAction":[{"@type":"SearchAction","target":{"@type":"EntryPoint","urlTemplate":"https:\/\/mshm.pl\/en\/?s={search_term_string}"},"query-input":{"@type":"PropertyValueSpecification","valueRequired":true,"valueName":"search_term_string"}}],"inLanguage":"en-US"},{"@type":"Organization","@id":"https:\/\/mshm.pl\/en\/#organization","name":"MSMH","url":"https:\/\/mshm.pl\/en\/","logo":{"@type":"ImageObject","inLanguage":"en-US","@id":"https:\/\/mshm.pl\/en\/#\/schema\/logo\/image\/","url":"https:\/\/mshm.pl\/wp-content\/uploads\/2022\/03\/mshm-logo.png","contentUrl":"https:\/\/mshm.pl\/wp-content\/uploads\/2022\/03\/mshm-logo.png","width":1997,"height":600,"caption":"MSMH"},"image":{"@id":"https:\/\/mshm.pl\/en\/#\/schema\/logo\/image\/"},"sameAs":["https:\/\/www.facebook.com\/pruszkow.mshm","https:\/\/www.instagram.com\/muzeum_shm\/","https:\/\/www.youtube.com\/channel\/UCXP_VzVPrFu9Bj3I8r89xdw"]}]}},"_links":{"self":[{"href":"https:\/\/mshm.pl\/en\/wp-json\/wp\/v2\/pages\/3861","targetHints":{"allow":["GET"]}}],"collection":[{"href":"https:\/\/mshm.pl\/en\/wp-json\/wp\/v2\/pages"}],"about":[{"href":"https:\/\/mshm.pl\/en\/wp-json\/wp\/v2\/types\/page"}],"author":[{"embeddable":true,"href":"https:\/\/mshm.pl\/en\/wp-json\/wp\/v2\/users\/1"}],"replies":[{"embeddable":true,"href":"https:\/\/mshm.pl\/en\/wp-json\/wp\/v2\/comments?post=3861"}],"version-history":[{"count":0,"href":"https:\/\/mshm.pl\/en\/wp-json\/wp\/v2\/pages\/3861\/revisions"}],"up":[{"embeddable":true,"href":"https:\/\/mshm.pl\/en\/wp-json\/wp\/v2\/pages\/3920"}],"wp:featuredmedia":[{"embeddable":true,"href":"https:\/\/mshm.pl\/en\/wp-json\/wp\/v2\/media\/3084"}],"wp:attachment":[{"href":"https:\/\/mshm.pl\/en\/wp-json\/wp\/v2\/media?parent=3861"}],"curies":[{"name":"wp","href":"https:\/\/api.w.org\/{rel}","templated":true}]}}