{"id":3841,"date":"2022-01-13T19:52:47","date_gmt":"2022-01-13T18:52:47","guid":{"rendered":"https:\/\/mshm.pl\/?page_id=3841"},"modified":"2022-02-17T15:47:19","modified_gmt":"2022-02-17T14:47:19","slug":"polish-archaeological-record","status":"publish","type":"page","link":"https:\/\/mshm.pl\/en\/about-us\/polish-archaeological-record\/","title":{"rendered":"Polish Archaeological Record"},"content":{"rendered":"\n<p>The Polish Archaeological Record is a countrywide programme aimed at taking an inventory of all signs of past human activity (so-called archaeological sites). Its main purpose is the protection of archaeological heritage, and it is also used for scientific purposes. Sites are catalogued using the results of so-called surface surveys, wherein artefacts found on the surface are registered. These are complemented with archival data and aerial photography and \u2013 the latest addition \u2013 digital terrain modelling.<\/p>\n\n\n\n<p>Records of archaeological sites visible on the surface of western Mazovia were made already in the 19th century. However, up to the 1960s, such efforts were arbitrary and unsystematic. The situation changed when <strong><a href=\"https:\/\/mshm.pl\/en\/our-mission\/patron\/\">Stefan Woyda<\/a><\/strong> took the post of the Heritage Conservator Officer for the Warsaw Voivodship. The young archaeologist set himself the task of taking an inventory of all archaeological sites in the area under his purview, including those not yet discovered. Hence, he developed a research programme called the Mazovia and Podlasie Archaeological Record. Western Mazovia \u2013 then a poorly explored area \u2013 was chosen to serve as the pilot. The method developed by Stefan Woyda was grounded in systematic surface surveys of all (!) accessible areas within the limits of the designated area. Further steps involved the preparation of unified inventory cards of discovered sites, listing their basic profile (type of site, character of discovered artefacts, dating etc.), as well as maps. The results of the programme surpassed his wildest dreams. Stefan Woyda discovered over 1,000 new archaeological sites, including the <strong><a href=\"https:\/\/mshm.pl\/en\/our-mission\/mazovian-centre-of-metallurgy\/\">Mazovian Centre of Metallurgy<\/a><\/strong>. His work in Mazovia showcased the need to carry out similar actions elsewhere in the country. This did indeed happen in 1978, with the launch of a countrywide project \u2013 the Polish Archaeological Record, whose design drew upon the experience gathered by Stefan Woyda in Mazovia.<\/p>\n","protected":false},"excerpt":{"rendered":"<p>The Polish Archaeological Record is a countrywide programme aimed at taking an inventory of all signs of past human activity (so-called archaeological sites). Its main purpose is the protection of archaeological heritage, and it is also used for scientific purposes. Sites are catalogued using the results of so-called surface surveys, wherein artefacts found on the surface are registered. These are complemented with archival data and aerial photography and \u2013 the latest addition \u2013 digital terrain modelling. Records of archaeological sites visible on the surface of western Mazovia were made already in the 19th century. However, up to the 1960s, such [&hellip;]<\/p>\n","protected":false},"author":1,"featured_media":3058,"parent":3920,"menu_order":4,"comment_status":"closed","ping_status":"closed","template":"","meta":{"_acf_changed":false,"footnotes":""},"class_list":["post-3841","page","type-page","status-publish","has-post-thumbnail","hentry"],"acf":[],"yoast_head":"<!-- This site is optimized with the Yoast SEO plugin v27.2 - https:\/\/yoast.com\/product\/yoast-seo-wordpress\/ -->\n<title>Polish Archaeological Record - Muzeum Staro\u017cytnego Hutnictwa Mazowieckiego<\/title>\n<meta name=\"robots\" content=\"index, follow, max-snippet:-1, max-image-preview:large, max-video-preview:-1\" \/>\n<link rel=\"canonical\" href=\"https:\/\/mshm.pl\/en\/about-us\/polish-archaeological-record\/\" \/>\n<meta property=\"og:locale\" content=\"en_US\" \/>\n<meta property=\"og:type\" content=\"article\" \/>\n<meta property=\"og:title\" content=\"Polish Archaeological Record - Muzeum Staro\u017cytnego Hutnictwa Mazowieckiego\" \/>\n<meta property=\"og:description\" content=\"The Polish Archaeological Record is a countrywide programme aimed at taking an inventory of all signs of past human activity (so-called archaeological sites). Its main purpose is the protection of archaeological heritage, and it is also used for scientific purposes. Sites are catalogued using the results of so-called surface surveys, wherein artefacts found on the surface are registered. These are complemented with archival data and aerial photography and \u2013 the latest addition \u2013 digital terrain modelling. Records of archaeological sites visible on the surface of western Mazovia were made already in the 19th century. However, up to the 1960s, such [&hellip;]\" \/>\n<meta property=\"og:url\" content=\"https:\/\/mshm.pl\/en\/about-us\/polish-archaeological-record\/\" \/>\n<meta property=\"og:site_name\" content=\"Muzeum Staro\u017cytnego Hutnictwa Mazowieckiego\" \/>\n<meta property=\"article:publisher\" content=\"https:\/\/www.facebook.com\/pruszkow.mshm\" \/>\n<meta property=\"article:modified_time\" content=\"2022-02-17T14:47:19+00:00\" \/>\n<meta property=\"og:image\" content=\"https:\/\/mshm.pl\/wp-content\/uploads\/2022\/01\/mshm-archeologiczne-zdjecie-polski.jpg\" \/>\n\t<meta property=\"og:image:width\" content=\"1920\" \/>\n\t<meta property=\"og:image:height\" content=\"680\" \/>\n\t<meta property=\"og:image:type\" content=\"image\/jpeg\" \/>\n<meta name=\"twitter:card\" content=\"summary_large_image\" \/>\n<meta name=\"twitter:label1\" content=\"Est. reading time\" \/>\n\t<meta name=\"twitter:data1\" content=\"2 minutes\" \/>\n<script type=\"application\/ld+json\" class=\"yoast-schema-graph\">{\"@context\":\"https:\/\/schema.org\",\"@graph\":[{\"@type\":\"WebPage\",\"@id\":\"https:\/\/mshm.pl\/en\/about-us\/polish-archaeological-record\/\",\"url\":\"https:\/\/mshm.pl\/en\/about-us\/polish-archaeological-record\/\",\"name\":\"Polish Archaeological Record - Muzeum Staro\u017cytnego Hutnictwa Mazowieckiego\",\"isPartOf\":{\"@id\":\"https:\/\/mshm.pl\/en\/#website\"},\"primaryImageOfPage\":{\"@id\":\"https:\/\/mshm.pl\/en\/about-us\/polish-archaeological-record\/#primaryimage\"},\"image\":{\"@id\":\"https:\/\/mshm.pl\/en\/about-us\/polish-archaeological-record\/#primaryimage\"},\"thumbnailUrl\":\"https:\/\/mshm.pl\/wp-content\/uploads\/2022\/01\/mshm-archeologiczne-zdjecie-polski.jpg\",\"datePublished\":\"2022-01-13T18:52:47+00:00\",\"dateModified\":\"2022-02-17T14:47:19+00:00\",\"breadcrumb\":{\"@id\":\"https:\/\/mshm.pl\/en\/about-us\/polish-archaeological-record\/#breadcrumb\"},\"inLanguage\":\"en-US\",\"potentialAction\":[{\"@type\":\"ReadAction\",\"target\":[\"https:\/\/mshm.pl\/en\/about-us\/polish-archaeological-record\/\"]}]},{\"@type\":\"ImageObject\",\"inLanguage\":\"en-US\",\"@id\":\"https:\/\/mshm.pl\/en\/about-us\/polish-archaeological-record\/#primaryimage\",\"url\":\"https:\/\/mshm.pl\/wp-content\/uploads\/2022\/01\/mshm-archeologiczne-zdjecie-polski.jpg\",\"contentUrl\":\"https:\/\/mshm.pl\/wp-content\/uploads\/2022\/01\/mshm-archeologiczne-zdjecie-polski.jpg\",\"width\":1920,\"height\":680,\"caption\":\"Polish Archaeological Record\"},{\"@type\":\"BreadcrumbList\",\"@id\":\"https:\/\/mshm.pl\/en\/about-us\/polish-archaeological-record\/#breadcrumb\",\"itemListElement\":[{\"@type\":\"ListItem\",\"position\":1,\"name\":\"Strona g\u0142\u00f3wna\",\"item\":\"https:\/\/mshm.pl\/en\/\"},{\"@type\":\"ListItem\",\"position\":2,\"name\":\"About us\",\"item\":\"https:\/\/mshm.pl\/en\/about-us\/\"},{\"@type\":\"ListItem\",\"position\":3,\"name\":\"Polish Archaeological Record\"}]},{\"@type\":\"WebSite\",\"@id\":\"https:\/\/mshm.pl\/en\/#website\",\"url\":\"https:\/\/mshm.pl\/en\/\",\"name\":\"Muzeum Staro\u017cytnego Hutnictwa Mazowieckiego\",\"description\":\"Muzeum Staro\u017cytnego Hutnictwa Mazowieckiego im. Stefana Woydy w Pruszkowie zajmuje si\u0119 badaniem, ochron\u0105 i promocj\u0105 unikatowego w skali Europy dziedzictwa pradziejowego, kt\u00f3rym jest Mazowieckie Centrum Metalurgiczne\",\"publisher\":{\"@id\":\"https:\/\/mshm.pl\/en\/#organization\"},\"potentialAction\":[{\"@type\":\"SearchAction\",\"target\":{\"@type\":\"EntryPoint\",\"urlTemplate\":\"https:\/\/mshm.pl\/en\/?s={search_term_string}\"},\"query-input\":{\"@type\":\"PropertyValueSpecification\",\"valueRequired\":true,\"valueName\":\"search_term_string\"}}],\"inLanguage\":\"en-US\"},{\"@type\":\"Organization\",\"@id\":\"https:\/\/mshm.pl\/en\/#organization\",\"name\":\"MSMH\",\"url\":\"https:\/\/mshm.pl\/en\/\",\"logo\":{\"@type\":\"ImageObject\",\"inLanguage\":\"en-US\",\"@id\":\"https:\/\/mshm.pl\/en\/#\/schema\/logo\/image\/\",\"url\":\"https:\/\/mshm.pl\/wp-content\/uploads\/2022\/03\/mshm-logo.png\",\"contentUrl\":\"https:\/\/mshm.pl\/wp-content\/uploads\/2022\/03\/mshm-logo.png\",\"width\":1997,\"height\":600,\"caption\":\"MSMH\"},\"image\":{\"@id\":\"https:\/\/mshm.pl\/en\/#\/schema\/logo\/image\/\"},\"sameAs\":[\"https:\/\/www.facebook.com\/pruszkow.mshm\",\"https:\/\/www.instagram.com\/muzeum_shm\/\",\"https:\/\/www.youtube.com\/channel\/UCXP_VzVPrFu9Bj3I8r89xdw\"]}]}<\/script>\n<!-- \/ Yoast SEO plugin. -->","yoast_head_json":{"title":"Polish Archaeological Record - Muzeum Staro\u017cytnego Hutnictwa Mazowieckiego","robots":{"index":"index","follow":"follow","max-snippet":"max-snippet:-1","max-image-preview":"max-image-preview:large","max-video-preview":"max-video-preview:-1"},"canonical":"https:\/\/mshm.pl\/en\/about-us\/polish-archaeological-record\/","og_locale":"en_US","og_type":"article","og_title":"Polish Archaeological Record - Muzeum Staro\u017cytnego Hutnictwa Mazowieckiego","og_description":"The Polish Archaeological Record is a countrywide programme aimed at taking an inventory of all signs of past human activity (so-called archaeological sites). Its main purpose is the protection of archaeological heritage, and it is also used for scientific purposes. Sites are catalogued using the results of so-called surface surveys, wherein artefacts found on the surface are registered. These are complemented with archival data and aerial photography and \u2013 the latest addition \u2013 digital terrain modelling. Records of archaeological sites visible on the surface of western Mazovia were made already in the 19th century. However, up to the 1960s, such [&hellip;]","og_url":"https:\/\/mshm.pl\/en\/about-us\/polish-archaeological-record\/","og_site_name":"Muzeum Staro\u017cytnego Hutnictwa Mazowieckiego","article_publisher":"https:\/\/www.facebook.com\/pruszkow.mshm","article_modified_time":"2022-02-17T14:47:19+00:00","og_image":[{"width":1920,"height":680,"url":"https:\/\/mshm.pl\/wp-content\/uploads\/2022\/01\/mshm-archeologiczne-zdjecie-polski.jpg","type":"image\/jpeg"}],"twitter_card":"summary_large_image","twitter_misc":{"Est. reading time":"2 minutes"},"schema":{"@context":"https:\/\/schema.org","@graph":[{"@type":"WebPage","@id":"https:\/\/mshm.pl\/en\/about-us\/polish-archaeological-record\/","url":"https:\/\/mshm.pl\/en\/about-us\/polish-archaeological-record\/","name":"Polish Archaeological Record - Muzeum Staro\u017cytnego Hutnictwa Mazowieckiego","isPartOf":{"@id":"https:\/\/mshm.pl\/en\/#website"},"primaryImageOfPage":{"@id":"https:\/\/mshm.pl\/en\/about-us\/polish-archaeological-record\/#primaryimage"},"image":{"@id":"https:\/\/mshm.pl\/en\/about-us\/polish-archaeological-record\/#primaryimage"},"thumbnailUrl":"https:\/\/mshm.pl\/wp-content\/uploads\/2022\/01\/mshm-archeologiczne-zdjecie-polski.jpg","datePublished":"2022-01-13T18:52:47+00:00","dateModified":"2022-02-17T14:47:19+00:00","breadcrumb":{"@id":"https:\/\/mshm.pl\/en\/about-us\/polish-archaeological-record\/#breadcrumb"},"inLanguage":"en-US","potentialAction":[{"@type":"ReadAction","target":["https:\/\/mshm.pl\/en\/about-us\/polish-archaeological-record\/"]}]},{"@type":"ImageObject","inLanguage":"en-US","@id":"https:\/\/mshm.pl\/en\/about-us\/polish-archaeological-record\/#primaryimage","url":"https:\/\/mshm.pl\/wp-content\/uploads\/2022\/01\/mshm-archeologiczne-zdjecie-polski.jpg","contentUrl":"https:\/\/mshm.pl\/wp-content\/uploads\/2022\/01\/mshm-archeologiczne-zdjecie-polski.jpg","width":1920,"height":680,"caption":"Polish Archaeological Record"},{"@type":"BreadcrumbList","@id":"https:\/\/mshm.pl\/en\/about-us\/polish-archaeological-record\/#breadcrumb","itemListElement":[{"@type":"ListItem","position":1,"name":"Strona g\u0142\u00f3wna","item":"https:\/\/mshm.pl\/en\/"},{"@type":"ListItem","position":2,"name":"About us","item":"https:\/\/mshm.pl\/en\/about-us\/"},{"@type":"ListItem","position":3,"name":"Polish Archaeological Record"}]},{"@type":"WebSite","@id":"https:\/\/mshm.pl\/en\/#website","url":"https:\/\/mshm.pl\/en\/","name":"Muzeum Staro\u017cytnego Hutnictwa Mazowieckiego","description":"Muzeum Staro\u017cytnego Hutnictwa Mazowieckiego im. Stefana Woydy w Pruszkowie zajmuje si\u0119 badaniem, ochron\u0105 i promocj\u0105 unikatowego w skali Europy dziedzictwa pradziejowego, kt\u00f3rym jest Mazowieckie Centrum Metalurgiczne","publisher":{"@id":"https:\/\/mshm.pl\/en\/#organization"},"potentialAction":[{"@type":"SearchAction","target":{"@type":"EntryPoint","urlTemplate":"https:\/\/mshm.pl\/en\/?s={search_term_string}"},"query-input":{"@type":"PropertyValueSpecification","valueRequired":true,"valueName":"search_term_string"}}],"inLanguage":"en-US"},{"@type":"Organization","@id":"https:\/\/mshm.pl\/en\/#organization","name":"MSMH","url":"https:\/\/mshm.pl\/en\/","logo":{"@type":"ImageObject","inLanguage":"en-US","@id":"https:\/\/mshm.pl\/en\/#\/schema\/logo\/image\/","url":"https:\/\/mshm.pl\/wp-content\/uploads\/2022\/03\/mshm-logo.png","contentUrl":"https:\/\/mshm.pl\/wp-content\/uploads\/2022\/03\/mshm-logo.png","width":1997,"height":600,"caption":"MSMH"},"image":{"@id":"https:\/\/mshm.pl\/en\/#\/schema\/logo\/image\/"},"sameAs":["https:\/\/www.facebook.com\/pruszkow.mshm","https:\/\/www.instagram.com\/muzeum_shm\/","https:\/\/www.youtube.com\/channel\/UCXP_VzVPrFu9Bj3I8r89xdw"]}]}},"_links":{"self":[{"href":"https:\/\/mshm.pl\/en\/wp-json\/wp\/v2\/pages\/3841","targetHints":{"allow":["GET"]}}],"collection":[{"href":"https:\/\/mshm.pl\/en\/wp-json\/wp\/v2\/pages"}],"about":[{"href":"https:\/\/mshm.pl\/en\/wp-json\/wp\/v2\/types\/page"}],"author":[{"embeddable":true,"href":"https:\/\/mshm.pl\/en\/wp-json\/wp\/v2\/users\/1"}],"replies":[{"embeddable":true,"href":"https:\/\/mshm.pl\/en\/wp-json\/wp\/v2\/comments?post=3841"}],"version-history":[{"count":0,"href":"https:\/\/mshm.pl\/en\/wp-json\/wp\/v2\/pages\/3841\/revisions"}],"up":[{"embeddable":true,"href":"https:\/\/mshm.pl\/en\/wp-json\/wp\/v2\/pages\/3920"}],"wp:featuredmedia":[{"embeddable":true,"href":"https:\/\/mshm.pl\/en\/wp-json\/wp\/v2\/media\/3058"}],"wp:attachment":[{"href":"https:\/\/mshm.pl\/en\/wp-json\/wp\/v2\/media?parent=3841"}],"curies":[{"name":"wp","href":"https:\/\/api.w.org\/{rel}","templated":true}]}}