{"id":3831,"date":"2022-01-13T19:52:20","date_gmt":"2022-01-13T18:52:20","guid":{"rendered":"https:\/\/mshm.pl\/?page_id=3831"},"modified":"2022-02-17T15:46:24","modified_gmt":"2022-02-17T14:46:24","slug":"patron","status":"publish","type":"page","link":"https:\/\/mshm.pl\/en\/about-us\/patron\/","title":{"rendered":"Patron"},"content":{"rendered":"\n<p>Stefan Woyda (1938\u20132006) \u2013 archaeologist, animator of cultural life, creator and long-serving Director of the Museum of Ancient Mazovian Metallurgy in Pruszk\u00f3w.<\/p>\n\n\n\n<p>Stefan Woyda was born in the summer of 1938 in Warsaw. After secondary school, he studied archaeology at the then Prehistoric Archaeology Department at the University of Warsaw. After graduation, his extensive experience in fieldwork, skills and knowledge acquired during his student years led him to the post of the Heritage Conservation Officer for the Warsaw Voivodship, which he held between 1964 and 1975. Those eleven years were a period of intensive fieldwork (archaeological digs, inspections, etc.). In order to protect the local archaeological heritage, he designed and implemented a programme of surface surveys called the Mazovia and Podlasie Archaeological Record (see <a href=\"https:\/\/mshm.pl\/en\/our-mission\/polish-archaeological-record\/\"><strong>PAR<\/strong><\/a>). Stefan Woyda\u2019s exploration of Mazovia led to the discovery of over 1,000 archaeological sites, including one of the largest industrial centres of Ancient Europe \u2013 the <strong><a href=\"https:\/\/mshm.pl\/en\/our-mission\/mazovian-centre-of-metallurgy\/\">Mazovian Centre of Metallurgy<\/a><\/strong>. Its discovery inspired him to champion the establishment of the Museum of Ancient Mazovian Metallurgy \u2013 an institution dedicated to the preservation, research and popularisation of knowledge about this phenomenon. The Museum, opened in 1975 in Pruszk\u00f3w, quickly became a local cultural centre, with activities reaching far beyond the frames of the broadly understood archaeological heritage. This breadth of scope was in large part due to the founder\u2019s and first Director\u2019s creativity and ceaseless efforts. In 2006, the Museum was named after Stefan Woyda and bears his name to this day.<\/p>\n","protected":false},"excerpt":{"rendered":"<p>Stefan Woyda (1938\u20132006) \u2013 archaeologist, animator of cultural life, creator and long-serving Director of the Museum of Ancient Mazovian Metallurgy in Pruszk\u00f3w. Stefan Woyda was born in the summer of 1938 in Warsaw. After secondary school, he studied archaeology at the then Prehistoric Archaeology Department at the University of Warsaw. After graduation, his extensive experience in fieldwork, skills and knowledge acquired during his student years led him to the post of the Heritage Conservation Officer for the Warsaw Voivodship, which he held between 1964 and 1975. Those eleven years were a period of intensive fieldwork (archaeological digs, inspections, etc.). In [&hellip;]<\/p>\n","protected":false},"author":1,"featured_media":3454,"parent":3920,"menu_order":3,"comment_status":"closed","ping_status":"closed","template":"","meta":{"_acf_changed":false,"footnotes":""},"class_list":["post-3831","page","type-page","status-publish","has-post-thumbnail","hentry"],"acf":[],"yoast_head":"<!-- This site is optimized with the Yoast SEO plugin v27.2 - https:\/\/yoast.com\/product\/yoast-seo-wordpress\/ -->\n<title>Patron - Muzeum Staro\u017cytnego Hutnictwa Mazowieckiego<\/title>\n<meta name=\"robots\" content=\"index, follow, max-snippet:-1, max-image-preview:large, max-video-preview:-1\" \/>\n<link rel=\"canonical\" href=\"https:\/\/mshm.pl\/en\/about-us\/patron\/\" \/>\n<meta property=\"og:locale\" content=\"en_US\" \/>\n<meta property=\"og:type\" content=\"article\" \/>\n<meta property=\"og:title\" content=\"Patron - Muzeum Staro\u017cytnego Hutnictwa Mazowieckiego\" \/>\n<meta property=\"og:description\" content=\"Stefan Woyda (1938\u20132006) \u2013 archaeologist, animator of cultural life, creator and long-serving Director of the Museum of Ancient Mazovian Metallurgy in Pruszk\u00f3w. Stefan Woyda was born in the summer of 1938 in Warsaw. After secondary school, he studied archaeology at the then Prehistoric Archaeology Department at the University of Warsaw. After graduation, his extensive experience in fieldwork, skills and knowledge acquired during his student years led him to the post of the Heritage Conservation Officer for the Warsaw Voivodship, which he held between 1964 and 1975. Those eleven years were a period of intensive fieldwork (archaeological digs, inspections, etc.). In [&hellip;]\" \/>\n<meta property=\"og:url\" content=\"https:\/\/mshm.pl\/en\/about-us\/patron\/\" \/>\n<meta property=\"og:site_name\" content=\"Muzeum Staro\u017cytnego Hutnictwa Mazowieckiego\" \/>\n<meta property=\"article:publisher\" content=\"https:\/\/www.facebook.com\/pruszkow.mshm\" \/>\n<meta property=\"article:modified_time\" content=\"2022-02-17T14:46:24+00:00\" \/>\n<meta property=\"og:image\" content=\"https:\/\/mshm.pl\/wp-content\/uploads\/2022\/01\/mshm-patron-muzeum.jpg\" \/>\n\t<meta property=\"og:image:width\" content=\"1920\" \/>\n\t<meta property=\"og:image:height\" content=\"1218\" \/>\n\t<meta property=\"og:image:type\" content=\"image\/jpeg\" \/>\n<meta name=\"twitter:card\" content=\"summary_large_image\" \/>\n<meta name=\"twitter:label1\" content=\"Est. reading time\" \/>\n\t<meta name=\"twitter:data1\" content=\"2 minutes\" \/>\n<script type=\"application\/ld+json\" class=\"yoast-schema-graph\">{\"@context\":\"https:\/\/schema.org\",\"@graph\":[{\"@type\":\"WebPage\",\"@id\":\"https:\/\/mshm.pl\/en\/about-us\/patron\/\",\"url\":\"https:\/\/mshm.pl\/en\/about-us\/patron\/\",\"name\":\"Patron - Muzeum Staro\u017cytnego Hutnictwa Mazowieckiego\",\"isPartOf\":{\"@id\":\"https:\/\/mshm.pl\/en\/#website\"},\"primaryImageOfPage\":{\"@id\":\"https:\/\/mshm.pl\/en\/about-us\/patron\/#primaryimage\"},\"image\":{\"@id\":\"https:\/\/mshm.pl\/en\/about-us\/patron\/#primaryimage\"},\"thumbnailUrl\":\"https:\/\/mshm.pl\/wp-content\/uploads\/2022\/01\/mshm-patron-muzeum.jpg\",\"datePublished\":\"2022-01-13T18:52:20+00:00\",\"dateModified\":\"2022-02-17T14:46:24+00:00\",\"breadcrumb\":{\"@id\":\"https:\/\/mshm.pl\/en\/about-us\/patron\/#breadcrumb\"},\"inLanguage\":\"en-US\",\"potentialAction\":[{\"@type\":\"ReadAction\",\"target\":[\"https:\/\/mshm.pl\/en\/about-us\/patron\/\"]}]},{\"@type\":\"ImageObject\",\"inLanguage\":\"en-US\",\"@id\":\"https:\/\/mshm.pl\/en\/about-us\/patron\/#primaryimage\",\"url\":\"https:\/\/mshm.pl\/wp-content\/uploads\/2022\/01\/mshm-patron-muzeum.jpg\",\"contentUrl\":\"https:\/\/mshm.pl\/wp-content\/uploads\/2022\/01\/mshm-patron-muzeum.jpg\",\"width\":1920,\"height\":1218,\"caption\":\"Patron\"},{\"@type\":\"BreadcrumbList\",\"@id\":\"https:\/\/mshm.pl\/en\/about-us\/patron\/#breadcrumb\",\"itemListElement\":[{\"@type\":\"ListItem\",\"position\":1,\"name\":\"Strona g\u0142\u00f3wna\",\"item\":\"https:\/\/mshm.pl\/en\/\"},{\"@type\":\"ListItem\",\"position\":2,\"name\":\"About us\",\"item\":\"https:\/\/mshm.pl\/en\/about-us\/\"},{\"@type\":\"ListItem\",\"position\":3,\"name\":\"Patron\"}]},{\"@type\":\"WebSite\",\"@id\":\"https:\/\/mshm.pl\/en\/#website\",\"url\":\"https:\/\/mshm.pl\/en\/\",\"name\":\"Muzeum Staro\u017cytnego Hutnictwa Mazowieckiego\",\"description\":\"Muzeum Staro\u017cytnego Hutnictwa Mazowieckiego im. Stefana Woydy w Pruszkowie zajmuje si\u0119 badaniem, ochron\u0105 i promocj\u0105 unikatowego w skali Europy dziedzictwa pradziejowego, kt\u00f3rym jest Mazowieckie Centrum Metalurgiczne\",\"publisher\":{\"@id\":\"https:\/\/mshm.pl\/en\/#organization\"},\"potentialAction\":[{\"@type\":\"SearchAction\",\"target\":{\"@type\":\"EntryPoint\",\"urlTemplate\":\"https:\/\/mshm.pl\/en\/?s={search_term_string}\"},\"query-input\":{\"@type\":\"PropertyValueSpecification\",\"valueRequired\":true,\"valueName\":\"search_term_string\"}}],\"inLanguage\":\"en-US\"},{\"@type\":\"Organization\",\"@id\":\"https:\/\/mshm.pl\/en\/#organization\",\"name\":\"MSMH\",\"url\":\"https:\/\/mshm.pl\/en\/\",\"logo\":{\"@type\":\"ImageObject\",\"inLanguage\":\"en-US\",\"@id\":\"https:\/\/mshm.pl\/en\/#\/schema\/logo\/image\/\",\"url\":\"https:\/\/mshm.pl\/wp-content\/uploads\/2022\/03\/mshm-logo.png\",\"contentUrl\":\"https:\/\/mshm.pl\/wp-content\/uploads\/2022\/03\/mshm-logo.png\",\"width\":1997,\"height\":600,\"caption\":\"MSMH\"},\"image\":{\"@id\":\"https:\/\/mshm.pl\/en\/#\/schema\/logo\/image\/\"},\"sameAs\":[\"https:\/\/www.facebook.com\/pruszkow.mshm\",\"https:\/\/www.instagram.com\/muzeum_shm\/\",\"https:\/\/www.youtube.com\/channel\/UCXP_VzVPrFu9Bj3I8r89xdw\"]}]}<\/script>\n<!-- \/ Yoast SEO plugin. -->","yoast_head_json":{"title":"Patron - Muzeum Staro\u017cytnego Hutnictwa Mazowieckiego","robots":{"index":"index","follow":"follow","max-snippet":"max-snippet:-1","max-image-preview":"max-image-preview:large","max-video-preview":"max-video-preview:-1"},"canonical":"https:\/\/mshm.pl\/en\/about-us\/patron\/","og_locale":"en_US","og_type":"article","og_title":"Patron - Muzeum Staro\u017cytnego Hutnictwa Mazowieckiego","og_description":"Stefan Woyda (1938\u20132006) \u2013 archaeologist, animator of cultural life, creator and long-serving Director of the Museum of Ancient Mazovian Metallurgy in Pruszk\u00f3w. Stefan Woyda was born in the summer of 1938 in Warsaw. After secondary school, he studied archaeology at the then Prehistoric Archaeology Department at the University of Warsaw. After graduation, his extensive experience in fieldwork, skills and knowledge acquired during his student years led him to the post of the Heritage Conservation Officer for the Warsaw Voivodship, which he held between 1964 and 1975. Those eleven years were a period of intensive fieldwork (archaeological digs, inspections, etc.). In [&hellip;]","og_url":"https:\/\/mshm.pl\/en\/about-us\/patron\/","og_site_name":"Muzeum Staro\u017cytnego Hutnictwa Mazowieckiego","article_publisher":"https:\/\/www.facebook.com\/pruszkow.mshm","article_modified_time":"2022-02-17T14:46:24+00:00","og_image":[{"width":1920,"height":1218,"url":"https:\/\/mshm.pl\/wp-content\/uploads\/2022\/01\/mshm-patron-muzeum.jpg","type":"image\/jpeg"}],"twitter_card":"summary_large_image","twitter_misc":{"Est. reading time":"2 minutes"},"schema":{"@context":"https:\/\/schema.org","@graph":[{"@type":"WebPage","@id":"https:\/\/mshm.pl\/en\/about-us\/patron\/","url":"https:\/\/mshm.pl\/en\/about-us\/patron\/","name":"Patron - Muzeum Staro\u017cytnego Hutnictwa Mazowieckiego","isPartOf":{"@id":"https:\/\/mshm.pl\/en\/#website"},"primaryImageOfPage":{"@id":"https:\/\/mshm.pl\/en\/about-us\/patron\/#primaryimage"},"image":{"@id":"https:\/\/mshm.pl\/en\/about-us\/patron\/#primaryimage"},"thumbnailUrl":"https:\/\/mshm.pl\/wp-content\/uploads\/2022\/01\/mshm-patron-muzeum.jpg","datePublished":"2022-01-13T18:52:20+00:00","dateModified":"2022-02-17T14:46:24+00:00","breadcrumb":{"@id":"https:\/\/mshm.pl\/en\/about-us\/patron\/#breadcrumb"},"inLanguage":"en-US","potentialAction":[{"@type":"ReadAction","target":["https:\/\/mshm.pl\/en\/about-us\/patron\/"]}]},{"@type":"ImageObject","inLanguage":"en-US","@id":"https:\/\/mshm.pl\/en\/about-us\/patron\/#primaryimage","url":"https:\/\/mshm.pl\/wp-content\/uploads\/2022\/01\/mshm-patron-muzeum.jpg","contentUrl":"https:\/\/mshm.pl\/wp-content\/uploads\/2022\/01\/mshm-patron-muzeum.jpg","width":1920,"height":1218,"caption":"Patron"},{"@type":"BreadcrumbList","@id":"https:\/\/mshm.pl\/en\/about-us\/patron\/#breadcrumb","itemListElement":[{"@type":"ListItem","position":1,"name":"Strona g\u0142\u00f3wna","item":"https:\/\/mshm.pl\/en\/"},{"@type":"ListItem","position":2,"name":"About us","item":"https:\/\/mshm.pl\/en\/about-us\/"},{"@type":"ListItem","position":3,"name":"Patron"}]},{"@type":"WebSite","@id":"https:\/\/mshm.pl\/en\/#website","url":"https:\/\/mshm.pl\/en\/","name":"Muzeum Staro\u017cytnego Hutnictwa Mazowieckiego","description":"Muzeum Staro\u017cytnego Hutnictwa Mazowieckiego im. Stefana Woydy w Pruszkowie zajmuje si\u0119 badaniem, ochron\u0105 i promocj\u0105 unikatowego w skali Europy dziedzictwa pradziejowego, kt\u00f3rym jest Mazowieckie Centrum Metalurgiczne","publisher":{"@id":"https:\/\/mshm.pl\/en\/#organization"},"potentialAction":[{"@type":"SearchAction","target":{"@type":"EntryPoint","urlTemplate":"https:\/\/mshm.pl\/en\/?s={search_term_string}"},"query-input":{"@type":"PropertyValueSpecification","valueRequired":true,"valueName":"search_term_string"}}],"inLanguage":"en-US"},{"@type":"Organization","@id":"https:\/\/mshm.pl\/en\/#organization","name":"MSMH","url":"https:\/\/mshm.pl\/en\/","logo":{"@type":"ImageObject","inLanguage":"en-US","@id":"https:\/\/mshm.pl\/en\/#\/schema\/logo\/image\/","url":"https:\/\/mshm.pl\/wp-content\/uploads\/2022\/03\/mshm-logo.png","contentUrl":"https:\/\/mshm.pl\/wp-content\/uploads\/2022\/03\/mshm-logo.png","width":1997,"height":600,"caption":"MSMH"},"image":{"@id":"https:\/\/mshm.pl\/en\/#\/schema\/logo\/image\/"},"sameAs":["https:\/\/www.facebook.com\/pruszkow.mshm","https:\/\/www.instagram.com\/muzeum_shm\/","https:\/\/www.youtube.com\/channel\/UCXP_VzVPrFu9Bj3I8r89xdw"]}]}},"_links":{"self":[{"href":"https:\/\/mshm.pl\/en\/wp-json\/wp\/v2\/pages\/3831","targetHints":{"allow":["GET"]}}],"collection":[{"href":"https:\/\/mshm.pl\/en\/wp-json\/wp\/v2\/pages"}],"about":[{"href":"https:\/\/mshm.pl\/en\/wp-json\/wp\/v2\/types\/page"}],"author":[{"embeddable":true,"href":"https:\/\/mshm.pl\/en\/wp-json\/wp\/v2\/users\/1"}],"replies":[{"embeddable":true,"href":"https:\/\/mshm.pl\/en\/wp-json\/wp\/v2\/comments?post=3831"}],"version-history":[{"count":0,"href":"https:\/\/mshm.pl\/en\/wp-json\/wp\/v2\/pages\/3831\/revisions"}],"up":[{"embeddable":true,"href":"https:\/\/mshm.pl\/en\/wp-json\/wp\/v2\/pages\/3920"}],"wp:featuredmedia":[{"embeddable":true,"href":"https:\/\/mshm.pl\/en\/wp-json\/wp\/v2\/media\/3454"}],"wp:attachment":[{"href":"https:\/\/mshm.pl\/en\/wp-json\/wp\/v2\/media?parent=3831"}],"curies":[{"name":"wp","href":"https:\/\/api.w.org\/{rel}","templated":true}]}}