{"id":3826,"date":"2022-01-13T19:52:09","date_gmt":"2022-01-13T18:52:09","guid":{"rendered":"https:\/\/mshm.pl\/?page_id=3826"},"modified":"2022-02-17T15:45:17","modified_gmt":"2022-02-17T14:45:17","slug":"seat","status":"publish","type":"page","link":"https:\/\/mshm.pl\/en\/about-us\/seat\/","title":{"rendered":"Seat"},"content":{"rendered":"\n<p>The Museum is located in the 19th-century manor-park complex of the Potulicki Family, the oldest spatial element of Pruszk\u00f3w. The institution occupies a classicist manor outbuilding which in 1987 was put in the Protected Building Register. The picturesque northern face of the building hints at an Alpine style, with exquisite woodwork in Tyrolean fashion. Originally a building mixing utility and habitation functions, today it houses exposition halls, reader rooms and offices. The southern section is occupied by a glass orangery; its secondary role was a wagon shed. Its acoustic properties transformed it into a wonderful concert hall. The tallest element of the building is the characteristic tower \u2013 topped with a cock-shaped weathervane \u2013 which held water tanks. A manor cellar, so-called icehouse \u2013 one of the few utility buildings which survived to this day \u2013 is located near the outbuilding. The arched brick ceiling of the icehouse is unique in entire Mazovia. In 2014, a modern warehouse for the Museum\u2019s collection was built between the icehouse and the museum building proper.<\/p>\n\n\n\n<p>The Museum is surrounded by a park open to the Public. Vegetation includes various species of flowers, trees and shrubs including \u2013 near the icehouse \u2013 a grey poplar (<em>Populus canescens<\/em>) classified as a Living Nature Monument. The park\u2019s \u201csmall architecture\u201d, consisting of a pergola and a small amphitheatre, is rounded out by sculptures by contemporary Polish artists inspired by ancient Mazovian metallurgy. A section of the park behind the Museum\u2019s main building is used for a display of lumps of bloomery slag \u2013 the remains of smelting iron in Antiquity, excavated at Mazovian iron smelting settlements. While strolling across the park, visitors may come across an erratic \u2013 the sole Unanimated Nature Monument in the Pruszk\u00f3w District.<\/p>\n","protected":false},"excerpt":{"rendered":"<p>The Museum is located in the 19th-century manor-park complex of the Potulicki Family, the oldest spatial element of Pruszk\u00f3w. The institution occupies a classicist manor outbuilding which in 1987 was put in the Protected Building Register. The picturesque northern face of the building hints at an Alpine style, with exquisite woodwork in Tyrolean fashion. Originally a building mixing utility and habitation functions, today it houses exposition halls, reader rooms and offices. The southern section is occupied by a glass orangery; its secondary role was a wagon shed. Its acoustic properties transformed it into a wonderful concert hall. The tallest element [&hellip;]<\/p>\n","protected":false},"author":1,"featured_media":3476,"parent":3920,"menu_order":2,"comment_status":"closed","ping_status":"closed","template":"","meta":{"_acf_changed":false,"footnotes":""},"class_list":["post-3826","page","type-page","status-publish","has-post-thumbnail","hentry"],"acf":[],"yoast_head":"<!-- This site is optimized with the Yoast SEO plugin v27.2 - https:\/\/yoast.com\/product\/yoast-seo-wordpress\/ -->\n<title>Seat - Muzeum Staro\u017cytnego Hutnictwa Mazowieckiego<\/title>\n<meta name=\"robots\" content=\"index, follow, max-snippet:-1, max-image-preview:large, max-video-preview:-1\" \/>\n<link rel=\"canonical\" href=\"https:\/\/mshm.pl\/en\/about-us\/seat\/\" \/>\n<meta property=\"og:locale\" content=\"en_US\" \/>\n<meta property=\"og:type\" content=\"article\" \/>\n<meta property=\"og:title\" content=\"Seat - Muzeum Staro\u017cytnego Hutnictwa Mazowieckiego\" \/>\n<meta property=\"og:description\" content=\"The Museum is located in the 19th-century manor-park complex of the Potulicki Family, the oldest spatial element of Pruszk\u00f3w. The institution occupies a classicist manor outbuilding which in 1987 was put in the Protected Building Register. The picturesque northern face of the building hints at an Alpine style, with exquisite woodwork in Tyrolean fashion. Originally a building mixing utility and habitation functions, today it houses exposition halls, reader rooms and offices. The southern section is occupied by a glass orangery; its secondary role was a wagon shed. Its acoustic properties transformed it into a wonderful concert hall. The tallest element [&hellip;]\" \/>\n<meta property=\"og:url\" content=\"https:\/\/mshm.pl\/en\/about-us\/seat\/\" \/>\n<meta property=\"og:site_name\" content=\"Muzeum Staro\u017cytnego Hutnictwa Mazowieckiego\" \/>\n<meta property=\"article:publisher\" content=\"https:\/\/www.facebook.com\/pruszkow.mshm\" \/>\n<meta property=\"article:modified_time\" content=\"2022-02-17T14:45:17+00:00\" \/>\n<meta property=\"og:image\" content=\"https:\/\/mshm.pl\/wp-content\/uploads\/2022\/02\/mshm-siedziba.jpg\" \/>\n\t<meta property=\"og:image:width\" content=\"1920\" \/>\n\t<meta property=\"og:image:height\" content=\"680\" \/>\n\t<meta property=\"og:image:type\" content=\"image\/jpeg\" \/>\n<meta name=\"twitter:card\" content=\"summary_large_image\" \/>\n<meta name=\"twitter:label1\" content=\"Est. reading time\" \/>\n\t<meta name=\"twitter:data1\" content=\"2 minutes\" \/>\n<script type=\"application\/ld+json\" class=\"yoast-schema-graph\">{\"@context\":\"https:\/\/schema.org\",\"@graph\":[{\"@type\":\"WebPage\",\"@id\":\"https:\/\/mshm.pl\/en\/about-us\/seat\/\",\"url\":\"https:\/\/mshm.pl\/en\/about-us\/seat\/\",\"name\":\"Seat - Muzeum Staro\u017cytnego Hutnictwa Mazowieckiego\",\"isPartOf\":{\"@id\":\"https:\/\/mshm.pl\/en\/#website\"},\"primaryImageOfPage\":{\"@id\":\"https:\/\/mshm.pl\/en\/about-us\/seat\/#primaryimage\"},\"image\":{\"@id\":\"https:\/\/mshm.pl\/en\/about-us\/seat\/#primaryimage\"},\"thumbnailUrl\":\"https:\/\/mshm.pl\/wp-content\/uploads\/2022\/02\/mshm-siedziba.jpg\",\"datePublished\":\"2022-01-13T18:52:09+00:00\",\"dateModified\":\"2022-02-17T14:45:17+00:00\",\"breadcrumb\":{\"@id\":\"https:\/\/mshm.pl\/en\/about-us\/seat\/#breadcrumb\"},\"inLanguage\":\"en-US\",\"potentialAction\":[{\"@type\":\"ReadAction\",\"target\":[\"https:\/\/mshm.pl\/en\/about-us\/seat\/\"]}]},{\"@type\":\"ImageObject\",\"inLanguage\":\"en-US\",\"@id\":\"https:\/\/mshm.pl\/en\/about-us\/seat\/#primaryimage\",\"url\":\"https:\/\/mshm.pl\/wp-content\/uploads\/2022\/02\/mshm-siedziba.jpg\",\"contentUrl\":\"https:\/\/mshm.pl\/wp-content\/uploads\/2022\/02\/mshm-siedziba.jpg\",\"width\":1920,\"height\":680,\"caption\":\"Seat\"},{\"@type\":\"BreadcrumbList\",\"@id\":\"https:\/\/mshm.pl\/en\/about-us\/seat\/#breadcrumb\",\"itemListElement\":[{\"@type\":\"ListItem\",\"position\":1,\"name\":\"Strona g\u0142\u00f3wna\",\"item\":\"https:\/\/mshm.pl\/en\/\"},{\"@type\":\"ListItem\",\"position\":2,\"name\":\"About us\",\"item\":\"https:\/\/mshm.pl\/en\/about-us\/\"},{\"@type\":\"ListItem\",\"position\":3,\"name\":\"Seat\"}]},{\"@type\":\"WebSite\",\"@id\":\"https:\/\/mshm.pl\/en\/#website\",\"url\":\"https:\/\/mshm.pl\/en\/\",\"name\":\"Muzeum Staro\u017cytnego Hutnictwa Mazowieckiego\",\"description\":\"Muzeum Staro\u017cytnego Hutnictwa Mazowieckiego im. Stefana Woydy w Pruszkowie zajmuje si\u0119 badaniem, ochron\u0105 i promocj\u0105 unikatowego w skali Europy dziedzictwa pradziejowego, kt\u00f3rym jest Mazowieckie Centrum Metalurgiczne\",\"publisher\":{\"@id\":\"https:\/\/mshm.pl\/en\/#organization\"},\"potentialAction\":[{\"@type\":\"SearchAction\",\"target\":{\"@type\":\"EntryPoint\",\"urlTemplate\":\"https:\/\/mshm.pl\/en\/?s={search_term_string}\"},\"query-input\":{\"@type\":\"PropertyValueSpecification\",\"valueRequired\":true,\"valueName\":\"search_term_string\"}}],\"inLanguage\":\"en-US\"},{\"@type\":\"Organization\",\"@id\":\"https:\/\/mshm.pl\/en\/#organization\",\"name\":\"MSMH\",\"url\":\"https:\/\/mshm.pl\/en\/\",\"logo\":{\"@type\":\"ImageObject\",\"inLanguage\":\"en-US\",\"@id\":\"https:\/\/mshm.pl\/en\/#\/schema\/logo\/image\/\",\"url\":\"https:\/\/mshm.pl\/wp-content\/uploads\/2022\/03\/mshm-logo.png\",\"contentUrl\":\"https:\/\/mshm.pl\/wp-content\/uploads\/2022\/03\/mshm-logo.png\",\"width\":1997,\"height\":600,\"caption\":\"MSMH\"},\"image\":{\"@id\":\"https:\/\/mshm.pl\/en\/#\/schema\/logo\/image\/\"},\"sameAs\":[\"https:\/\/www.facebook.com\/pruszkow.mshm\",\"https:\/\/www.instagram.com\/muzeum_shm\/\",\"https:\/\/www.youtube.com\/channel\/UCXP_VzVPrFu9Bj3I8r89xdw\"]}]}<\/script>\n<!-- \/ Yoast SEO plugin. -->","yoast_head_json":{"title":"Seat - Muzeum Staro\u017cytnego Hutnictwa Mazowieckiego","robots":{"index":"index","follow":"follow","max-snippet":"max-snippet:-1","max-image-preview":"max-image-preview:large","max-video-preview":"max-video-preview:-1"},"canonical":"https:\/\/mshm.pl\/en\/about-us\/seat\/","og_locale":"en_US","og_type":"article","og_title":"Seat - Muzeum Staro\u017cytnego Hutnictwa Mazowieckiego","og_description":"The Museum is located in the 19th-century manor-park complex of the Potulicki Family, the oldest spatial element of Pruszk\u00f3w. The institution occupies a classicist manor outbuilding which in 1987 was put in the Protected Building Register. The picturesque northern face of the building hints at an Alpine style, with exquisite woodwork in Tyrolean fashion. Originally a building mixing utility and habitation functions, today it houses exposition halls, reader rooms and offices. The southern section is occupied by a glass orangery; its secondary role was a wagon shed. Its acoustic properties transformed it into a wonderful concert hall. The tallest element [&hellip;]","og_url":"https:\/\/mshm.pl\/en\/about-us\/seat\/","og_site_name":"Muzeum Staro\u017cytnego Hutnictwa Mazowieckiego","article_publisher":"https:\/\/www.facebook.com\/pruszkow.mshm","article_modified_time":"2022-02-17T14:45:17+00:00","og_image":[{"width":1920,"height":680,"url":"https:\/\/mshm.pl\/wp-content\/uploads\/2022\/02\/mshm-siedziba.jpg","type":"image\/jpeg"}],"twitter_card":"summary_large_image","twitter_misc":{"Est. reading time":"2 minutes"},"schema":{"@context":"https:\/\/schema.org","@graph":[{"@type":"WebPage","@id":"https:\/\/mshm.pl\/en\/about-us\/seat\/","url":"https:\/\/mshm.pl\/en\/about-us\/seat\/","name":"Seat - Muzeum Staro\u017cytnego Hutnictwa Mazowieckiego","isPartOf":{"@id":"https:\/\/mshm.pl\/en\/#website"},"primaryImageOfPage":{"@id":"https:\/\/mshm.pl\/en\/about-us\/seat\/#primaryimage"},"image":{"@id":"https:\/\/mshm.pl\/en\/about-us\/seat\/#primaryimage"},"thumbnailUrl":"https:\/\/mshm.pl\/wp-content\/uploads\/2022\/02\/mshm-siedziba.jpg","datePublished":"2022-01-13T18:52:09+00:00","dateModified":"2022-02-17T14:45:17+00:00","breadcrumb":{"@id":"https:\/\/mshm.pl\/en\/about-us\/seat\/#breadcrumb"},"inLanguage":"en-US","potentialAction":[{"@type":"ReadAction","target":["https:\/\/mshm.pl\/en\/about-us\/seat\/"]}]},{"@type":"ImageObject","inLanguage":"en-US","@id":"https:\/\/mshm.pl\/en\/about-us\/seat\/#primaryimage","url":"https:\/\/mshm.pl\/wp-content\/uploads\/2022\/02\/mshm-siedziba.jpg","contentUrl":"https:\/\/mshm.pl\/wp-content\/uploads\/2022\/02\/mshm-siedziba.jpg","width":1920,"height":680,"caption":"Seat"},{"@type":"BreadcrumbList","@id":"https:\/\/mshm.pl\/en\/about-us\/seat\/#breadcrumb","itemListElement":[{"@type":"ListItem","position":1,"name":"Strona g\u0142\u00f3wna","item":"https:\/\/mshm.pl\/en\/"},{"@type":"ListItem","position":2,"name":"About us","item":"https:\/\/mshm.pl\/en\/about-us\/"},{"@type":"ListItem","position":3,"name":"Seat"}]},{"@type":"WebSite","@id":"https:\/\/mshm.pl\/en\/#website","url":"https:\/\/mshm.pl\/en\/","name":"Muzeum Staro\u017cytnego Hutnictwa Mazowieckiego","description":"Muzeum Staro\u017cytnego Hutnictwa Mazowieckiego im. Stefana Woydy w Pruszkowie zajmuje si\u0119 badaniem, ochron\u0105 i promocj\u0105 unikatowego w skali Europy dziedzictwa pradziejowego, kt\u00f3rym jest Mazowieckie Centrum Metalurgiczne","publisher":{"@id":"https:\/\/mshm.pl\/en\/#organization"},"potentialAction":[{"@type":"SearchAction","target":{"@type":"EntryPoint","urlTemplate":"https:\/\/mshm.pl\/en\/?s={search_term_string}"},"query-input":{"@type":"PropertyValueSpecification","valueRequired":true,"valueName":"search_term_string"}}],"inLanguage":"en-US"},{"@type":"Organization","@id":"https:\/\/mshm.pl\/en\/#organization","name":"MSMH","url":"https:\/\/mshm.pl\/en\/","logo":{"@type":"ImageObject","inLanguage":"en-US","@id":"https:\/\/mshm.pl\/en\/#\/schema\/logo\/image\/","url":"https:\/\/mshm.pl\/wp-content\/uploads\/2022\/03\/mshm-logo.png","contentUrl":"https:\/\/mshm.pl\/wp-content\/uploads\/2022\/03\/mshm-logo.png","width":1997,"height":600,"caption":"MSMH"},"image":{"@id":"https:\/\/mshm.pl\/en\/#\/schema\/logo\/image\/"},"sameAs":["https:\/\/www.facebook.com\/pruszkow.mshm","https:\/\/www.instagram.com\/muzeum_shm\/","https:\/\/www.youtube.com\/channel\/UCXP_VzVPrFu9Bj3I8r89xdw"]}]}},"_links":{"self":[{"href":"https:\/\/mshm.pl\/en\/wp-json\/wp\/v2\/pages\/3826","targetHints":{"allow":["GET"]}}],"collection":[{"href":"https:\/\/mshm.pl\/en\/wp-json\/wp\/v2\/pages"}],"about":[{"href":"https:\/\/mshm.pl\/en\/wp-json\/wp\/v2\/types\/page"}],"author":[{"embeddable":true,"href":"https:\/\/mshm.pl\/en\/wp-json\/wp\/v2\/users\/1"}],"replies":[{"embeddable":true,"href":"https:\/\/mshm.pl\/en\/wp-json\/wp\/v2\/comments?post=3826"}],"version-history":[{"count":0,"href":"https:\/\/mshm.pl\/en\/wp-json\/wp\/v2\/pages\/3826\/revisions"}],"up":[{"embeddable":true,"href":"https:\/\/mshm.pl\/en\/wp-json\/wp\/v2\/pages\/3920"}],"wp:featuredmedia":[{"embeddable":true,"href":"https:\/\/mshm.pl\/en\/wp-json\/wp\/v2\/media\/3476"}],"wp:attachment":[{"href":"https:\/\/mshm.pl\/en\/wp-json\/wp\/v2\/media?parent=3826"}],"curies":[{"name":"wp","href":"https:\/\/api.w.org\/{rel}","templated":true}]}}