{"id":3813,"date":"2022-01-13T19:51:19","date_gmt":"2022-01-13T18:51:19","guid":{"rendered":"https:\/\/mshm.pl\/?page_id=3813"},"modified":"2022-02-23T16:00:20","modified_gmt":"2022-02-23T15:00:20","slug":"museum-history","status":"publish","type":"page","link":"https:\/\/mshm.pl\/en\/about-us\/museum-history\/","title":{"rendered":"Museum history"},"content":{"rendered":"\n<p>The idea of establishing a museum in Pruszk\u00f3w emerged in the early 1970s. The endeavour was launched by the then Heritage Conservation Officer for the Warsaw Voivodship \u2013 <a href=\"https:\/\/mshm.pl\/en\/our-mission\/patron\/\">Stefan Woyda<\/a>; the impulse to create such an institution came from his discovery, at the end of the 1960s, of the so-called <a href=\"https:\/\/mshm.pl\/en\/our-mission\/mazovian-centre-of-metallurgy\/\">Mazovian Centre of Metallurgy<\/a>. The museum would assist in advanced archaeological exploration of this newly uncovered phenomenon and in its popularisation, neither being possible without appropriate institutional support. The choice of Pruszk\u00f3w as the seat was not accidental, as the town is located in the centre of the area of iron smelting activity in Antiquity. A major factor in Pruszk\u00f3w\u2019s favour was the supportive stance of its inhabitants and the helping hand extended by the then City Fathers who, among others, provided the <a href=\"https:\/\/mshm.pl\/en\/our-mission\/seat\/\">Museum<\/a> with a 19th-century <strong>outbuilding of the<\/strong> <strong>Potulicki Family Manor<\/strong>. The institution opened on the 1st of June 1975, with Stefan Woyda as its Director, a post he held for over three decades. Since 2006, the Museum has been headed by <a href=\"https:\/\/mshm.pl\/en\/contact\/museum-structure\/dorota-slowinska-kamasa\/\">Dorota S\u0142owi\u0144ska-Kamasa<\/a>.<\/p>\n\n\n\n<p>The first core exhibition <a href=\"https:\/\/mshm.pl\/en\/about-us\/archive\/archival-core-exhibition\/\">\u201c<em>Time of Iron. Mazovian Centre of Metallurgy from the Roman Age<\/em>\u201d<\/a> was unveiled in 1992. In 2014, following a general renewal of the Museum\u2019s building, it was replaced by <em><a href=\"https:\/\/mshm.pl\/en\/for-visitors\/core-exhibition\/\">\u201cDaybreak \u2013 Mazovian Centre of Metallurgy from the turn of the eras\u201d<\/a><\/em>. Both displays have been warmly received by the Public, as evidenced by the <a href=\"https:\/\/mshm.pl\/en\/about-us\/awards-and-acknowledgements\/\">awards and honourable mentions<\/a> received by the Museum.<\/p>\n\n\n\n<p>From its inception, the Museum has pursued a three-pronged path \u2013 academic, inventory and education-outreach. The first pillar involves academic (archaeological) research into the past of Mazovia. The second \u2013 care and custody of the extensive collection obtained from numerous excavation campaigns (<a href=\"https:\/\/mshm.pl\/en\/our-mission\/collection\/\">collection<\/a>, <a href=\"https:\/\/mshm.pl\/en\/our-mission\/excavations\/\">excavations<\/a>). The third \u2013 broadly understood popularisation of cultural heritage (<a href=\"https:\/\/mshm.pl\/en\/education\/\">education<\/a>, <a href=\"http:\/\/artefakty.mshm.pl\/\" target=\"_blank\" rel=\"noreferrer noopener\">ARTEfakty<\/a>).<\/p>\n","protected":false},"excerpt":{"rendered":"<p>The idea of establishing a museum in Pruszk\u00f3w emerged in the early 1970s. The endeavour was launched by the then Heritage Conservation Officer for the Warsaw Voivodship \u2013 Stefan Woyda; the impulse to create such an institution came from his discovery, at the end of the 1960s, of the so-called Mazovian Centre of Metallurgy. The museum would assist in advanced archaeological exploration of this newly uncovered phenomenon and in its popularisation, neither being possible without appropriate institutional support. The choice of Pruszk\u00f3w as the seat was not accidental, as the town is located in the centre of the area of [&hellip;]<\/p>\n","protected":false},"author":1,"featured_media":3398,"parent":3920,"menu_order":1,"comment_status":"closed","ping_status":"closed","template":"","meta":{"_acf_changed":false,"footnotes":""},"class_list":["post-3813","page","type-page","status-publish","has-post-thumbnail","hentry"],"acf":[],"yoast_head":"<!-- This site is optimized with the Yoast SEO plugin v27.2 - https:\/\/yoast.com\/product\/yoast-seo-wordpress\/ -->\n<title>Museum history - Muzeum Staro\u017cytnego Hutnictwa Mazowieckiego<\/title>\n<meta name=\"robots\" content=\"index, follow, max-snippet:-1, max-image-preview:large, max-video-preview:-1\" \/>\n<link rel=\"canonical\" href=\"https:\/\/mshm.pl\/en\/about-us\/museum-history\/\" \/>\n<meta property=\"og:locale\" content=\"en_US\" \/>\n<meta property=\"og:type\" content=\"article\" \/>\n<meta property=\"og:title\" content=\"Museum history - Muzeum Staro\u017cytnego Hutnictwa Mazowieckiego\" \/>\n<meta property=\"og:description\" content=\"The idea of establishing a museum in Pruszk\u00f3w emerged in the early 1970s. The endeavour was launched by the then Heritage Conservation Officer for the Warsaw Voivodship \u2013 Stefan Woyda; the impulse to create such an institution came from his discovery, at the end of the 1960s, of the so-called Mazovian Centre of Metallurgy. The museum would assist in advanced archaeological exploration of this newly uncovered phenomenon and in its popularisation, neither being possible without appropriate institutional support. The choice of Pruszk\u00f3w as the seat was not accidental, as the town is located in the centre of the area of [&hellip;]\" \/>\n<meta property=\"og:url\" content=\"https:\/\/mshm.pl\/en\/about-us\/museum-history\/\" \/>\n<meta property=\"og:site_name\" content=\"Muzeum Staro\u017cytnego Hutnictwa Mazowieckiego\" \/>\n<meta property=\"article:publisher\" content=\"https:\/\/www.facebook.com\/pruszkow.mshm\" \/>\n<meta property=\"article:modified_time\" content=\"2022-02-23T15:00:20+00:00\" \/>\n<meta property=\"og:image\" content=\"https:\/\/mshm.pl\/wp-content\/uploads\/2022\/01\/mshm-historia-muzuem-h.jpg\" \/>\n\t<meta property=\"og:image:width\" content=\"2300\" \/>\n\t<meta property=\"og:image:height\" content=\"1470\" \/>\n\t<meta property=\"og:image:type\" content=\"image\/jpeg\" \/>\n<meta name=\"twitter:card\" content=\"summary_large_image\" \/>\n<meta name=\"twitter:label1\" content=\"Est. reading time\" \/>\n\t<meta name=\"twitter:data1\" content=\"2 minutes\" \/>\n<script type=\"application\/ld+json\" class=\"yoast-schema-graph\">{\"@context\":\"https:\/\/schema.org\",\"@graph\":[{\"@type\":\"WebPage\",\"@id\":\"https:\/\/mshm.pl\/en\/about-us\/museum-history\/\",\"url\":\"https:\/\/mshm.pl\/en\/about-us\/museum-history\/\",\"name\":\"Museum history - Muzeum Staro\u017cytnego Hutnictwa Mazowieckiego\",\"isPartOf\":{\"@id\":\"https:\/\/mshm.pl\/en\/#website\"},\"primaryImageOfPage\":{\"@id\":\"https:\/\/mshm.pl\/en\/about-us\/museum-history\/#primaryimage\"},\"image\":{\"@id\":\"https:\/\/mshm.pl\/en\/about-us\/museum-history\/#primaryimage\"},\"thumbnailUrl\":\"https:\/\/mshm.pl\/wp-content\/uploads\/2022\/01\/mshm-historia-muzuem-h.jpg\",\"datePublished\":\"2022-01-13T18:51:19+00:00\",\"dateModified\":\"2022-02-23T15:00:20+00:00\",\"breadcrumb\":{\"@id\":\"https:\/\/mshm.pl\/en\/about-us\/museum-history\/#breadcrumb\"},\"inLanguage\":\"en-US\",\"potentialAction\":[{\"@type\":\"ReadAction\",\"target\":[\"https:\/\/mshm.pl\/en\/about-us\/museum-history\/\"]}]},{\"@type\":\"ImageObject\",\"inLanguage\":\"en-US\",\"@id\":\"https:\/\/mshm.pl\/en\/about-us\/museum-history\/#primaryimage\",\"url\":\"https:\/\/mshm.pl\/wp-content\/uploads\/2022\/01\/mshm-historia-muzuem-h.jpg\",\"contentUrl\":\"https:\/\/mshm.pl\/wp-content\/uploads\/2022\/01\/mshm-historia-muzuem-h.jpg\",\"width\":2300,\"height\":1470,\"caption\":\"Museum history\"},{\"@type\":\"BreadcrumbList\",\"@id\":\"https:\/\/mshm.pl\/en\/about-us\/museum-history\/#breadcrumb\",\"itemListElement\":[{\"@type\":\"ListItem\",\"position\":1,\"name\":\"Strona g\u0142\u00f3wna\",\"item\":\"https:\/\/mshm.pl\/en\/\"},{\"@type\":\"ListItem\",\"position\":2,\"name\":\"About us\",\"item\":\"https:\/\/mshm.pl\/en\/about-us\/\"},{\"@type\":\"ListItem\",\"position\":3,\"name\":\"Museum history\"}]},{\"@type\":\"WebSite\",\"@id\":\"https:\/\/mshm.pl\/en\/#website\",\"url\":\"https:\/\/mshm.pl\/en\/\",\"name\":\"Muzeum Staro\u017cytnego Hutnictwa Mazowieckiego\",\"description\":\"Muzeum Staro\u017cytnego Hutnictwa Mazowieckiego im. Stefana Woydy w Pruszkowie zajmuje si\u0119 badaniem, ochron\u0105 i promocj\u0105 unikatowego w skali Europy dziedzictwa pradziejowego, kt\u00f3rym jest Mazowieckie Centrum Metalurgiczne\",\"publisher\":{\"@id\":\"https:\/\/mshm.pl\/en\/#organization\"},\"potentialAction\":[{\"@type\":\"SearchAction\",\"target\":{\"@type\":\"EntryPoint\",\"urlTemplate\":\"https:\/\/mshm.pl\/en\/?s={search_term_string}\"},\"query-input\":{\"@type\":\"PropertyValueSpecification\",\"valueRequired\":true,\"valueName\":\"search_term_string\"}}],\"inLanguage\":\"en-US\"},{\"@type\":\"Organization\",\"@id\":\"https:\/\/mshm.pl\/en\/#organization\",\"name\":\"MSMH\",\"url\":\"https:\/\/mshm.pl\/en\/\",\"logo\":{\"@type\":\"ImageObject\",\"inLanguage\":\"en-US\",\"@id\":\"https:\/\/mshm.pl\/en\/#\/schema\/logo\/image\/\",\"url\":\"https:\/\/mshm.pl\/wp-content\/uploads\/2022\/03\/mshm-logo.png\",\"contentUrl\":\"https:\/\/mshm.pl\/wp-content\/uploads\/2022\/03\/mshm-logo.png\",\"width\":1997,\"height\":600,\"caption\":\"MSMH\"},\"image\":{\"@id\":\"https:\/\/mshm.pl\/en\/#\/schema\/logo\/image\/\"},\"sameAs\":[\"https:\/\/www.facebook.com\/pruszkow.mshm\",\"https:\/\/www.instagram.com\/muzeum_shm\/\",\"https:\/\/www.youtube.com\/channel\/UCXP_VzVPrFu9Bj3I8r89xdw\"]}]}<\/script>\n<!-- \/ Yoast SEO plugin. -->","yoast_head_json":{"title":"Museum history - Muzeum Staro\u017cytnego Hutnictwa Mazowieckiego","robots":{"index":"index","follow":"follow","max-snippet":"max-snippet:-1","max-image-preview":"max-image-preview:large","max-video-preview":"max-video-preview:-1"},"canonical":"https:\/\/mshm.pl\/en\/about-us\/museum-history\/","og_locale":"en_US","og_type":"article","og_title":"Museum history - Muzeum Staro\u017cytnego Hutnictwa Mazowieckiego","og_description":"The idea of establishing a museum in Pruszk\u00f3w emerged in the early 1970s. The endeavour was launched by the then Heritage Conservation Officer for the Warsaw Voivodship \u2013 Stefan Woyda; the impulse to create such an institution came from his discovery, at the end of the 1960s, of the so-called Mazovian Centre of Metallurgy. The museum would assist in advanced archaeological exploration of this newly uncovered phenomenon and in its popularisation, neither being possible without appropriate institutional support. The choice of Pruszk\u00f3w as the seat was not accidental, as the town is located in the centre of the area of [&hellip;]","og_url":"https:\/\/mshm.pl\/en\/about-us\/museum-history\/","og_site_name":"Muzeum Staro\u017cytnego Hutnictwa Mazowieckiego","article_publisher":"https:\/\/www.facebook.com\/pruszkow.mshm","article_modified_time":"2022-02-23T15:00:20+00:00","og_image":[{"width":2300,"height":1470,"url":"https:\/\/mshm.pl\/wp-content\/uploads\/2022\/01\/mshm-historia-muzuem-h.jpg","type":"image\/jpeg"}],"twitter_card":"summary_large_image","twitter_misc":{"Est. reading time":"2 minutes"},"schema":{"@context":"https:\/\/schema.org","@graph":[{"@type":"WebPage","@id":"https:\/\/mshm.pl\/en\/about-us\/museum-history\/","url":"https:\/\/mshm.pl\/en\/about-us\/museum-history\/","name":"Museum history - Muzeum Staro\u017cytnego Hutnictwa Mazowieckiego","isPartOf":{"@id":"https:\/\/mshm.pl\/en\/#website"},"primaryImageOfPage":{"@id":"https:\/\/mshm.pl\/en\/about-us\/museum-history\/#primaryimage"},"image":{"@id":"https:\/\/mshm.pl\/en\/about-us\/museum-history\/#primaryimage"},"thumbnailUrl":"https:\/\/mshm.pl\/wp-content\/uploads\/2022\/01\/mshm-historia-muzuem-h.jpg","datePublished":"2022-01-13T18:51:19+00:00","dateModified":"2022-02-23T15:00:20+00:00","breadcrumb":{"@id":"https:\/\/mshm.pl\/en\/about-us\/museum-history\/#breadcrumb"},"inLanguage":"en-US","potentialAction":[{"@type":"ReadAction","target":["https:\/\/mshm.pl\/en\/about-us\/museum-history\/"]}]},{"@type":"ImageObject","inLanguage":"en-US","@id":"https:\/\/mshm.pl\/en\/about-us\/museum-history\/#primaryimage","url":"https:\/\/mshm.pl\/wp-content\/uploads\/2022\/01\/mshm-historia-muzuem-h.jpg","contentUrl":"https:\/\/mshm.pl\/wp-content\/uploads\/2022\/01\/mshm-historia-muzuem-h.jpg","width":2300,"height":1470,"caption":"Museum history"},{"@type":"BreadcrumbList","@id":"https:\/\/mshm.pl\/en\/about-us\/museum-history\/#breadcrumb","itemListElement":[{"@type":"ListItem","position":1,"name":"Strona g\u0142\u00f3wna","item":"https:\/\/mshm.pl\/en\/"},{"@type":"ListItem","position":2,"name":"About us","item":"https:\/\/mshm.pl\/en\/about-us\/"},{"@type":"ListItem","position":3,"name":"Museum history"}]},{"@type":"WebSite","@id":"https:\/\/mshm.pl\/en\/#website","url":"https:\/\/mshm.pl\/en\/","name":"Muzeum Staro\u017cytnego Hutnictwa Mazowieckiego","description":"Muzeum Staro\u017cytnego Hutnictwa Mazowieckiego im. Stefana Woydy w Pruszkowie zajmuje si\u0119 badaniem, ochron\u0105 i promocj\u0105 unikatowego w skali Europy dziedzictwa pradziejowego, kt\u00f3rym jest Mazowieckie Centrum Metalurgiczne","publisher":{"@id":"https:\/\/mshm.pl\/en\/#organization"},"potentialAction":[{"@type":"SearchAction","target":{"@type":"EntryPoint","urlTemplate":"https:\/\/mshm.pl\/en\/?s={search_term_string}"},"query-input":{"@type":"PropertyValueSpecification","valueRequired":true,"valueName":"search_term_string"}}],"inLanguage":"en-US"},{"@type":"Organization","@id":"https:\/\/mshm.pl\/en\/#organization","name":"MSMH","url":"https:\/\/mshm.pl\/en\/","logo":{"@type":"ImageObject","inLanguage":"en-US","@id":"https:\/\/mshm.pl\/en\/#\/schema\/logo\/image\/","url":"https:\/\/mshm.pl\/wp-content\/uploads\/2022\/03\/mshm-logo.png","contentUrl":"https:\/\/mshm.pl\/wp-content\/uploads\/2022\/03\/mshm-logo.png","width":1997,"height":600,"caption":"MSMH"},"image":{"@id":"https:\/\/mshm.pl\/en\/#\/schema\/logo\/image\/"},"sameAs":["https:\/\/www.facebook.com\/pruszkow.mshm","https:\/\/www.instagram.com\/muzeum_shm\/","https:\/\/www.youtube.com\/channel\/UCXP_VzVPrFu9Bj3I8r89xdw"]}]}},"_links":{"self":[{"href":"https:\/\/mshm.pl\/en\/wp-json\/wp\/v2\/pages\/3813","targetHints":{"allow":["GET"]}}],"collection":[{"href":"https:\/\/mshm.pl\/en\/wp-json\/wp\/v2\/pages"}],"about":[{"href":"https:\/\/mshm.pl\/en\/wp-json\/wp\/v2\/types\/page"}],"author":[{"embeddable":true,"href":"https:\/\/mshm.pl\/en\/wp-json\/wp\/v2\/users\/1"}],"replies":[{"embeddable":true,"href":"https:\/\/mshm.pl\/en\/wp-json\/wp\/v2\/comments?post=3813"}],"version-history":[{"count":0,"href":"https:\/\/mshm.pl\/en\/wp-json\/wp\/v2\/pages\/3813\/revisions"}],"up":[{"embeddable":true,"href":"https:\/\/mshm.pl\/en\/wp-json\/wp\/v2\/pages\/3920"}],"wp:featuredmedia":[{"embeddable":true,"href":"https:\/\/mshm.pl\/en\/wp-json\/wp\/v2\/media\/3398"}],"wp:attachment":[{"href":"https:\/\/mshm.pl\/en\/wp-json\/wp\/v2\/media?parent=3813"}],"curies":[{"name":"wp","href":"https:\/\/api.w.org\/{rel}","templated":true}]}}