{"id":3784,"date":"2022-01-13T15:33:46","date_gmt":"2022-01-13T14:33:46","guid":{"rendered":"https:\/\/mshm.pl\/?page_id=3784"},"modified":"2023-09-23T11:33:51","modified_gmt":"2023-09-23T09:33:51","slug":"for-groups","status":"publish","type":"page","link":"https:\/\/mshm.pl\/en\/education\/for-groups\/","title":{"rendered":"For groups"},"content":{"rendered":"\n<p>Our activities focus upon popularisation of archaeology and kindling a lasting interest in local history. Our activities are set not only on the Museum\u2019s premises but include field trips and on-line sessions.<\/p>\n\n\n\n<p>Educational events may assume the form of workshops, seminars or chats combined with the possibility of viewing the core exhibition \u2013 both in person as well as on-line. We bring together fascinating knowledge and attractive manner of its presentation, using various didactic aids: multimedia presentations, reconstruction of archaeological artefacts, animations, games and fun.<\/p>\n\n\n\n<p>The content and form of presentation of all events and activities may be modified to fit groups of different ages or needs. On request, we may also prepare tailor-made events in line with the Museum\u2019s profile.<\/p>\n\n\n\n<p><strong>CONTACT<\/strong><\/p>\n\n\n\n<p>Education and Outreach Department<br><a href=\"mailto:edukacja@mshm.pl\">edukacja@mshm.pl<\/a><br>(+48) 882&nbsp;467&nbsp;823 \/ &nbsp;(+48) 22 758 72 66 ext. 14<\/p>\n","protected":false},"excerpt":{"rendered":"<p>Our activities focus upon popularisation of archaeology and kindling a lasting interest in local history. Our activities are set not only on the Museum\u2019s premises but include field trips and on-line sessions. Educational events may assume the form of workshops, seminars or chats combined with the possibility of viewing the core exhibition \u2013 both in person as well as on-line. We bring together fascinating knowledge and attractive manner of its presentation, using various didactic aids: multimedia presentations, reconstruction of archaeological artefacts, animations, games and fun. The content and form of presentation of all events and activities may be modified to [&hellip;]<\/p>\n","protected":false},"author":1,"featured_media":2976,"parent":3713,"menu_order":1,"comment_status":"closed","ping_status":"closed","template":"zajecia-page.php","meta":{"_acf_changed":false,"footnotes":""},"class_list":["post-3784","page","type-page","status-publish","has-post-thumbnail","hentry"],"acf":[],"yoast_head":"<!-- This site is optimized with the Yoast SEO plugin v27.2 - https:\/\/yoast.com\/product\/yoast-seo-wordpress\/ -->\n<title>For groups - Muzeum Staro\u017cytnego Hutnictwa Mazowieckiego<\/title>\n<meta name=\"robots\" content=\"index, follow, max-snippet:-1, max-image-preview:large, max-video-preview:-1\" \/>\n<link rel=\"canonical\" href=\"https:\/\/mshm.pl\/en\/education\/for-groups\/\" \/>\n<meta property=\"og:locale\" content=\"en_US\" \/>\n<meta property=\"og:type\" content=\"article\" \/>\n<meta property=\"og:title\" content=\"For groups - Muzeum Staro\u017cytnego Hutnictwa Mazowieckiego\" \/>\n<meta property=\"og:description\" content=\"Our activities focus upon popularisation of archaeology and kindling a lasting interest in local history. Our activities are set not only on the Museum\u2019s premises but include field trips and on-line sessions. Educational events may assume the form of workshops, seminars or chats combined with the possibility of viewing the core exhibition \u2013 both in person as well as on-line. We bring together fascinating knowledge and attractive manner of its presentation, using various didactic aids: multimedia presentations, reconstruction of archaeological artefacts, animations, games and fun. The content and form of presentation of all events and activities may be modified to [&hellip;]\" \/>\n<meta property=\"og:url\" content=\"https:\/\/mshm.pl\/en\/education\/for-groups\/\" \/>\n<meta property=\"og:site_name\" content=\"Muzeum Staro\u017cytnego Hutnictwa Mazowieckiego\" \/>\n<meta property=\"article:publisher\" content=\"https:\/\/www.facebook.com\/pruszkow.mshm\" \/>\n<meta property=\"article:modified_time\" content=\"2023-09-23T09:33:51+00:00\" \/>\n<meta property=\"og:image\" content=\"https:\/\/mshm.pl\/wp-content\/uploads\/2022\/01\/mshm-dla-grup.jpg\" \/>\n\t<meta property=\"og:image:width\" content=\"1920\" \/>\n\t<meta property=\"og:image:height\" content=\"680\" \/>\n\t<meta property=\"og:image:type\" content=\"image\/jpeg\" \/>\n<meta name=\"twitter:card\" content=\"summary_large_image\" \/>\n<meta name=\"twitter:label1\" content=\"Est. reading time\" \/>\n\t<meta name=\"twitter:data1\" content=\"1 minute\" \/>\n<script type=\"application\/ld+json\" class=\"yoast-schema-graph\">{\"@context\":\"https:\/\/schema.org\",\"@graph\":[{\"@type\":\"WebPage\",\"@id\":\"https:\/\/mshm.pl\/en\/education\/for-groups\/\",\"url\":\"https:\/\/mshm.pl\/en\/education\/for-groups\/\",\"name\":\"For groups - Muzeum Staro\u017cytnego Hutnictwa Mazowieckiego\",\"isPartOf\":{\"@id\":\"https:\/\/mshm.pl\/en\/#website\"},\"primaryImageOfPage\":{\"@id\":\"https:\/\/mshm.pl\/en\/education\/for-groups\/#primaryimage\"},\"image\":{\"@id\":\"https:\/\/mshm.pl\/en\/education\/for-groups\/#primaryimage\"},\"thumbnailUrl\":\"https:\/\/mshm.pl\/wp-content\/uploads\/2022\/01\/mshm-dla-grup.jpg\",\"datePublished\":\"2022-01-13T14:33:46+00:00\",\"dateModified\":\"2023-09-23T09:33:51+00:00\",\"breadcrumb\":{\"@id\":\"https:\/\/mshm.pl\/en\/education\/for-groups\/#breadcrumb\"},\"inLanguage\":\"en-US\",\"potentialAction\":[{\"@type\":\"ReadAction\",\"target\":[\"https:\/\/mshm.pl\/en\/education\/for-groups\/\"]}]},{\"@type\":\"ImageObject\",\"inLanguage\":\"en-US\",\"@id\":\"https:\/\/mshm.pl\/en\/education\/for-groups\/#primaryimage\",\"url\":\"https:\/\/mshm.pl\/wp-content\/uploads\/2022\/01\/mshm-dla-grup.jpg\",\"contentUrl\":\"https:\/\/mshm.pl\/wp-content\/uploads\/2022\/01\/mshm-dla-grup.jpg\",\"width\":1920,\"height\":680,\"caption\":\"For groups\"},{\"@type\":\"BreadcrumbList\",\"@id\":\"https:\/\/mshm.pl\/en\/education\/for-groups\/#breadcrumb\",\"itemListElement\":[{\"@type\":\"ListItem\",\"position\":1,\"name\":\"Strona g\u0142\u00f3wna\",\"item\":\"https:\/\/mshm.pl\/en\/\"},{\"@type\":\"ListItem\",\"position\":2,\"name\":\"Education\",\"item\":\"https:\/\/mshm.pl\/en\/education\/\"},{\"@type\":\"ListItem\",\"position\":3,\"name\":\"For groups\"}]},{\"@type\":\"WebSite\",\"@id\":\"https:\/\/mshm.pl\/en\/#website\",\"url\":\"https:\/\/mshm.pl\/en\/\",\"name\":\"Muzeum Staro\u017cytnego Hutnictwa Mazowieckiego\",\"description\":\"Muzeum Staro\u017cytnego Hutnictwa Mazowieckiego im. Stefana Woydy w Pruszkowie zajmuje si\u0119 badaniem, ochron\u0105 i promocj\u0105 unikatowego w skali Europy dziedzictwa pradziejowego, kt\u00f3rym jest Mazowieckie Centrum Metalurgiczne\",\"publisher\":{\"@id\":\"https:\/\/mshm.pl\/en\/#organization\"},\"potentialAction\":[{\"@type\":\"SearchAction\",\"target\":{\"@type\":\"EntryPoint\",\"urlTemplate\":\"https:\/\/mshm.pl\/en\/?s={search_term_string}\"},\"query-input\":{\"@type\":\"PropertyValueSpecification\",\"valueRequired\":true,\"valueName\":\"search_term_string\"}}],\"inLanguage\":\"en-US\"},{\"@type\":\"Organization\",\"@id\":\"https:\/\/mshm.pl\/en\/#organization\",\"name\":\"MSMH\",\"url\":\"https:\/\/mshm.pl\/en\/\",\"logo\":{\"@type\":\"ImageObject\",\"inLanguage\":\"en-US\",\"@id\":\"https:\/\/mshm.pl\/en\/#\/schema\/logo\/image\/\",\"url\":\"https:\/\/mshm.pl\/wp-content\/uploads\/2022\/03\/mshm-logo.png\",\"contentUrl\":\"https:\/\/mshm.pl\/wp-content\/uploads\/2022\/03\/mshm-logo.png\",\"width\":1997,\"height\":600,\"caption\":\"MSMH\"},\"image\":{\"@id\":\"https:\/\/mshm.pl\/en\/#\/schema\/logo\/image\/\"},\"sameAs\":[\"https:\/\/www.facebook.com\/pruszkow.mshm\",\"https:\/\/www.instagram.com\/muzeum_shm\/\",\"https:\/\/www.youtube.com\/channel\/UCXP_VzVPrFu9Bj3I8r89xdw\"]}]}<\/script>\n<!-- \/ Yoast SEO plugin. -->","yoast_head_json":{"title":"For groups - Muzeum Staro\u017cytnego Hutnictwa Mazowieckiego","robots":{"index":"index","follow":"follow","max-snippet":"max-snippet:-1","max-image-preview":"max-image-preview:large","max-video-preview":"max-video-preview:-1"},"canonical":"https:\/\/mshm.pl\/en\/education\/for-groups\/","og_locale":"en_US","og_type":"article","og_title":"For groups - Muzeum Staro\u017cytnego Hutnictwa Mazowieckiego","og_description":"Our activities focus upon popularisation of archaeology and kindling a lasting interest in local history. Our activities are set not only on the Museum\u2019s premises but include field trips and on-line sessions. Educational events may assume the form of workshops, seminars or chats combined with the possibility of viewing the core exhibition \u2013 both in person as well as on-line. We bring together fascinating knowledge and attractive manner of its presentation, using various didactic aids: multimedia presentations, reconstruction of archaeological artefacts, animations, games and fun. The content and form of presentation of all events and activities may be modified to [&hellip;]","og_url":"https:\/\/mshm.pl\/en\/education\/for-groups\/","og_site_name":"Muzeum Staro\u017cytnego Hutnictwa Mazowieckiego","article_publisher":"https:\/\/www.facebook.com\/pruszkow.mshm","article_modified_time":"2023-09-23T09:33:51+00:00","og_image":[{"width":1920,"height":680,"url":"https:\/\/mshm.pl\/wp-content\/uploads\/2022\/01\/mshm-dla-grup.jpg","type":"image\/jpeg"}],"twitter_card":"summary_large_image","twitter_misc":{"Est. reading time":"1 minute"},"schema":{"@context":"https:\/\/schema.org","@graph":[{"@type":"WebPage","@id":"https:\/\/mshm.pl\/en\/education\/for-groups\/","url":"https:\/\/mshm.pl\/en\/education\/for-groups\/","name":"For groups - Muzeum Staro\u017cytnego Hutnictwa Mazowieckiego","isPartOf":{"@id":"https:\/\/mshm.pl\/en\/#website"},"primaryImageOfPage":{"@id":"https:\/\/mshm.pl\/en\/education\/for-groups\/#primaryimage"},"image":{"@id":"https:\/\/mshm.pl\/en\/education\/for-groups\/#primaryimage"},"thumbnailUrl":"https:\/\/mshm.pl\/wp-content\/uploads\/2022\/01\/mshm-dla-grup.jpg","datePublished":"2022-01-13T14:33:46+00:00","dateModified":"2023-09-23T09:33:51+00:00","breadcrumb":{"@id":"https:\/\/mshm.pl\/en\/education\/for-groups\/#breadcrumb"},"inLanguage":"en-US","potentialAction":[{"@type":"ReadAction","target":["https:\/\/mshm.pl\/en\/education\/for-groups\/"]}]},{"@type":"ImageObject","inLanguage":"en-US","@id":"https:\/\/mshm.pl\/en\/education\/for-groups\/#primaryimage","url":"https:\/\/mshm.pl\/wp-content\/uploads\/2022\/01\/mshm-dla-grup.jpg","contentUrl":"https:\/\/mshm.pl\/wp-content\/uploads\/2022\/01\/mshm-dla-grup.jpg","width":1920,"height":680,"caption":"For groups"},{"@type":"BreadcrumbList","@id":"https:\/\/mshm.pl\/en\/education\/for-groups\/#breadcrumb","itemListElement":[{"@type":"ListItem","position":1,"name":"Strona g\u0142\u00f3wna","item":"https:\/\/mshm.pl\/en\/"},{"@type":"ListItem","position":2,"name":"Education","item":"https:\/\/mshm.pl\/en\/education\/"},{"@type":"ListItem","position":3,"name":"For groups"}]},{"@type":"WebSite","@id":"https:\/\/mshm.pl\/en\/#website","url":"https:\/\/mshm.pl\/en\/","name":"Muzeum Staro\u017cytnego Hutnictwa Mazowieckiego","description":"Muzeum Staro\u017cytnego Hutnictwa Mazowieckiego im. Stefana Woydy w Pruszkowie zajmuje si\u0119 badaniem, ochron\u0105 i promocj\u0105 unikatowego w skali Europy dziedzictwa pradziejowego, kt\u00f3rym jest Mazowieckie Centrum Metalurgiczne","publisher":{"@id":"https:\/\/mshm.pl\/en\/#organization"},"potentialAction":[{"@type":"SearchAction","target":{"@type":"EntryPoint","urlTemplate":"https:\/\/mshm.pl\/en\/?s={search_term_string}"},"query-input":{"@type":"PropertyValueSpecification","valueRequired":true,"valueName":"search_term_string"}}],"inLanguage":"en-US"},{"@type":"Organization","@id":"https:\/\/mshm.pl\/en\/#organization","name":"MSMH","url":"https:\/\/mshm.pl\/en\/","logo":{"@type":"ImageObject","inLanguage":"en-US","@id":"https:\/\/mshm.pl\/en\/#\/schema\/logo\/image\/","url":"https:\/\/mshm.pl\/wp-content\/uploads\/2022\/03\/mshm-logo.png","contentUrl":"https:\/\/mshm.pl\/wp-content\/uploads\/2022\/03\/mshm-logo.png","width":1997,"height":600,"caption":"MSMH"},"image":{"@id":"https:\/\/mshm.pl\/en\/#\/schema\/logo\/image\/"},"sameAs":["https:\/\/www.facebook.com\/pruszkow.mshm","https:\/\/www.instagram.com\/muzeum_shm\/","https:\/\/www.youtube.com\/channel\/UCXP_VzVPrFu9Bj3I8r89xdw"]}]}},"_links":{"self":[{"href":"https:\/\/mshm.pl\/en\/wp-json\/wp\/v2\/pages\/3784","targetHints":{"allow":["GET"]}}],"collection":[{"href":"https:\/\/mshm.pl\/en\/wp-json\/wp\/v2\/pages"}],"about":[{"href":"https:\/\/mshm.pl\/en\/wp-json\/wp\/v2\/types\/page"}],"author":[{"embeddable":true,"href":"https:\/\/mshm.pl\/en\/wp-json\/wp\/v2\/users\/1"}],"replies":[{"embeddable":true,"href":"https:\/\/mshm.pl\/en\/wp-json\/wp\/v2\/comments?post=3784"}],"version-history":[{"count":2,"href":"https:\/\/mshm.pl\/en\/wp-json\/wp\/v2\/pages\/3784\/revisions"}],"predecessor-version":[{"id":6447,"href":"https:\/\/mshm.pl\/en\/wp-json\/wp\/v2\/pages\/3784\/revisions\/6447"}],"up":[{"embeddable":true,"href":"https:\/\/mshm.pl\/en\/wp-json\/wp\/v2\/pages\/3713"}],"wp:featuredmedia":[{"embeddable":true,"href":"https:\/\/mshm.pl\/en\/wp-json\/wp\/v2\/media\/2976"}],"wp:attachment":[{"href":"https:\/\/mshm.pl\/en\/wp-json\/wp\/v2\/media?parent=3784"}],"curies":[{"name":"wp","href":"https:\/\/api.w.org\/{rel}","templated":true}]}}