{"id":3768,"date":"2022-01-15T23:51:14","date_gmt":"2022-01-15T22:51:14","guid":{"rendered":"https:\/\/mshm.pl\/?page_id=3768"},"modified":"2022-02-15T20:41:41","modified_gmt":"2022-02-15T19:41:41","slug":"general-data-protection-act-gdpr","status":"publish","type":"page","link":"https:\/\/mshm.pl\/en\/about-us\/general-data-protection-act-gdpr\/","title":{"rendered":"General Data Protection ACT (GDPR)"},"content":{"rendered":"\n<p>The General Data Protection Regulation (GDPR) is en vigour in Poland and other EU countries from 25.05.2018. General Data is processed by the Local Self Government Cultural Institution the Stefan Woyda Museum of Ancient Mazovian Metallurgy in the following manner:<\/p>\n\n\n\n<p>1. The Administrator of Your data is the Local Self Government Cultural Institution the Stefan Woyda Museum of Ancient Mazovian Metallurgy (Samorz\u0105dowa Instytucja Kultury Muzeum Staro\u017cytnego Hutnictwa Mazowieckiego im. Stefana Woydy), Jan Pawe\u0142 II Square 2, 05-800 Pruszk\u00f3w, represented by its Director, phone: (+48) 22 758 72 66, e-mail: <a href=\"mailto:muzeum@mshm.pl\">muzeum@mshm.pl<\/a>.<\/p>\n\n\n\n<p>2. The Data Protection Officer is Iwona Obarzanek, who may be contacted by e-mail at <a href=\"mailto:iod@mshm.pl\">iod@mshm.pl<\/a> or by traditional Post addressed to the DPO.<\/p>\n\n\n\n<p>3. Data is processed for contact purposes, including the provision of information about events \u2013 including cultural events, e.g. by sending out the Museum\u2019s newsletters. This is grounded in &#8220;justified interest\u201d, as stated in Art. 6 Sec. 1 Point f of the GDPR. Data may also be processed when it is necessary to draw up or execute contracts, or execute Statutory Obligations of the Local Self Government Cultural Institution the Stefan Woyda Museum of Ancient Mazovian Metallurgy, as per Art. 6 Sec. 1 Points b and c of the GDPR.<\/p>\n\n\n\n<p>4. Data may be passed on to entities used by the Local Self Government Cultural Institution the Stefan Woyda Museum of Ancient Mazovian Metallurgy to accomplish specified objectives, including entities responsible for the maintenance of IT infrastructures. The provision of data is voluntary, and in commercial dealings is required for the drawing up and execution of contracts.<\/p>\n\n\n\n<p>5. It is possible to file protests against processing data, to demand access, correction, removal, limit scope of processing and transfer. Data are stored until protest is lodged, and in commercial dealings \u2013 throughout the length of the contract and after its termination for a period stipulated by Archiving Procedures.<\/p>\n\n\n\n<p>6. Everybody has the Right to file a Complaint with the President of the Personal Data Protection Office.<\/p>\n\n\n\n<p><strong>Data Protection Officer, Iwona Obarzanek<\/strong> <a href=\"mailto:iod@mshm.pl\">iod@mshm.pl<\/a> or by traditional post addressed to the DPO<\/p>\n\n\n\n<p><strong>The DPO Administrator will provide the following information clauses at the Museum Office:<\/strong><\/p>\n\n\n\n<ul class=\"wp-block-list\"><li>information clause for job seekers<\/li><li>information clause for service providers<\/li><li>information clause for space rentals<\/li><li>information clause for business partners<\/li><li>information clause for visitors on other business<\/li><li>information clause for beneficiaries of the Institution\u2019s Social Security Fund (ZUS)<\/li><li>information clause for education services<\/li><li>information clause for the Freedom of Information Act<\/li><\/ul>\n","protected":false},"excerpt":{"rendered":"<p>The General Data Protection Regulation (GDPR) is en vigour in Poland and other EU countries from 25.05.2018. General Data is processed by the Local Self Government Cultural Institution the Stefan Woyda Museum of Ancient Mazovian Metallurgy in the following manner: 1. The Administrator of Your data is the Local Self Government Cultural Institution the Stefan Woyda Museum of Ancient Mazovian Metallurgy (Samorz\u0105dowa Instytucja Kultury Muzeum Staro\u017cytnego Hutnictwa Mazowieckiego im. Stefana Woydy), Jan Pawe\u0142 II Square 2, 05-800 Pruszk\u00f3w, represented by its Director, phone: (+48) 22 758 72 66, e-mail: muzeum@mshm.pl. 2. The Data Protection Officer is Iwona Obarzanek, who may [&hellip;]<\/p>\n","protected":false},"author":1,"featured_media":3480,"parent":3920,"menu_order":12,"comment_status":"closed","ping_status":"closed","template":"","meta":{"_acf_changed":false,"footnotes":""},"class_list":["post-3768","page","type-page","status-publish","has-post-thumbnail","hentry"],"acf":[],"yoast_head":"<!-- This site is optimized with the Yoast SEO plugin v27.2 - https:\/\/yoast.com\/product\/yoast-seo-wordpress\/ -->\n<title>General Data Protection ACT (GDPR) - Muzeum Staro\u017cytnego Hutnictwa Mazowieckiego<\/title>\n<meta name=\"robots\" content=\"index, follow, max-snippet:-1, max-image-preview:large, max-video-preview:-1\" \/>\n<link rel=\"canonical\" href=\"https:\/\/mshm.pl\/en\/about-us\/general-data-protection-act-gdpr\/\" \/>\n<meta property=\"og:locale\" content=\"en_US\" \/>\n<meta property=\"og:type\" content=\"article\" \/>\n<meta property=\"og:title\" content=\"General Data Protection ACT (GDPR) - Muzeum Staro\u017cytnego Hutnictwa Mazowieckiego\" \/>\n<meta property=\"og:description\" content=\"The General Data Protection Regulation (GDPR) is en vigour in Poland and other EU countries from 25.05.2018. General Data is processed by the Local Self Government Cultural Institution the Stefan Woyda Museum of Ancient Mazovian Metallurgy in the following manner: 1. The Administrator of Your data is the Local Self Government Cultural Institution the Stefan Woyda Museum of Ancient Mazovian Metallurgy (Samorz\u0105dowa Instytucja Kultury Muzeum Staro\u017cytnego Hutnictwa Mazowieckiego im. Stefana Woydy), Jan Pawe\u0142 II Square 2, 05-800 Pruszk\u00f3w, represented by its Director, phone: (+48) 22 758 72 66, e-mail: muzeum@mshm.pl. 2. The Data Protection Officer is Iwona Obarzanek, who may [&hellip;]\" \/>\n<meta property=\"og:url\" content=\"https:\/\/mshm.pl\/en\/about-us\/general-data-protection-act-gdpr\/\" \/>\n<meta property=\"og:site_name\" content=\"Muzeum Staro\u017cytnego Hutnictwa Mazowieckiego\" \/>\n<meta property=\"article:publisher\" content=\"https:\/\/www.facebook.com\/pruszkow.mshm\" \/>\n<meta property=\"article:modified_time\" content=\"2022-02-15T19:41:41+00:00\" \/>\n<meta property=\"og:image\" content=\"https:\/\/mshm.pl\/wp-content\/uploads\/2022\/02\/mshm-ochrona-danych-osobowych.jpg\" \/>\n\t<meta property=\"og:image:width\" content=\"1920\" \/>\n\t<meta property=\"og:image:height\" content=\"793\" \/>\n\t<meta property=\"og:image:type\" content=\"image\/jpeg\" \/>\n<meta name=\"twitter:card\" content=\"summary_large_image\" \/>\n<meta name=\"twitter:label1\" content=\"Est. reading time\" \/>\n\t<meta name=\"twitter:data1\" content=\"3 minutes\" \/>\n<script type=\"application\/ld+json\" class=\"yoast-schema-graph\">{\"@context\":\"https:\/\/schema.org\",\"@graph\":[{\"@type\":\"WebPage\",\"@id\":\"https:\/\/mshm.pl\/en\/about-us\/general-data-protection-act-gdpr\/\",\"url\":\"https:\/\/mshm.pl\/en\/about-us\/general-data-protection-act-gdpr\/\",\"name\":\"General Data Protection ACT (GDPR) - Muzeum Staro\u017cytnego Hutnictwa Mazowieckiego\",\"isPartOf\":{\"@id\":\"https:\/\/mshm.pl\/en\/#website\"},\"primaryImageOfPage\":{\"@id\":\"https:\/\/mshm.pl\/en\/about-us\/general-data-protection-act-gdpr\/#primaryimage\"},\"image\":{\"@id\":\"https:\/\/mshm.pl\/en\/about-us\/general-data-protection-act-gdpr\/#primaryimage\"},\"thumbnailUrl\":\"https:\/\/mshm.pl\/wp-content\/uploads\/2022\/02\/mshm-ochrona-danych-osobowych.jpg\",\"datePublished\":\"2022-01-15T22:51:14+00:00\",\"dateModified\":\"2022-02-15T19:41:41+00:00\",\"breadcrumb\":{\"@id\":\"https:\/\/mshm.pl\/en\/about-us\/general-data-protection-act-gdpr\/#breadcrumb\"},\"inLanguage\":\"en-US\",\"potentialAction\":[{\"@type\":\"ReadAction\",\"target\":[\"https:\/\/mshm.pl\/en\/about-us\/general-data-protection-act-gdpr\/\"]}]},{\"@type\":\"ImageObject\",\"inLanguage\":\"en-US\",\"@id\":\"https:\/\/mshm.pl\/en\/about-us\/general-data-protection-act-gdpr\/#primaryimage\",\"url\":\"https:\/\/mshm.pl\/wp-content\/uploads\/2022\/02\/mshm-ochrona-danych-osobowych.jpg\",\"contentUrl\":\"https:\/\/mshm.pl\/wp-content\/uploads\/2022\/02\/mshm-ochrona-danych-osobowych.jpg\",\"width\":1920,\"height\":793,\"caption\":\"General Data Protection\"},{\"@type\":\"BreadcrumbList\",\"@id\":\"https:\/\/mshm.pl\/en\/about-us\/general-data-protection-act-gdpr\/#breadcrumb\",\"itemListElement\":[{\"@type\":\"ListItem\",\"position\":1,\"name\":\"Strona g\u0142\u00f3wna\",\"item\":\"https:\/\/mshm.pl\/en\/\"},{\"@type\":\"ListItem\",\"position\":2,\"name\":\"About us\",\"item\":\"https:\/\/mshm.pl\/en\/about-us\/\"},{\"@type\":\"ListItem\",\"position\":3,\"name\":\"General Data Protection ACT (GDPR)\"}]},{\"@type\":\"WebSite\",\"@id\":\"https:\/\/mshm.pl\/en\/#website\",\"url\":\"https:\/\/mshm.pl\/en\/\",\"name\":\"Muzeum Staro\u017cytnego Hutnictwa Mazowieckiego\",\"description\":\"Muzeum Staro\u017cytnego Hutnictwa Mazowieckiego im. Stefana Woydy w Pruszkowie zajmuje si\u0119 badaniem, ochron\u0105 i promocj\u0105 unikatowego w skali Europy dziedzictwa pradziejowego, kt\u00f3rym jest Mazowieckie Centrum Metalurgiczne\",\"publisher\":{\"@id\":\"https:\/\/mshm.pl\/en\/#organization\"},\"potentialAction\":[{\"@type\":\"SearchAction\",\"target\":{\"@type\":\"EntryPoint\",\"urlTemplate\":\"https:\/\/mshm.pl\/en\/?s={search_term_string}\"},\"query-input\":{\"@type\":\"PropertyValueSpecification\",\"valueRequired\":true,\"valueName\":\"search_term_string\"}}],\"inLanguage\":\"en-US\"},{\"@type\":\"Organization\",\"@id\":\"https:\/\/mshm.pl\/en\/#organization\",\"name\":\"MSMH\",\"url\":\"https:\/\/mshm.pl\/en\/\",\"logo\":{\"@type\":\"ImageObject\",\"inLanguage\":\"en-US\",\"@id\":\"https:\/\/mshm.pl\/en\/#\/schema\/logo\/image\/\",\"url\":\"https:\/\/mshm.pl\/wp-content\/uploads\/2022\/03\/mshm-logo.png\",\"contentUrl\":\"https:\/\/mshm.pl\/wp-content\/uploads\/2022\/03\/mshm-logo.png\",\"width\":1997,\"height\":600,\"caption\":\"MSMH\"},\"image\":{\"@id\":\"https:\/\/mshm.pl\/en\/#\/schema\/logo\/image\/\"},\"sameAs\":[\"https:\/\/www.facebook.com\/pruszkow.mshm\",\"https:\/\/www.instagram.com\/muzeum_shm\/\",\"https:\/\/www.youtube.com\/channel\/UCXP_VzVPrFu9Bj3I8r89xdw\"]}]}<\/script>\n<!-- \/ Yoast SEO plugin. -->","yoast_head_json":{"title":"General Data Protection ACT (GDPR) - Muzeum Staro\u017cytnego Hutnictwa Mazowieckiego","robots":{"index":"index","follow":"follow","max-snippet":"max-snippet:-1","max-image-preview":"max-image-preview:large","max-video-preview":"max-video-preview:-1"},"canonical":"https:\/\/mshm.pl\/en\/about-us\/general-data-protection-act-gdpr\/","og_locale":"en_US","og_type":"article","og_title":"General Data Protection ACT (GDPR) - Muzeum Staro\u017cytnego Hutnictwa Mazowieckiego","og_description":"The General Data Protection Regulation (GDPR) is en vigour in Poland and other EU countries from 25.05.2018. General Data is processed by the Local Self Government Cultural Institution the Stefan Woyda Museum of Ancient Mazovian Metallurgy in the following manner: 1. The Administrator of Your data is the Local Self Government Cultural Institution the Stefan Woyda Museum of Ancient Mazovian Metallurgy (Samorz\u0105dowa Instytucja Kultury Muzeum Staro\u017cytnego Hutnictwa Mazowieckiego im. Stefana Woydy), Jan Pawe\u0142 II Square 2, 05-800 Pruszk\u00f3w, represented by its Director, phone: (+48) 22 758 72 66, e-mail: muzeum@mshm.pl. 2. The Data Protection Officer is Iwona Obarzanek, who may [&hellip;]","og_url":"https:\/\/mshm.pl\/en\/about-us\/general-data-protection-act-gdpr\/","og_site_name":"Muzeum Staro\u017cytnego Hutnictwa Mazowieckiego","article_publisher":"https:\/\/www.facebook.com\/pruszkow.mshm","article_modified_time":"2022-02-15T19:41:41+00:00","og_image":[{"width":1920,"height":793,"url":"https:\/\/mshm.pl\/wp-content\/uploads\/2022\/02\/mshm-ochrona-danych-osobowych.jpg","type":"image\/jpeg"}],"twitter_card":"summary_large_image","twitter_misc":{"Est. reading time":"3 minutes"},"schema":{"@context":"https:\/\/schema.org","@graph":[{"@type":"WebPage","@id":"https:\/\/mshm.pl\/en\/about-us\/general-data-protection-act-gdpr\/","url":"https:\/\/mshm.pl\/en\/about-us\/general-data-protection-act-gdpr\/","name":"General Data Protection ACT (GDPR) - Muzeum Staro\u017cytnego Hutnictwa Mazowieckiego","isPartOf":{"@id":"https:\/\/mshm.pl\/en\/#website"},"primaryImageOfPage":{"@id":"https:\/\/mshm.pl\/en\/about-us\/general-data-protection-act-gdpr\/#primaryimage"},"image":{"@id":"https:\/\/mshm.pl\/en\/about-us\/general-data-protection-act-gdpr\/#primaryimage"},"thumbnailUrl":"https:\/\/mshm.pl\/wp-content\/uploads\/2022\/02\/mshm-ochrona-danych-osobowych.jpg","datePublished":"2022-01-15T22:51:14+00:00","dateModified":"2022-02-15T19:41:41+00:00","breadcrumb":{"@id":"https:\/\/mshm.pl\/en\/about-us\/general-data-protection-act-gdpr\/#breadcrumb"},"inLanguage":"en-US","potentialAction":[{"@type":"ReadAction","target":["https:\/\/mshm.pl\/en\/about-us\/general-data-protection-act-gdpr\/"]}]},{"@type":"ImageObject","inLanguage":"en-US","@id":"https:\/\/mshm.pl\/en\/about-us\/general-data-protection-act-gdpr\/#primaryimage","url":"https:\/\/mshm.pl\/wp-content\/uploads\/2022\/02\/mshm-ochrona-danych-osobowych.jpg","contentUrl":"https:\/\/mshm.pl\/wp-content\/uploads\/2022\/02\/mshm-ochrona-danych-osobowych.jpg","width":1920,"height":793,"caption":"General Data Protection"},{"@type":"BreadcrumbList","@id":"https:\/\/mshm.pl\/en\/about-us\/general-data-protection-act-gdpr\/#breadcrumb","itemListElement":[{"@type":"ListItem","position":1,"name":"Strona g\u0142\u00f3wna","item":"https:\/\/mshm.pl\/en\/"},{"@type":"ListItem","position":2,"name":"About us","item":"https:\/\/mshm.pl\/en\/about-us\/"},{"@type":"ListItem","position":3,"name":"General Data Protection ACT (GDPR)"}]},{"@type":"WebSite","@id":"https:\/\/mshm.pl\/en\/#website","url":"https:\/\/mshm.pl\/en\/","name":"Muzeum Staro\u017cytnego Hutnictwa Mazowieckiego","description":"Muzeum Staro\u017cytnego Hutnictwa Mazowieckiego im. Stefana Woydy w Pruszkowie zajmuje si\u0119 badaniem, ochron\u0105 i promocj\u0105 unikatowego w skali Europy dziedzictwa pradziejowego, kt\u00f3rym jest Mazowieckie Centrum Metalurgiczne","publisher":{"@id":"https:\/\/mshm.pl\/en\/#organization"},"potentialAction":[{"@type":"SearchAction","target":{"@type":"EntryPoint","urlTemplate":"https:\/\/mshm.pl\/en\/?s={search_term_string}"},"query-input":{"@type":"PropertyValueSpecification","valueRequired":true,"valueName":"search_term_string"}}],"inLanguage":"en-US"},{"@type":"Organization","@id":"https:\/\/mshm.pl\/en\/#organization","name":"MSMH","url":"https:\/\/mshm.pl\/en\/","logo":{"@type":"ImageObject","inLanguage":"en-US","@id":"https:\/\/mshm.pl\/en\/#\/schema\/logo\/image\/","url":"https:\/\/mshm.pl\/wp-content\/uploads\/2022\/03\/mshm-logo.png","contentUrl":"https:\/\/mshm.pl\/wp-content\/uploads\/2022\/03\/mshm-logo.png","width":1997,"height":600,"caption":"MSMH"},"image":{"@id":"https:\/\/mshm.pl\/en\/#\/schema\/logo\/image\/"},"sameAs":["https:\/\/www.facebook.com\/pruszkow.mshm","https:\/\/www.instagram.com\/muzeum_shm\/","https:\/\/www.youtube.com\/channel\/UCXP_VzVPrFu9Bj3I8r89xdw"]}]}},"_links":{"self":[{"href":"https:\/\/mshm.pl\/en\/wp-json\/wp\/v2\/pages\/3768","targetHints":{"allow":["GET"]}}],"collection":[{"href":"https:\/\/mshm.pl\/en\/wp-json\/wp\/v2\/pages"}],"about":[{"href":"https:\/\/mshm.pl\/en\/wp-json\/wp\/v2\/types\/page"}],"author":[{"embeddable":true,"href":"https:\/\/mshm.pl\/en\/wp-json\/wp\/v2\/users\/1"}],"replies":[{"embeddable":true,"href":"https:\/\/mshm.pl\/en\/wp-json\/wp\/v2\/comments?post=3768"}],"version-history":[{"count":0,"href":"https:\/\/mshm.pl\/en\/wp-json\/wp\/v2\/pages\/3768\/revisions"}],"up":[{"embeddable":true,"href":"https:\/\/mshm.pl\/en\/wp-json\/wp\/v2\/pages\/3920"}],"wp:featuredmedia":[{"embeddable":true,"href":"https:\/\/mshm.pl\/en\/wp-json\/wp\/v2\/media\/3480"}],"wp:attachment":[{"href":"https:\/\/mshm.pl\/en\/wp-json\/wp\/v2\/media?parent=3768"}],"curies":[{"name":"wp","href":"https:\/\/api.w.org\/{rel}","templated":true}]}}