{"id":3761,"date":"2022-01-13T17:07:45","date_gmt":"2022-01-13T16:07:45","guid":{"rendered":"https:\/\/mshm.pl\/?page_id=3761"},"modified":"2022-10-26T14:24:37","modified_gmt":"2022-10-26T12:24:37","slug":"commercial-hire","status":"publish","type":"page","link":"https:\/\/mshm.pl\/en\/contact\/commercial-hire\/","title":{"rendered":"Commercial hire"},"content":{"rendered":"\n<p>We offer the hire of a charming and cosy space at the Museum\u2019s historical premises, a dream venue for a cultural or educational event, or an ideal backdrop for a once-in-a-lifetime photo session.<\/p>\n\n\n<div class=\"lazyblock-rozwijane-panele-1Mcocz wp-block-lazyblock-rozwijane-panele\">      <div class=\"comp-faq-item mb-2\">\r\n      <h3 class=\"cfiq-title m-0 text-family-1\">\r\n        <button class=\"comp-faq-question bg-corporate-2\">\r\n          <span class=\"d-block\">ORANGERY<\/span>\r\n          <span class=\"cfiq-show\"><\/span>\r\n        <\/button>\r\n      <\/h3>\r\n      <div class=\"comp-faq-answer default-text-box\">\r\n        <p>The elegant, glass-sided <strong>ORANGERY<\/strong> has excellent acoustics, making it an ideal location to organise a concert, recording session, show, lecture, photo session or an exhibition.<\/p>\n<p><strong>Space<\/strong>: 103\u00a0m\u00b2<br \/><strong>Maximum capacity<\/strong>: 150<\/p>\n<p><img loading=\"lazy\" decoding=\"async\" class=\"alignnone wp-image-503 size-large\" src=\"https:\/\/mshm.pl\/wp-content\/uploads\/2022\/01\/mshm-oranzeria-1-1280x453.jpg\" alt=\"mshm oran\u017ceria\" width=\"1280\" height=\"453\" \/><\/p>      <\/div>\r\n    <\/div>\r\n      <div class=\"comp-faq-item mb-2\">\r\n      <h3 class=\"cfiq-title m-0 text-family-1\">\r\n        <button class=\"comp-faq-question bg-corporate-2\">\r\n          <span class=\"d-block\">VAULTED CELLARS<\/span>\r\n          <span class=\"cfiq-show\"><\/span>\r\n        <\/button>\r\n      <\/h3>\r\n      <div class=\"comp-faq-answer default-text-box\">\r\n        <p>The barrel-vaulted <strong>CELLARS <\/strong>and their unique atmosphere are tailor-made for exhibitions, workshops, lectures, seminars, photo sessions and get-togethers which, due to the unique venue, will be remembered for a lifetime.<\/p>\n<p><br \/><strong>Space<\/strong>: 100 m\u00b2<br \/><strong>Maximum capacity<\/strong>: 100<\/p>\n<p><img loading=\"lazy\" decoding=\"async\" class=\"alignnone wp-image-1993 size-large\" src=\"https:\/\/mshm.pl\/wp-content\/uploads\/2022\/01\/mshm-piwnica-2-1-1280x667.jpg\" alt=\"MSHM - piwnica\" width=\"1280\" height=\"667\" \/><\/p>\n<p><img loading=\"lazy\" decoding=\"async\" class=\"alignnone wp-image-602 size-large\" src=\"https:\/\/mshm.pl\/wp-content\/uploads\/2022\/01\/siedziba-muzeum-28-1280x595.jpg\" alt=\"Siedziba Muzeum Staro\u017cytnego Hutnictwa Mazowieckiego im. Stefana Woydy w Pruszkowie\" width=\"1280\" height=\"595\" \/><\/p>      <\/div>\r\n    <\/div>\r\n  \r\n<\/div>\n\n\n<p> <\/p>\n\n\n\n<p><strong>Contact<\/strong><\/p>\n\n\n\n<p>Tomasz Ku\u017amicz \u2013 Office Manager<\/p>\n\n\n\n<p><a href=\"t.kuzmicz@mshm.pl\">t.kuzmicz@mshm.pl<\/a><\/p>\n\n\n\n<p>(+48) 22&nbsp;758&nbsp;72&nbsp;66<\/p>\n","protected":false},"excerpt":{"rendered":"<p>We offer the hire of a charming and cosy space at the Museum\u2019s historical premises, a dream venue for a cultural or educational event, or an ideal backdrop for a once-in-a-lifetime photo session. Contact Tomasz Ku\u017amicz \u2013 Office Manager t.kuzmicz@mshm.pl (+48) 22&nbsp;758&nbsp;72&nbsp;66<\/p>\n","protected":false},"author":1,"featured_media":2984,"parent":3737,"menu_order":2,"comment_status":"closed","ping_status":"closed","template":"","meta":{"_acf_changed":false,"footnotes":""},"class_list":["post-3761","page","type-page","status-publish","has-post-thumbnail","hentry"],"acf":[],"yoast_head":"<!-- This site is optimized with the Yoast SEO plugin v27.2 - https:\/\/yoast.com\/product\/yoast-seo-wordpress\/ -->\n<title>Commercial hire - Muzeum Staro\u017cytnego Hutnictwa Mazowieckiego<\/title>\n<meta name=\"robots\" content=\"index, follow, max-snippet:-1, max-image-preview:large, max-video-preview:-1\" \/>\n<link rel=\"canonical\" href=\"https:\/\/mshm.pl\/en\/contact\/commercial-hire\/\" \/>\n<meta property=\"og:locale\" content=\"en_US\" \/>\n<meta property=\"og:type\" content=\"article\" \/>\n<meta property=\"og:title\" content=\"Commercial hire - Muzeum Staro\u017cytnego Hutnictwa Mazowieckiego\" \/>\n<meta property=\"og:description\" content=\"We offer the hire of a charming and cosy space at the Museum\u2019s historical premises, a dream venue for a cultural or educational event, or an ideal backdrop for a once-in-a-lifetime photo session. Contact Tomasz Ku\u017amicz \u2013 Office Manager t.kuzmicz@mshm.pl (+48) 22&nbsp;758&nbsp;72&nbsp;66\" \/>\n<meta property=\"og:url\" content=\"https:\/\/mshm.pl\/en\/contact\/commercial-hire\/\" \/>\n<meta property=\"og:site_name\" content=\"Muzeum Staro\u017cytnego Hutnictwa Mazowieckiego\" \/>\n<meta property=\"article:publisher\" content=\"https:\/\/www.facebook.com\/pruszkow.mshm\" \/>\n<meta property=\"article:modified_time\" content=\"2022-10-26T12:24:37+00:00\" \/>\n<meta property=\"og:image\" content=\"https:\/\/mshm.pl\/wp-content\/uploads\/2022\/01\/mshm-oranzeria-1.jpg\" \/>\n\t<meta property=\"og:image:width\" content=\"1920\" \/>\n\t<meta property=\"og:image:height\" content=\"680\" \/>\n\t<meta property=\"og:image:type\" content=\"image\/jpeg\" \/>\n<meta name=\"twitter:card\" content=\"summary_large_image\" \/>\n<meta name=\"twitter:label1\" content=\"Est. reading time\" \/>\n\t<meta name=\"twitter:data1\" content=\"1 minute\" \/>\n<script type=\"application\/ld+json\" class=\"yoast-schema-graph\">{\"@context\":\"https:\/\/schema.org\",\"@graph\":[{\"@type\":\"WebPage\",\"@id\":\"https:\/\/mshm.pl\/en\/contact\/commercial-hire\/\",\"url\":\"https:\/\/mshm.pl\/en\/contact\/commercial-hire\/\",\"name\":\"Commercial hire - Muzeum Staro\u017cytnego Hutnictwa Mazowieckiego\",\"isPartOf\":{\"@id\":\"https:\/\/mshm.pl\/en\/#website\"},\"primaryImageOfPage\":{\"@id\":\"https:\/\/mshm.pl\/en\/contact\/commercial-hire\/#primaryimage\"},\"image\":{\"@id\":\"https:\/\/mshm.pl\/en\/contact\/commercial-hire\/#primaryimage\"},\"thumbnailUrl\":\"https:\/\/mshm.pl\/wp-content\/uploads\/2022\/01\/mshm-oranzeria-1.jpg\",\"datePublished\":\"2022-01-13T16:07:45+00:00\",\"dateModified\":\"2022-10-26T12:24:37+00:00\",\"breadcrumb\":{\"@id\":\"https:\/\/mshm.pl\/en\/contact\/commercial-hire\/#breadcrumb\"},\"inLanguage\":\"en-US\",\"potentialAction\":[{\"@type\":\"ReadAction\",\"target\":[\"https:\/\/mshm.pl\/en\/contact\/commercial-hire\/\"]}]},{\"@type\":\"ImageObject\",\"inLanguage\":\"en-US\",\"@id\":\"https:\/\/mshm.pl\/en\/contact\/commercial-hire\/#primaryimage\",\"url\":\"https:\/\/mshm.pl\/wp-content\/uploads\/2022\/01\/mshm-oranzeria-1.jpg\",\"contentUrl\":\"https:\/\/mshm.pl\/wp-content\/uploads\/2022\/01\/mshm-oranzeria-1.jpg\",\"width\":1920,\"height\":680,\"caption\":\"Commercial hire\"},{\"@type\":\"BreadcrumbList\",\"@id\":\"https:\/\/mshm.pl\/en\/contact\/commercial-hire\/#breadcrumb\",\"itemListElement\":[{\"@type\":\"ListItem\",\"position\":1,\"name\":\"Strona g\u0142\u00f3wna\",\"item\":\"https:\/\/mshm.pl\/en\/\"},{\"@type\":\"ListItem\",\"position\":2,\"name\":\"Contact\",\"item\":\"https:\/\/mshm.pl\/en\/contact\/\"},{\"@type\":\"ListItem\",\"position\":3,\"name\":\"Commercial hire\"}]},{\"@type\":\"WebSite\",\"@id\":\"https:\/\/mshm.pl\/en\/#website\",\"url\":\"https:\/\/mshm.pl\/en\/\",\"name\":\"Muzeum Staro\u017cytnego Hutnictwa Mazowieckiego\",\"description\":\"Muzeum Staro\u017cytnego Hutnictwa Mazowieckiego im. Stefana Woydy w Pruszkowie zajmuje si\u0119 badaniem, ochron\u0105 i promocj\u0105 unikatowego w skali Europy dziedzictwa pradziejowego, kt\u00f3rym jest Mazowieckie Centrum Metalurgiczne\",\"publisher\":{\"@id\":\"https:\/\/mshm.pl\/en\/#organization\"},\"potentialAction\":[{\"@type\":\"SearchAction\",\"target\":{\"@type\":\"EntryPoint\",\"urlTemplate\":\"https:\/\/mshm.pl\/en\/?s={search_term_string}\"},\"query-input\":{\"@type\":\"PropertyValueSpecification\",\"valueRequired\":true,\"valueName\":\"search_term_string\"}}],\"inLanguage\":\"en-US\"},{\"@type\":\"Organization\",\"@id\":\"https:\/\/mshm.pl\/en\/#organization\",\"name\":\"MSMH\",\"url\":\"https:\/\/mshm.pl\/en\/\",\"logo\":{\"@type\":\"ImageObject\",\"inLanguage\":\"en-US\",\"@id\":\"https:\/\/mshm.pl\/en\/#\/schema\/logo\/image\/\",\"url\":\"https:\/\/mshm.pl\/wp-content\/uploads\/2022\/03\/mshm-logo.png\",\"contentUrl\":\"https:\/\/mshm.pl\/wp-content\/uploads\/2022\/03\/mshm-logo.png\",\"width\":1997,\"height\":600,\"caption\":\"MSMH\"},\"image\":{\"@id\":\"https:\/\/mshm.pl\/en\/#\/schema\/logo\/image\/\"},\"sameAs\":[\"https:\/\/www.facebook.com\/pruszkow.mshm\",\"https:\/\/www.instagram.com\/muzeum_shm\/\",\"https:\/\/www.youtube.com\/channel\/UCXP_VzVPrFu9Bj3I8r89xdw\"]}]}<\/script>\n<!-- \/ Yoast SEO plugin. -->","yoast_head_json":{"title":"Commercial hire - Muzeum Staro\u017cytnego Hutnictwa Mazowieckiego","robots":{"index":"index","follow":"follow","max-snippet":"max-snippet:-1","max-image-preview":"max-image-preview:large","max-video-preview":"max-video-preview:-1"},"canonical":"https:\/\/mshm.pl\/en\/contact\/commercial-hire\/","og_locale":"en_US","og_type":"article","og_title":"Commercial hire - Muzeum Staro\u017cytnego Hutnictwa Mazowieckiego","og_description":"We offer the hire of a charming and cosy space at the Museum\u2019s historical premises, a dream venue for a cultural or educational event, or an ideal backdrop for a once-in-a-lifetime photo session. Contact Tomasz Ku\u017amicz \u2013 Office Manager t.kuzmicz@mshm.pl (+48) 22&nbsp;758&nbsp;72&nbsp;66","og_url":"https:\/\/mshm.pl\/en\/contact\/commercial-hire\/","og_site_name":"Muzeum Staro\u017cytnego Hutnictwa Mazowieckiego","article_publisher":"https:\/\/www.facebook.com\/pruszkow.mshm","article_modified_time":"2022-10-26T12:24:37+00:00","og_image":[{"width":1920,"height":680,"url":"https:\/\/mshm.pl\/wp-content\/uploads\/2022\/01\/mshm-oranzeria-1.jpg","type":"image\/jpeg"}],"twitter_card":"summary_large_image","twitter_misc":{"Est. reading time":"1 minute"},"schema":{"@context":"https:\/\/schema.org","@graph":[{"@type":"WebPage","@id":"https:\/\/mshm.pl\/en\/contact\/commercial-hire\/","url":"https:\/\/mshm.pl\/en\/contact\/commercial-hire\/","name":"Commercial hire - Muzeum Staro\u017cytnego Hutnictwa Mazowieckiego","isPartOf":{"@id":"https:\/\/mshm.pl\/en\/#website"},"primaryImageOfPage":{"@id":"https:\/\/mshm.pl\/en\/contact\/commercial-hire\/#primaryimage"},"image":{"@id":"https:\/\/mshm.pl\/en\/contact\/commercial-hire\/#primaryimage"},"thumbnailUrl":"https:\/\/mshm.pl\/wp-content\/uploads\/2022\/01\/mshm-oranzeria-1.jpg","datePublished":"2022-01-13T16:07:45+00:00","dateModified":"2022-10-26T12:24:37+00:00","breadcrumb":{"@id":"https:\/\/mshm.pl\/en\/contact\/commercial-hire\/#breadcrumb"},"inLanguage":"en-US","potentialAction":[{"@type":"ReadAction","target":["https:\/\/mshm.pl\/en\/contact\/commercial-hire\/"]}]},{"@type":"ImageObject","inLanguage":"en-US","@id":"https:\/\/mshm.pl\/en\/contact\/commercial-hire\/#primaryimage","url":"https:\/\/mshm.pl\/wp-content\/uploads\/2022\/01\/mshm-oranzeria-1.jpg","contentUrl":"https:\/\/mshm.pl\/wp-content\/uploads\/2022\/01\/mshm-oranzeria-1.jpg","width":1920,"height":680,"caption":"Commercial hire"},{"@type":"BreadcrumbList","@id":"https:\/\/mshm.pl\/en\/contact\/commercial-hire\/#breadcrumb","itemListElement":[{"@type":"ListItem","position":1,"name":"Strona g\u0142\u00f3wna","item":"https:\/\/mshm.pl\/en\/"},{"@type":"ListItem","position":2,"name":"Contact","item":"https:\/\/mshm.pl\/en\/contact\/"},{"@type":"ListItem","position":3,"name":"Commercial hire"}]},{"@type":"WebSite","@id":"https:\/\/mshm.pl\/en\/#website","url":"https:\/\/mshm.pl\/en\/","name":"Muzeum Staro\u017cytnego Hutnictwa Mazowieckiego","description":"Muzeum Staro\u017cytnego Hutnictwa Mazowieckiego im. Stefana Woydy w Pruszkowie zajmuje si\u0119 badaniem, ochron\u0105 i promocj\u0105 unikatowego w skali Europy dziedzictwa pradziejowego, kt\u00f3rym jest Mazowieckie Centrum Metalurgiczne","publisher":{"@id":"https:\/\/mshm.pl\/en\/#organization"},"potentialAction":[{"@type":"SearchAction","target":{"@type":"EntryPoint","urlTemplate":"https:\/\/mshm.pl\/en\/?s={search_term_string}"},"query-input":{"@type":"PropertyValueSpecification","valueRequired":true,"valueName":"search_term_string"}}],"inLanguage":"en-US"},{"@type":"Organization","@id":"https:\/\/mshm.pl\/en\/#organization","name":"MSMH","url":"https:\/\/mshm.pl\/en\/","logo":{"@type":"ImageObject","inLanguage":"en-US","@id":"https:\/\/mshm.pl\/en\/#\/schema\/logo\/image\/","url":"https:\/\/mshm.pl\/wp-content\/uploads\/2022\/03\/mshm-logo.png","contentUrl":"https:\/\/mshm.pl\/wp-content\/uploads\/2022\/03\/mshm-logo.png","width":1997,"height":600,"caption":"MSMH"},"image":{"@id":"https:\/\/mshm.pl\/en\/#\/schema\/logo\/image\/"},"sameAs":["https:\/\/www.facebook.com\/pruszkow.mshm","https:\/\/www.instagram.com\/muzeum_shm\/","https:\/\/www.youtube.com\/channel\/UCXP_VzVPrFu9Bj3I8r89xdw"]}]}},"_links":{"self":[{"href":"https:\/\/mshm.pl\/en\/wp-json\/wp\/v2\/pages\/3761","targetHints":{"allow":["GET"]}}],"collection":[{"href":"https:\/\/mshm.pl\/en\/wp-json\/wp\/v2\/pages"}],"about":[{"href":"https:\/\/mshm.pl\/en\/wp-json\/wp\/v2\/types\/page"}],"author":[{"embeddable":true,"href":"https:\/\/mshm.pl\/en\/wp-json\/wp\/v2\/users\/1"}],"replies":[{"embeddable":true,"href":"https:\/\/mshm.pl\/en\/wp-json\/wp\/v2\/comments?post=3761"}],"version-history":[{"count":0,"href":"https:\/\/mshm.pl\/en\/wp-json\/wp\/v2\/pages\/3761\/revisions"}],"up":[{"embeddable":true,"href":"https:\/\/mshm.pl\/en\/wp-json\/wp\/v2\/pages\/3737"}],"wp:featuredmedia":[{"embeddable":true,"href":"https:\/\/mshm.pl\/en\/wp-json\/wp\/v2\/media\/2984"}],"wp:attachment":[{"href":"https:\/\/mshm.pl\/en\/wp-json\/wp\/v2\/media?parent=3761"}],"curies":[{"name":"wp","href":"https:\/\/api.w.org\/{rel}","templated":true}]}}