{"id":3746,"date":"2022-01-13T18:23:47","date_gmt":"2022-01-13T17:23:47","guid":{"rendered":"https:\/\/mshm.pl\/?page_id=3746"},"modified":"2022-02-15T22:01:05","modified_gmt":"2022-02-15T21:01:05","slug":"dorota-slowinska-kamasa","status":"publish","type":"page","link":"https:\/\/mshm.pl\/en\/contact\/museum-structure\/dorota-slowinska-kamasa\/","title":{"rendered":"Dorota S\u0142owi\u0144ska-Kamasa"},"content":{"rendered":"\n<div class=\"wp-block-image\"><figure class=\"alignleft size-large is-resized\"><img loading=\"lazy\" decoding=\"async\" src=\"https:\/\/mshm.pl\/wp-content\/uploads\/2022\/01\/dorota-slowinska-kamasa-fot-k-brodowska-1071x1280.jpg\" alt=\"Dyrektor Muzeum - Dorota S\u0142owi\u0144ska-Kamasa\" class=\"wp-image-3420\" width=\"145\" height=\"173\"\/><\/figure><\/div>\n\n\n\n<p>Director of the Museum of Ancient Mazovian Metallurgy, archaeologist, museum manager, disseminator of knowledge, author and coordinator of many acknowledged museum-related cultural and educational projects. Recipient of the Award of Ancient History Historians for her achievements in popularising knowledge about the Antiquity in Poland. Recipient of the Honorary Mention Award of the Pruszk\u00f3w Economic Forum for innovation in managing a cultural institution and professional execution of interesting artistic and educational events. Curator of the core exhibition <em>Daybreak &#8211; Mazovian Centre of Metallurgy from the turn of the eras<\/em>, co-author and co-designer of the exhibition\u2019s concept and narration.<\/p>\n","protected":false},"excerpt":{"rendered":"<p>Director of the Museum of Ancient Mazovian Metallurgy, archaeologist, museum manager, disseminator of knowledge, author and coordinator of many acknowledged museum-related cultural and educational projects. Recipient of the Award of Ancient History Historians for her achievements in popularising knowledge about the Antiquity in Poland. Recipient of the Honorary Mention Award of the Pruszk\u00f3w Economic Forum for innovation in managing a cultural institution and professional execution of interesting artistic and educational events. Curator of the core exhibition Daybreak &#8211; Mazovian Centre of Metallurgy from the turn of the eras, co-author and co-designer of the exhibition\u2019s concept and narration.<\/p>\n","protected":false},"author":1,"featured_media":3499,"parent":3742,"menu_order":16,"comment_status":"closed","ping_status":"closed","template":"","meta":{"_acf_changed":false,"footnotes":""},"class_list":["post-3746","page","type-page","status-publish","has-post-thumbnail","hentry"],"acf":[],"yoast_head":"<!-- This site is optimized with the Yoast SEO plugin v27.2 - https:\/\/yoast.com\/product\/yoast-seo-wordpress\/ -->\n<title>Dorota S\u0142owi\u0144ska-Kamasa - Muzeum Staro\u017cytnego Hutnictwa Mazowieckiego<\/title>\n<meta name=\"robots\" content=\"index, follow, max-snippet:-1, max-image-preview:large, max-video-preview:-1\" \/>\n<link rel=\"canonical\" href=\"https:\/\/mshm.pl\/en\/contact\/museum-structure\/dorota-slowinska-kamasa\/\" \/>\n<meta property=\"og:locale\" content=\"en_US\" \/>\n<meta property=\"og:type\" content=\"article\" \/>\n<meta property=\"og:title\" content=\"Dorota S\u0142owi\u0144ska-Kamasa - Muzeum Staro\u017cytnego Hutnictwa Mazowieckiego\" \/>\n<meta property=\"og:description\" content=\"Director of the Museum of Ancient Mazovian Metallurgy, archaeologist, museum manager, disseminator of knowledge, author and coordinator of many acknowledged museum-related cultural and educational projects. Recipient of the Award of Ancient History Historians for her achievements in popularising knowledge about the Antiquity in Poland. Recipient of the Honorary Mention Award of the Pruszk\u00f3w Economic Forum for innovation in managing a cultural institution and professional execution of interesting artistic and educational events. Curator of the core exhibition Daybreak &#8211; Mazovian Centre of Metallurgy from the turn of the eras, co-author and co-designer of the exhibition\u2019s concept and narration.\" \/>\n<meta property=\"og:url\" content=\"https:\/\/mshm.pl\/en\/contact\/museum-structure\/dorota-slowinska-kamasa\/\" \/>\n<meta property=\"og:site_name\" content=\"Muzeum Staro\u017cytnego Hutnictwa Mazowieckiego\" \/>\n<meta property=\"article:publisher\" content=\"https:\/\/www.facebook.com\/pruszkow.mshm\" \/>\n<meta property=\"article:modified_time\" content=\"2022-02-15T21:01:05+00:00\" \/>\n<meta property=\"og:image\" content=\"https:\/\/mshm.pl\/wp-content\/uploads\/2022\/02\/dorota-slowinska-kamasa-dyrektor-mshm.jpg\" \/>\n\t<meta property=\"og:image:width\" content=\"2500\" \/>\n\t<meta property=\"og:image:height\" content=\"876\" \/>\n\t<meta property=\"og:image:type\" content=\"image\/jpeg\" \/>\n<meta name=\"twitter:card\" content=\"summary_large_image\" \/>\n<meta name=\"twitter:label1\" content=\"Est. reading time\" \/>\n\t<meta name=\"twitter:data1\" content=\"1 minute\" \/>\n<script type=\"application\/ld+json\" class=\"yoast-schema-graph\">{\"@context\":\"https:\/\/schema.org\",\"@graph\":[{\"@type\":\"WebPage\",\"@id\":\"https:\/\/mshm.pl\/en\/contact\/museum-structure\/dorota-slowinska-kamasa\/\",\"url\":\"https:\/\/mshm.pl\/en\/contact\/museum-structure\/dorota-slowinska-kamasa\/\",\"name\":\"Dorota S\u0142owi\u0144ska-Kamasa - Muzeum Staro\u017cytnego Hutnictwa Mazowieckiego\",\"isPartOf\":{\"@id\":\"https:\/\/mshm.pl\/en\/#website\"},\"primaryImageOfPage\":{\"@id\":\"https:\/\/mshm.pl\/en\/contact\/museum-structure\/dorota-slowinska-kamasa\/#primaryimage\"},\"image\":{\"@id\":\"https:\/\/mshm.pl\/en\/contact\/museum-structure\/dorota-slowinska-kamasa\/#primaryimage\"},\"thumbnailUrl\":\"https:\/\/mshm.pl\/wp-content\/uploads\/2022\/02\/dorota-slowinska-kamasa-dyrektor-mshm.jpg\",\"datePublished\":\"2022-01-13T17:23:47+00:00\",\"dateModified\":\"2022-02-15T21:01:05+00:00\",\"breadcrumb\":{\"@id\":\"https:\/\/mshm.pl\/en\/contact\/museum-structure\/dorota-slowinska-kamasa\/#breadcrumb\"},\"inLanguage\":\"en-US\",\"potentialAction\":[{\"@type\":\"ReadAction\",\"target\":[\"https:\/\/mshm.pl\/en\/contact\/museum-structure\/dorota-slowinska-kamasa\/\"]}]},{\"@type\":\"ImageObject\",\"inLanguage\":\"en-US\",\"@id\":\"https:\/\/mshm.pl\/en\/contact\/museum-structure\/dorota-slowinska-kamasa\/#primaryimage\",\"url\":\"https:\/\/mshm.pl\/wp-content\/uploads\/2022\/02\/dorota-slowinska-kamasa-dyrektor-mshm.jpg\",\"contentUrl\":\"https:\/\/mshm.pl\/wp-content\/uploads\/2022\/02\/dorota-slowinska-kamasa-dyrektor-mshm.jpg\",\"width\":2500,\"height\":876,\"caption\":\"MAMM\"},{\"@type\":\"BreadcrumbList\",\"@id\":\"https:\/\/mshm.pl\/en\/contact\/museum-structure\/dorota-slowinska-kamasa\/#breadcrumb\",\"itemListElement\":[{\"@type\":\"ListItem\",\"position\":1,\"name\":\"Strona g\u0142\u00f3wna\",\"item\":\"https:\/\/mshm.pl\/en\/\"},{\"@type\":\"ListItem\",\"position\":2,\"name\":\"Contact\",\"item\":\"https:\/\/mshm.pl\/en\/contact\/\"},{\"@type\":\"ListItem\",\"position\":3,\"name\":\"Museum structure\",\"item\":\"https:\/\/mshm.pl\/en\/contact\/museum-structure\/\"},{\"@type\":\"ListItem\",\"position\":4,\"name\":\"Dorota S\u0142owi\u0144ska-Kamasa\"}]},{\"@type\":\"WebSite\",\"@id\":\"https:\/\/mshm.pl\/en\/#website\",\"url\":\"https:\/\/mshm.pl\/en\/\",\"name\":\"Muzeum Staro\u017cytnego Hutnictwa Mazowieckiego\",\"description\":\"Muzeum Staro\u017cytnego Hutnictwa Mazowieckiego im. Stefana Woydy w Pruszkowie zajmuje si\u0119 badaniem, ochron\u0105 i promocj\u0105 unikatowego w skali Europy dziedzictwa pradziejowego, kt\u00f3rym jest Mazowieckie Centrum Metalurgiczne\",\"publisher\":{\"@id\":\"https:\/\/mshm.pl\/en\/#organization\"},\"potentialAction\":[{\"@type\":\"SearchAction\",\"target\":{\"@type\":\"EntryPoint\",\"urlTemplate\":\"https:\/\/mshm.pl\/en\/?s={search_term_string}\"},\"query-input\":{\"@type\":\"PropertyValueSpecification\",\"valueRequired\":true,\"valueName\":\"search_term_string\"}}],\"inLanguage\":\"en-US\"},{\"@type\":\"Organization\",\"@id\":\"https:\/\/mshm.pl\/en\/#organization\",\"name\":\"MSMH\",\"url\":\"https:\/\/mshm.pl\/en\/\",\"logo\":{\"@type\":\"ImageObject\",\"inLanguage\":\"en-US\",\"@id\":\"https:\/\/mshm.pl\/en\/#\/schema\/logo\/image\/\",\"url\":\"https:\/\/mshm.pl\/wp-content\/uploads\/2022\/03\/mshm-logo.png\",\"contentUrl\":\"https:\/\/mshm.pl\/wp-content\/uploads\/2022\/03\/mshm-logo.png\",\"width\":1997,\"height\":600,\"caption\":\"MSMH\"},\"image\":{\"@id\":\"https:\/\/mshm.pl\/en\/#\/schema\/logo\/image\/\"},\"sameAs\":[\"https:\/\/www.facebook.com\/pruszkow.mshm\",\"https:\/\/www.instagram.com\/muzeum_shm\/\",\"https:\/\/www.youtube.com\/channel\/UCXP_VzVPrFu9Bj3I8r89xdw\"]}]}<\/script>\n<!-- \/ Yoast SEO plugin. -->","yoast_head_json":{"title":"Dorota S\u0142owi\u0144ska-Kamasa - Muzeum Staro\u017cytnego Hutnictwa Mazowieckiego","robots":{"index":"index","follow":"follow","max-snippet":"max-snippet:-1","max-image-preview":"max-image-preview:large","max-video-preview":"max-video-preview:-1"},"canonical":"https:\/\/mshm.pl\/en\/contact\/museum-structure\/dorota-slowinska-kamasa\/","og_locale":"en_US","og_type":"article","og_title":"Dorota S\u0142owi\u0144ska-Kamasa - Muzeum Staro\u017cytnego Hutnictwa Mazowieckiego","og_description":"Director of the Museum of Ancient Mazovian Metallurgy, archaeologist, museum manager, disseminator of knowledge, author and coordinator of many acknowledged museum-related cultural and educational projects. Recipient of the Award of Ancient History Historians for her achievements in popularising knowledge about the Antiquity in Poland. Recipient of the Honorary Mention Award of the Pruszk\u00f3w Economic Forum for innovation in managing a cultural institution and professional execution of interesting artistic and educational events. Curator of the core exhibition Daybreak &#8211; Mazovian Centre of Metallurgy from the turn of the eras, co-author and co-designer of the exhibition\u2019s concept and narration.","og_url":"https:\/\/mshm.pl\/en\/contact\/museum-structure\/dorota-slowinska-kamasa\/","og_site_name":"Muzeum Staro\u017cytnego Hutnictwa Mazowieckiego","article_publisher":"https:\/\/www.facebook.com\/pruszkow.mshm","article_modified_time":"2022-02-15T21:01:05+00:00","og_image":[{"width":2500,"height":876,"url":"https:\/\/mshm.pl\/wp-content\/uploads\/2022\/02\/dorota-slowinska-kamasa-dyrektor-mshm.jpg","type":"image\/jpeg"}],"twitter_card":"summary_large_image","twitter_misc":{"Est. reading time":"1 minute"},"schema":{"@context":"https:\/\/schema.org","@graph":[{"@type":"WebPage","@id":"https:\/\/mshm.pl\/en\/contact\/museum-structure\/dorota-slowinska-kamasa\/","url":"https:\/\/mshm.pl\/en\/contact\/museum-structure\/dorota-slowinska-kamasa\/","name":"Dorota S\u0142owi\u0144ska-Kamasa - Muzeum Staro\u017cytnego Hutnictwa Mazowieckiego","isPartOf":{"@id":"https:\/\/mshm.pl\/en\/#website"},"primaryImageOfPage":{"@id":"https:\/\/mshm.pl\/en\/contact\/museum-structure\/dorota-slowinska-kamasa\/#primaryimage"},"image":{"@id":"https:\/\/mshm.pl\/en\/contact\/museum-structure\/dorota-slowinska-kamasa\/#primaryimage"},"thumbnailUrl":"https:\/\/mshm.pl\/wp-content\/uploads\/2022\/02\/dorota-slowinska-kamasa-dyrektor-mshm.jpg","datePublished":"2022-01-13T17:23:47+00:00","dateModified":"2022-02-15T21:01:05+00:00","breadcrumb":{"@id":"https:\/\/mshm.pl\/en\/contact\/museum-structure\/dorota-slowinska-kamasa\/#breadcrumb"},"inLanguage":"en-US","potentialAction":[{"@type":"ReadAction","target":["https:\/\/mshm.pl\/en\/contact\/museum-structure\/dorota-slowinska-kamasa\/"]}]},{"@type":"ImageObject","inLanguage":"en-US","@id":"https:\/\/mshm.pl\/en\/contact\/museum-structure\/dorota-slowinska-kamasa\/#primaryimage","url":"https:\/\/mshm.pl\/wp-content\/uploads\/2022\/02\/dorota-slowinska-kamasa-dyrektor-mshm.jpg","contentUrl":"https:\/\/mshm.pl\/wp-content\/uploads\/2022\/02\/dorota-slowinska-kamasa-dyrektor-mshm.jpg","width":2500,"height":876,"caption":"MAMM"},{"@type":"BreadcrumbList","@id":"https:\/\/mshm.pl\/en\/contact\/museum-structure\/dorota-slowinska-kamasa\/#breadcrumb","itemListElement":[{"@type":"ListItem","position":1,"name":"Strona g\u0142\u00f3wna","item":"https:\/\/mshm.pl\/en\/"},{"@type":"ListItem","position":2,"name":"Contact","item":"https:\/\/mshm.pl\/en\/contact\/"},{"@type":"ListItem","position":3,"name":"Museum structure","item":"https:\/\/mshm.pl\/en\/contact\/museum-structure\/"},{"@type":"ListItem","position":4,"name":"Dorota S\u0142owi\u0144ska-Kamasa"}]},{"@type":"WebSite","@id":"https:\/\/mshm.pl\/en\/#website","url":"https:\/\/mshm.pl\/en\/","name":"Muzeum Staro\u017cytnego Hutnictwa Mazowieckiego","description":"Muzeum Staro\u017cytnego Hutnictwa Mazowieckiego im. Stefana Woydy w Pruszkowie zajmuje si\u0119 badaniem, ochron\u0105 i promocj\u0105 unikatowego w skali Europy dziedzictwa pradziejowego, kt\u00f3rym jest Mazowieckie Centrum Metalurgiczne","publisher":{"@id":"https:\/\/mshm.pl\/en\/#organization"},"potentialAction":[{"@type":"SearchAction","target":{"@type":"EntryPoint","urlTemplate":"https:\/\/mshm.pl\/en\/?s={search_term_string}"},"query-input":{"@type":"PropertyValueSpecification","valueRequired":true,"valueName":"search_term_string"}}],"inLanguage":"en-US"},{"@type":"Organization","@id":"https:\/\/mshm.pl\/en\/#organization","name":"MSMH","url":"https:\/\/mshm.pl\/en\/","logo":{"@type":"ImageObject","inLanguage":"en-US","@id":"https:\/\/mshm.pl\/en\/#\/schema\/logo\/image\/","url":"https:\/\/mshm.pl\/wp-content\/uploads\/2022\/03\/mshm-logo.png","contentUrl":"https:\/\/mshm.pl\/wp-content\/uploads\/2022\/03\/mshm-logo.png","width":1997,"height":600,"caption":"MSMH"},"image":{"@id":"https:\/\/mshm.pl\/en\/#\/schema\/logo\/image\/"},"sameAs":["https:\/\/www.facebook.com\/pruszkow.mshm","https:\/\/www.instagram.com\/muzeum_shm\/","https:\/\/www.youtube.com\/channel\/UCXP_VzVPrFu9Bj3I8r89xdw"]}]}},"_links":{"self":[{"href":"https:\/\/mshm.pl\/en\/wp-json\/wp\/v2\/pages\/3746","targetHints":{"allow":["GET"]}}],"collection":[{"href":"https:\/\/mshm.pl\/en\/wp-json\/wp\/v2\/pages"}],"about":[{"href":"https:\/\/mshm.pl\/en\/wp-json\/wp\/v2\/types\/page"}],"author":[{"embeddable":true,"href":"https:\/\/mshm.pl\/en\/wp-json\/wp\/v2\/users\/1"}],"replies":[{"embeddable":true,"href":"https:\/\/mshm.pl\/en\/wp-json\/wp\/v2\/comments?post=3746"}],"version-history":[{"count":0,"href":"https:\/\/mshm.pl\/en\/wp-json\/wp\/v2\/pages\/3746\/revisions"}],"up":[{"embeddable":true,"href":"https:\/\/mshm.pl\/en\/wp-json\/wp\/v2\/pages\/3742"}],"wp:featuredmedia":[{"embeddable":true,"href":"https:\/\/mshm.pl\/en\/wp-json\/wp\/v2\/media\/3499"}],"wp:attachment":[{"href":"https:\/\/mshm.pl\/en\/wp-json\/wp\/v2\/media?parent=3746"}],"curies":[{"name":"wp","href":"https:\/\/api.w.org\/{rel}","templated":true}]}}