{"id":3742,"date":"2022-01-13T16:59:25","date_gmt":"2022-01-13T15:59:25","guid":{"rendered":"https:\/\/mshm.pl\/?page_id=3742"},"modified":"2022-10-27T14:26:35","modified_gmt":"2022-10-27T12:26:35","slug":"museum-structure","status":"publish","type":"page","link":"https:\/\/mshm.pl\/en\/contact\/museum-structure\/","title":{"rendered":"Museum structure"},"content":{"rendered":"\n<div class=\"wp-block-columns is-layout-flex wp-container-core-columns-is-layout-9d6595d7 wp-block-columns-is-layout-flex\">\n<div class=\"wp-block-column is-layout-flow wp-block-column-is-layout-flow\">\n<p><strong>Director <\/strong><br><a href=\"https:\/\/mshm.pl\/en\/contact\/museum-structure\/dorota-slowinska-kamasa\/\">Dorota S\u0142owi\u0144ska-Kamasa<\/a><br><a href=\"mailto:d.slowinska@mshm.pl\">d.slowinska@mshm.pl<\/a><\/p>\n\n\n\n<p><strong><strong>Deputy Director of Academic Affairs<\/strong><\/strong><br>Marcin Wo\u017aniak<br><a href=\"mailto:m.wozniak@mshm.pl\">m.wozniak@mshm.pl<\/a><\/p>\n\n\n\n<p><strong><strong>Head Accountant<\/strong><\/strong><br>Maria Mazurkiewicz<br><a href=\"mailto:m.mazurkiewicz@mshm.pl\">m.mazurkiewicz@mshm.pl<\/a><\/p>\n\n\n\n<h2 class=\"wp-block-heading\" id=\"administration-department\"><strong><strong>Administration Department<\/strong><\/strong><\/h2>\n\n\n\n<p><strong>Office Manager<\/strong><br>Tomasz Ku\u017amicz<br><a href=\"mailto:t.kuzmicz@mshm.pl\">t.kuzmicz@mshm.pl<\/a><br><br>Andrzej M\u0142ynarczyk<\/p>\n\n\n\n<p><strong>Senior HR Specialist<\/strong><br>Alina Mas\u0142owska\u00a0<br><a href=\"mailto:kadry@mshm.pl\">kadry@mshm.pl<\/a><\/p>\n\n\n\n<h2 class=\"wp-block-heading\" id=\"mazovian-archaeology-department\"><strong><strong>Mazovian Archaeology Department<\/strong><\/strong><\/h2>\n\n\n\n<p><strong>Head<\/strong><br>Marcin Wo\u017aniak<br><a href=\"mailto:m.wozniak@mshm.pl\">m.wozniak@mshm.pl<\/a><\/p>\n\n\n\n<p>Katarzyna Dejtrowska<br><a href=\"mailto:k.dejtrowska@mshm.pl\">k.dejtrowska@mshm.pl<\/a><\/p>\n\n\n\n<p>Piotr Holub<br><a href=\"mailto:p.holub@mshm.pl\">p.holub@mshm.pl<\/a><\/p>\n\n\n\n<p>Agata Wi\u015bniewska<br><a href=\"mailto:a.wisniewska@mshm.pl\">a.wisniewska@mshm.pl<\/a><\/p>\n\n\n\n<p><strong>Reading Room Supervisor<\/strong><br>Gra\u017cyna Faszczewska<br><a href=\"mailto:g.faszczewska@mshm.pl\">g.faszczewska@mshm.pl<\/a><\/p>\n<\/div>\n\n\n\n<div class=\"wp-block-column is-layout-flow wp-block-column-is-layout-flow\">\n<h2 class=\"wp-block-heading\" id=\"dzial-inwentarzowy\"><strong><strong>Inventory Department<\/strong><\/strong><\/h2>\n\n\n\n<p id=\"dzial-inwentarzowy\"><a href=\"mailto:inwentarz@mshm.pl\">inwentarz@mshm.pl<\/a><\/p>\n\n\n\n<p>Robert Janiszewski<br><a href=\"mailto:r.janiszewski@mshm.pl\">r.janiszewski@mshm.pl<\/a><\/p>\n\n\n\n<p>Anna Kucharska<br><a href=\"a.kucharska-wach@mshm.pl\">a.kucharska-wach@mshm.pl<\/a><\/p>\n\n\n\n<p>Agata Grz\u0119dzielska<\/p>\n\n\n\n<h2 class=\"wp-block-heading\"><strong>Education and Outreach Department<\/strong><\/h2>\n\n\n\n<p><a href=\"mailto:edukacja@mshm.pl\">edukacja@mshm.pl<\/a><\/p>\n\n\n\n<p>Krystyna Koza<br><a href=\"mailto:k.koza@mshm.pl\">k.koza@mshm.pl<\/a><\/p>\n\n\n\n<p>Iwona Szyma\u0144ska<br><a href=\"mailto:i.szymanska@mshm.pl\">i.szymanska@mshm.pl<\/a><\/p>\n\n\n\n<p>Oskar Mancini<br><a href=\"mailto:o.mancini@mshm.pl\">o.mancini@mshm.pl<\/a><\/p>\n\n\n\n<p>Nawoja Mi\u0142osz<\/p>\n\n\n\n<p>Oleksandr Kuznietzov<\/p>\n\n\n\n<h2 class=\"wp-block-heading\" id=\"public-relations-department\"><strong>Public Relations Department<\/strong><\/h2>\n\n\n\n<p><strong>Public Relations<\/strong> <strong>Specialist<\/strong><br>Marta Puchowska<br><a href=\"m.puchowska@mshm.pl\">m.puchowska@mshm.pl<\/a><\/p>\n\n\n\n<p><br><\/p>\n\n\n\n<p><br><\/p>\n<\/div>\n<\/div>\n","protected":false},"excerpt":{"rendered":"<p>Director Dorota S\u0142owi\u0144ska-Kamasad.slowinska@mshm.pl Deputy Director of Academic AffairsMarcin Wo\u017aniakm.wozniak@mshm.pl Head AccountantMaria Mazurkiewiczm.mazurkiewicz@mshm.pl Administration Department Office ManagerTomasz Ku\u017amiczt.kuzmicz@mshm.pl Andrzej M\u0142ynarczyk Senior HR SpecialistAlina Mas\u0142owska\u00a0kadry@mshm.pl Mazovian Archaeology Department HeadMarcin Wo\u017aniakm.wozniak@mshm.pl Katarzyna Dejtrowskak.dejtrowska@mshm.pl Piotr Holubp.holub@mshm.pl Agata Wi\u015bniewskaa.wisniewska@mshm.pl Reading Room SupervisorGra\u017cyna Faszczewskag.faszczewska@mshm.pl Inventory Department inwentarz@mshm.pl Robert Janiszewskir.janiszewski@mshm.pl Anna Kucharskaa.kucharska-wach@mshm.pl Agata Grz\u0119dzielska Education and Outreach Department edukacja@mshm.pl Krystyna Kozak.koza@mshm.pl Iwona Szyma\u0144skai.szymanska@mshm.pl Oskar Mancinio.mancini@mshm.pl Nawoja Mi\u0142osz Oleksandr Kuznietzov Public Relations Department Public Relations SpecialistMarta Puchowskam.puchowska@mshm.pl<\/p>\n","protected":false},"author":1,"featured_media":3481,"parent":3737,"menu_order":1,"comment_status":"closed","ping_status":"closed","template":"","meta":{"_acf_changed":false,"footnotes":""},"class_list":["post-3742","page","type-page","status-publish","has-post-thumbnail","hentry"],"acf":[],"yoast_head":"<!-- This site is optimized with the Yoast SEO plugin v27.2 - https:\/\/yoast.com\/product\/yoast-seo-wordpress\/ -->\n<title>Museum structure - Muzeum Staro\u017cytnego Hutnictwa Mazowieckiego<\/title>\n<meta name=\"robots\" content=\"index, follow, max-snippet:-1, max-image-preview:large, max-video-preview:-1\" \/>\n<link rel=\"canonical\" href=\"https:\/\/mshm.pl\/en\/contact\/museum-structure\/\" \/>\n<meta property=\"og:locale\" content=\"en_US\" \/>\n<meta property=\"og:type\" content=\"article\" \/>\n<meta property=\"og:title\" content=\"Museum structure - Muzeum Staro\u017cytnego Hutnictwa Mazowieckiego\" \/>\n<meta property=\"og:description\" content=\"Director Dorota S\u0142owi\u0144ska-Kamasad.slowinska@mshm.pl Deputy Director of Academic AffairsMarcin Wo\u017aniakm.wozniak@mshm.pl Head AccountantMaria Mazurkiewiczm.mazurkiewicz@mshm.pl Administration Department Office ManagerTomasz Ku\u017amiczt.kuzmicz@mshm.pl Andrzej M\u0142ynarczyk Senior HR SpecialistAlina Mas\u0142owska\u00a0kadry@mshm.pl Mazovian Archaeology Department HeadMarcin Wo\u017aniakm.wozniak@mshm.pl Katarzyna Dejtrowskak.dejtrowska@mshm.pl Piotr Holubp.holub@mshm.pl Agata Wi\u015bniewskaa.wisniewska@mshm.pl Reading Room SupervisorGra\u017cyna Faszczewskag.faszczewska@mshm.pl Inventory Department inwentarz@mshm.pl Robert Janiszewskir.janiszewski@mshm.pl Anna Kucharskaa.kucharska-wach@mshm.pl Agata Grz\u0119dzielska Education and Outreach Department edukacja@mshm.pl Krystyna Kozak.koza@mshm.pl Iwona Szyma\u0144skai.szymanska@mshm.pl Oskar Mancinio.mancini@mshm.pl Nawoja Mi\u0142osz Oleksandr Kuznietzov Public Relations Department Public Relations SpecialistMarta Puchowskam.puchowska@mshm.pl\" \/>\n<meta property=\"og:url\" content=\"https:\/\/mshm.pl\/en\/contact\/museum-structure\/\" \/>\n<meta property=\"og:site_name\" content=\"Muzeum Staro\u017cytnego Hutnictwa Mazowieckiego\" \/>\n<meta property=\"article:publisher\" content=\"https:\/\/www.facebook.com\/pruszkow.mshm\" \/>\n<meta property=\"article:modified_time\" content=\"2022-10-27T12:26:35+00:00\" \/>\n<meta property=\"og:image\" content=\"https:\/\/mshm.pl\/wp-content\/uploads\/2022\/02\/mshm-struktura-organizacyjna.jpg\" \/>\n\t<meta property=\"og:image:width\" content=\"1920\" \/>\n\t<meta property=\"og:image:height\" content=\"1279\" \/>\n\t<meta property=\"og:image:type\" content=\"image\/jpeg\" \/>\n<meta name=\"twitter:card\" content=\"summary_large_image\" \/>\n<meta name=\"twitter:label1\" content=\"Est. reading time\" \/>\n\t<meta name=\"twitter:data1\" content=\"1 minute\" \/>\n<script type=\"application\/ld+json\" class=\"yoast-schema-graph\">{\"@context\":\"https:\/\/schema.org\",\"@graph\":[{\"@type\":\"WebPage\",\"@id\":\"https:\/\/mshm.pl\/en\/contact\/museum-structure\/\",\"url\":\"https:\/\/mshm.pl\/en\/contact\/museum-structure\/\",\"name\":\"Museum structure - Muzeum Staro\u017cytnego Hutnictwa Mazowieckiego\",\"isPartOf\":{\"@id\":\"https:\/\/mshm.pl\/en\/#website\"},\"primaryImageOfPage\":{\"@id\":\"https:\/\/mshm.pl\/en\/contact\/museum-structure\/#primaryimage\"},\"image\":{\"@id\":\"https:\/\/mshm.pl\/en\/contact\/museum-structure\/#primaryimage\"},\"thumbnailUrl\":\"https:\/\/mshm.pl\/wp-content\/uploads\/2022\/02\/mshm-struktura-organizacyjna.jpg\",\"datePublished\":\"2022-01-13T15:59:25+00:00\",\"dateModified\":\"2022-10-27T12:26:35+00:00\",\"breadcrumb\":{\"@id\":\"https:\/\/mshm.pl\/en\/contact\/museum-structure\/#breadcrumb\"},\"inLanguage\":\"en-US\",\"potentialAction\":[{\"@type\":\"ReadAction\",\"target\":[\"https:\/\/mshm.pl\/en\/contact\/museum-structure\/\"]}]},{\"@type\":\"ImageObject\",\"inLanguage\":\"en-US\",\"@id\":\"https:\/\/mshm.pl\/en\/contact\/museum-structure\/#primaryimage\",\"url\":\"https:\/\/mshm.pl\/wp-content\/uploads\/2022\/02\/mshm-struktura-organizacyjna.jpg\",\"contentUrl\":\"https:\/\/mshm.pl\/wp-content\/uploads\/2022\/02\/mshm-struktura-organizacyjna.jpg\",\"width\":1920,\"height\":1279},{\"@type\":\"BreadcrumbList\",\"@id\":\"https:\/\/mshm.pl\/en\/contact\/museum-structure\/#breadcrumb\",\"itemListElement\":[{\"@type\":\"ListItem\",\"position\":1,\"name\":\"Strona g\u0142\u00f3wna\",\"item\":\"https:\/\/mshm.pl\/en\/\"},{\"@type\":\"ListItem\",\"position\":2,\"name\":\"Contact\",\"item\":\"https:\/\/mshm.pl\/en\/contact\/\"},{\"@type\":\"ListItem\",\"position\":3,\"name\":\"Museum structure\"}]},{\"@type\":\"WebSite\",\"@id\":\"https:\/\/mshm.pl\/en\/#website\",\"url\":\"https:\/\/mshm.pl\/en\/\",\"name\":\"Muzeum Staro\u017cytnego Hutnictwa Mazowieckiego\",\"description\":\"Muzeum Staro\u017cytnego Hutnictwa Mazowieckiego im. Stefana Woydy w Pruszkowie zajmuje si\u0119 badaniem, ochron\u0105 i promocj\u0105 unikatowego w skali Europy dziedzictwa pradziejowego, kt\u00f3rym jest Mazowieckie Centrum Metalurgiczne\",\"publisher\":{\"@id\":\"https:\/\/mshm.pl\/en\/#organization\"},\"potentialAction\":[{\"@type\":\"SearchAction\",\"target\":{\"@type\":\"EntryPoint\",\"urlTemplate\":\"https:\/\/mshm.pl\/en\/?s={search_term_string}\"},\"query-input\":{\"@type\":\"PropertyValueSpecification\",\"valueRequired\":true,\"valueName\":\"search_term_string\"}}],\"inLanguage\":\"en-US\"},{\"@type\":\"Organization\",\"@id\":\"https:\/\/mshm.pl\/en\/#organization\",\"name\":\"MSMH\",\"url\":\"https:\/\/mshm.pl\/en\/\",\"logo\":{\"@type\":\"ImageObject\",\"inLanguage\":\"en-US\",\"@id\":\"https:\/\/mshm.pl\/en\/#\/schema\/logo\/image\/\",\"url\":\"https:\/\/mshm.pl\/wp-content\/uploads\/2022\/03\/mshm-logo.png\",\"contentUrl\":\"https:\/\/mshm.pl\/wp-content\/uploads\/2022\/03\/mshm-logo.png\",\"width\":1997,\"height\":600,\"caption\":\"MSMH\"},\"image\":{\"@id\":\"https:\/\/mshm.pl\/en\/#\/schema\/logo\/image\/\"},\"sameAs\":[\"https:\/\/www.facebook.com\/pruszkow.mshm\",\"https:\/\/www.instagram.com\/muzeum_shm\/\",\"https:\/\/www.youtube.com\/channel\/UCXP_VzVPrFu9Bj3I8r89xdw\"]}]}<\/script>\n<!-- \/ Yoast SEO plugin. -->","yoast_head_json":{"title":"Museum structure - Muzeum Staro\u017cytnego Hutnictwa Mazowieckiego","robots":{"index":"index","follow":"follow","max-snippet":"max-snippet:-1","max-image-preview":"max-image-preview:large","max-video-preview":"max-video-preview:-1"},"canonical":"https:\/\/mshm.pl\/en\/contact\/museum-structure\/","og_locale":"en_US","og_type":"article","og_title":"Museum structure - Muzeum Staro\u017cytnego Hutnictwa Mazowieckiego","og_description":"Director Dorota S\u0142owi\u0144ska-Kamasad.slowinska@mshm.pl Deputy Director of Academic AffairsMarcin Wo\u017aniakm.wozniak@mshm.pl Head AccountantMaria Mazurkiewiczm.mazurkiewicz@mshm.pl Administration Department Office ManagerTomasz Ku\u017amiczt.kuzmicz@mshm.pl Andrzej M\u0142ynarczyk Senior HR SpecialistAlina Mas\u0142owska\u00a0kadry@mshm.pl Mazovian Archaeology Department HeadMarcin Wo\u017aniakm.wozniak@mshm.pl Katarzyna Dejtrowskak.dejtrowska@mshm.pl Piotr Holubp.holub@mshm.pl Agata Wi\u015bniewskaa.wisniewska@mshm.pl Reading Room SupervisorGra\u017cyna Faszczewskag.faszczewska@mshm.pl Inventory Department inwentarz@mshm.pl Robert Janiszewskir.janiszewski@mshm.pl Anna Kucharskaa.kucharska-wach@mshm.pl Agata Grz\u0119dzielska Education and Outreach Department edukacja@mshm.pl Krystyna Kozak.koza@mshm.pl Iwona Szyma\u0144skai.szymanska@mshm.pl Oskar Mancinio.mancini@mshm.pl Nawoja Mi\u0142osz Oleksandr Kuznietzov Public Relations Department Public Relations SpecialistMarta Puchowskam.puchowska@mshm.pl","og_url":"https:\/\/mshm.pl\/en\/contact\/museum-structure\/","og_site_name":"Muzeum Staro\u017cytnego Hutnictwa Mazowieckiego","article_publisher":"https:\/\/www.facebook.com\/pruszkow.mshm","article_modified_time":"2022-10-27T12:26:35+00:00","og_image":[{"width":1920,"height":1279,"url":"https:\/\/mshm.pl\/wp-content\/uploads\/2022\/02\/mshm-struktura-organizacyjna.jpg","type":"image\/jpeg"}],"twitter_card":"summary_large_image","twitter_misc":{"Est. reading time":"1 minute"},"schema":{"@context":"https:\/\/schema.org","@graph":[{"@type":"WebPage","@id":"https:\/\/mshm.pl\/en\/contact\/museum-structure\/","url":"https:\/\/mshm.pl\/en\/contact\/museum-structure\/","name":"Museum structure - Muzeum Staro\u017cytnego Hutnictwa Mazowieckiego","isPartOf":{"@id":"https:\/\/mshm.pl\/en\/#website"},"primaryImageOfPage":{"@id":"https:\/\/mshm.pl\/en\/contact\/museum-structure\/#primaryimage"},"image":{"@id":"https:\/\/mshm.pl\/en\/contact\/museum-structure\/#primaryimage"},"thumbnailUrl":"https:\/\/mshm.pl\/wp-content\/uploads\/2022\/02\/mshm-struktura-organizacyjna.jpg","datePublished":"2022-01-13T15:59:25+00:00","dateModified":"2022-10-27T12:26:35+00:00","breadcrumb":{"@id":"https:\/\/mshm.pl\/en\/contact\/museum-structure\/#breadcrumb"},"inLanguage":"en-US","potentialAction":[{"@type":"ReadAction","target":["https:\/\/mshm.pl\/en\/contact\/museum-structure\/"]}]},{"@type":"ImageObject","inLanguage":"en-US","@id":"https:\/\/mshm.pl\/en\/contact\/museum-structure\/#primaryimage","url":"https:\/\/mshm.pl\/wp-content\/uploads\/2022\/02\/mshm-struktura-organizacyjna.jpg","contentUrl":"https:\/\/mshm.pl\/wp-content\/uploads\/2022\/02\/mshm-struktura-organizacyjna.jpg","width":1920,"height":1279},{"@type":"BreadcrumbList","@id":"https:\/\/mshm.pl\/en\/contact\/museum-structure\/#breadcrumb","itemListElement":[{"@type":"ListItem","position":1,"name":"Strona g\u0142\u00f3wna","item":"https:\/\/mshm.pl\/en\/"},{"@type":"ListItem","position":2,"name":"Contact","item":"https:\/\/mshm.pl\/en\/contact\/"},{"@type":"ListItem","position":3,"name":"Museum structure"}]},{"@type":"WebSite","@id":"https:\/\/mshm.pl\/en\/#website","url":"https:\/\/mshm.pl\/en\/","name":"Muzeum Staro\u017cytnego Hutnictwa Mazowieckiego","description":"Muzeum Staro\u017cytnego Hutnictwa Mazowieckiego im. Stefana Woydy w Pruszkowie zajmuje si\u0119 badaniem, ochron\u0105 i promocj\u0105 unikatowego w skali Europy dziedzictwa pradziejowego, kt\u00f3rym jest Mazowieckie Centrum Metalurgiczne","publisher":{"@id":"https:\/\/mshm.pl\/en\/#organization"},"potentialAction":[{"@type":"SearchAction","target":{"@type":"EntryPoint","urlTemplate":"https:\/\/mshm.pl\/en\/?s={search_term_string}"},"query-input":{"@type":"PropertyValueSpecification","valueRequired":true,"valueName":"search_term_string"}}],"inLanguage":"en-US"},{"@type":"Organization","@id":"https:\/\/mshm.pl\/en\/#organization","name":"MSMH","url":"https:\/\/mshm.pl\/en\/","logo":{"@type":"ImageObject","inLanguage":"en-US","@id":"https:\/\/mshm.pl\/en\/#\/schema\/logo\/image\/","url":"https:\/\/mshm.pl\/wp-content\/uploads\/2022\/03\/mshm-logo.png","contentUrl":"https:\/\/mshm.pl\/wp-content\/uploads\/2022\/03\/mshm-logo.png","width":1997,"height":600,"caption":"MSMH"},"image":{"@id":"https:\/\/mshm.pl\/en\/#\/schema\/logo\/image\/"},"sameAs":["https:\/\/www.facebook.com\/pruszkow.mshm","https:\/\/www.instagram.com\/muzeum_shm\/","https:\/\/www.youtube.com\/channel\/UCXP_VzVPrFu9Bj3I8r89xdw"]}]}},"_links":{"self":[{"href":"https:\/\/mshm.pl\/en\/wp-json\/wp\/v2\/pages\/3742","targetHints":{"allow":["GET"]}}],"collection":[{"href":"https:\/\/mshm.pl\/en\/wp-json\/wp\/v2\/pages"}],"about":[{"href":"https:\/\/mshm.pl\/en\/wp-json\/wp\/v2\/types\/page"}],"author":[{"embeddable":true,"href":"https:\/\/mshm.pl\/en\/wp-json\/wp\/v2\/users\/1"}],"replies":[{"embeddable":true,"href":"https:\/\/mshm.pl\/en\/wp-json\/wp\/v2\/comments?post=3742"}],"version-history":[{"count":0,"href":"https:\/\/mshm.pl\/en\/wp-json\/wp\/v2\/pages\/3742\/revisions"}],"up":[{"embeddable":true,"href":"https:\/\/mshm.pl\/en\/wp-json\/wp\/v2\/pages\/3737"}],"wp:featuredmedia":[{"embeddable":true,"href":"https:\/\/mshm.pl\/en\/wp-json\/wp\/v2\/media\/3481"}],"wp:attachment":[{"href":"https:\/\/mshm.pl\/en\/wp-json\/wp\/v2\/media?parent=3742"}],"curies":[{"name":"wp","href":"https:\/\/api.w.org\/{rel}","templated":true}]}}