{"id":3693,"date":"2022-01-05T17:42:00","date_gmt":"2022-01-05T16:42:00","guid":{"rendered":"https:\/\/mshm.pl\/?page_id=3693"},"modified":"2024-11-26T18:17:42","modified_gmt":"2024-11-26T17:17:42","slug":"for-visitors","status":"publish","type":"page","link":"https:\/\/mshm.pl\/en\/for-visitors\/","title":{"rendered":"For visitors"},"content":{"rendered":"<div class=\"lazyblock-rozwijane-panele-Z2pPGtn wp-block-lazyblock-rozwijane-panele\">      <div class=\"comp-faq-item mb-2\">\r\n      <h3 class=\"cfiq-title m-0 text-family-1\">\r\n        <button class=\"comp-faq-question bg-corporate-2\">\r\n          <span class=\"d-block\">Reduced-price tickets and free entry<\/span>\r\n          <span class=\"cfiq-show\"><\/span>\r\n        <\/button>\r\n      <\/h3>\r\n      <div class=\"comp-faq-answer default-text-box\">\r\n        <p><strong>Reduced-price tickets are available for (upon providing relevant document):<\/strong><\/p>\n<ol>\n<li>Primary and secondary school students, learners at teacher trainer institutes and social services employee colleges, students and persons pursuing doctoral studies who are citizens of the European Union member states, the Swiss Confederation or member states of the European Free Trade Association \u2014 parties to the agreement on the European Economic Area.<\/li>\n<li>Persons above the age of 65, retirees, persons on a pension, and disabled persons together with their carers who are citizens of the European Union member states, the Swiss Confederation or member states of the European Free Trade Association \u2014 parties to the agreement on the European Economic Area.<\/li>\n<li>Teachers at primary, middle, secondary and higher-level schools, teachers and educators at educational institutions, reform schools, shelters for minors and diagnostic and consulting centres acting in the member states of the European Union, the Swiss Confederation or member states of the European Free Trade Association \u2014 parties to the agreement on the European Economic Area.<\/li>\n<li>Natural persons awarded the decoration \u201cFor the Care of Historic Sites\u201d, the honorary decoration \u201cDistinguished Cultural Activist\u201d.<\/li>\n<li>Veterans.<\/li>\n<li>Tour guides and tourist pilots with state licenses.<\/li>\n<li>Others authorised by the Director.<\/li>\n<\/ol>\n<p><strong>Free entry is available for (upon providing relevant document):<\/strong><\/p>\n<ol>\n<li>Natural persons awarded with the Order of the White Eagle, Order of Merit of the Republic of Poland, Medal for Merit to Culture \u2013 Gloria Artis, or the honorary distinction Meritorious for Polish Culture and Meritorious for Polish National Culture.<\/li>\n<li>Employees of museums entered in the State Museum Register.<\/li>\n<li>Members of the International Council of Museums (ICOM), the International Council for the Protection of Monuments (ICOMOS).<\/li>\n<li>Holders of Polish Card.<\/li>\n<li>Children up to 7 years of age.<\/li>\n<li>Primary and secondary school teachers and educators at educational institutions and reform schools acting in Poland that are guardians of organised groups.<\/li>\n<li>Academic teachers accompanying students during classes.<\/li>\n<li>Holders of the Pruszk\u00f3w Large Family Card.<\/li>\n<li>Holders of the Pruszk\u00f3w Resident Card.<\/li>\n<li>Others authorised by the Director.<\/li>\n<\/ol>      <\/div>\r\n    <\/div>\r\n  \r\n<\/div>","protected":false},"excerpt":{"rendered":"","protected":false},"author":1,"featured_media":3399,"parent":0,"menu_order":1,"comment_status":"closed","ping_status":"closed","template":"wystawy-page.php","meta":{"_acf_changed":false,"footnotes":""},"class_list":["post-3693","page","type-page","status-publish","has-post-thumbnail","hentry"],"acf":[],"yoast_head":"<!-- This site is optimized with the Yoast SEO plugin v27.5 - https:\/\/yoast.com\/product\/yoast-seo-wordpress\/ -->\n<title>For visitors - Muzeum Staro\u017cytnego Hutnictwa Mazowieckiego<\/title>\n<meta name=\"robots\" content=\"index, follow, max-snippet:-1, max-image-preview:large, max-video-preview:-1\" \/>\n<link rel=\"canonical\" href=\"https:\/\/mshm.pl\/en\/for-visitors\/\" \/>\n<meta property=\"og:locale\" content=\"en_US\" \/>\n<meta property=\"og:type\" content=\"article\" \/>\n<meta property=\"og:title\" content=\"For visitors - Muzeum Staro\u017cytnego Hutnictwa Mazowieckiego\" \/>\n<meta property=\"og:url\" content=\"https:\/\/mshm.pl\/en\/for-visitors\/\" \/>\n<meta property=\"og:site_name\" content=\"Muzeum Staro\u017cytnego Hutnictwa Mazowieckiego\" \/>\n<meta property=\"article:publisher\" content=\"https:\/\/www.facebook.com\/pruszkow.mshm\" \/>\n<meta property=\"article:modified_time\" content=\"2024-11-26T17:17:42+00:00\" \/>\n<meta property=\"og:image\" content=\"https:\/\/mshm.pl\/wp-content\/uploads\/2022\/01\/mshm-dla-zwiedzajacych-naglowek.jpg\" \/>\n\t<meta property=\"og:image:width\" content=\"1920\" \/>\n\t<meta property=\"og:image:height\" content=\"1107\" \/>\n\t<meta property=\"og:image:type\" content=\"image\/jpeg\" \/>\n<meta name=\"twitter:card\" content=\"summary_large_image\" \/>\n<meta name=\"twitter:label1\" content=\"Est. reading time\" \/>\n\t<meta name=\"twitter:data1\" content=\"2 minutes\" \/>\n<script type=\"application\/ld+json\" class=\"yoast-schema-graph\">{\"@context\":\"https:\\\/\\\/schema.org\",\"@graph\":[{\"@type\":\"WebPage\",\"@id\":\"https:\\\/\\\/mshm.pl\\\/en\\\/for-visitors\\\/\",\"url\":\"https:\\\/\\\/mshm.pl\\\/en\\\/for-visitors\\\/\",\"name\":\"For visitors - Muzeum Staro\u017cytnego Hutnictwa Mazowieckiego\",\"isPartOf\":{\"@id\":\"https:\\\/\\\/mshm.pl\\\/en\\\/#website\"},\"primaryImageOfPage\":{\"@id\":\"https:\\\/\\\/mshm.pl\\\/en\\\/for-visitors\\\/#primaryimage\"},\"image\":{\"@id\":\"https:\\\/\\\/mshm.pl\\\/en\\\/for-visitors\\\/#primaryimage\"},\"thumbnailUrl\":\"https:\\\/\\\/mshm.pl\\\/wp-content\\\/uploads\\\/2022\\\/01\\\/mshm-dla-zwiedzajacych-naglowek.jpg\",\"datePublished\":\"2022-01-05T16:42:00+00:00\",\"dateModified\":\"2024-11-26T17:17:42+00:00\",\"breadcrumb\":{\"@id\":\"https:\\\/\\\/mshm.pl\\\/en\\\/for-visitors\\\/#breadcrumb\"},\"inLanguage\":\"en-US\",\"potentialAction\":[{\"@type\":\"ReadAction\",\"target\":[\"https:\\\/\\\/mshm.pl\\\/en\\\/for-visitors\\\/\"]}]},{\"@type\":\"ImageObject\",\"inLanguage\":\"en-US\",\"@id\":\"https:\\\/\\\/mshm.pl\\\/en\\\/for-visitors\\\/#primaryimage\",\"url\":\"https:\\\/\\\/mshm.pl\\\/wp-content\\\/uploads\\\/2022\\\/01\\\/mshm-dla-zwiedzajacych-naglowek.jpg\",\"contentUrl\":\"https:\\\/\\\/mshm.pl\\\/wp-content\\\/uploads\\\/2022\\\/01\\\/mshm-dla-zwiedzajacych-naglowek.jpg\",\"width\":1920,\"height\":1107,\"caption\":\"For visitors\"},{\"@type\":\"BreadcrumbList\",\"@id\":\"https:\\\/\\\/mshm.pl\\\/en\\\/for-visitors\\\/#breadcrumb\",\"itemListElement\":[{\"@type\":\"ListItem\",\"position\":1,\"name\":\"Strona g\u0142\u00f3wna\",\"item\":\"https:\\\/\\\/mshm.pl\\\/en\\\/\"},{\"@type\":\"ListItem\",\"position\":2,\"name\":\"For visitors\"}]},{\"@type\":\"WebSite\",\"@id\":\"https:\\\/\\\/mshm.pl\\\/en\\\/#website\",\"url\":\"https:\\\/\\\/mshm.pl\\\/en\\\/\",\"name\":\"Muzeum Staro\u017cytnego Hutnictwa Mazowieckiego\",\"description\":\"Muzeum Staro\u017cytnego Hutnictwa Mazowieckiego im. Stefana Woydy w Pruszkowie zajmuje si\u0119 badaniem, ochron\u0105 i promocj\u0105 unikatowego w skali Europy dziedzictwa pradziejowego, kt\u00f3rym jest Mazowieckie Centrum Metalurgiczne\",\"publisher\":{\"@id\":\"https:\\\/\\\/mshm.pl\\\/en\\\/#organization\"},\"potentialAction\":[{\"@type\":\"SearchAction\",\"target\":{\"@type\":\"EntryPoint\",\"urlTemplate\":\"https:\\\/\\\/mshm.pl\\\/en\\\/?s={search_term_string}\"},\"query-input\":{\"@type\":\"PropertyValueSpecification\",\"valueRequired\":true,\"valueName\":\"search_term_string\"}}],\"inLanguage\":\"en-US\"},{\"@type\":\"Organization\",\"@id\":\"https:\\\/\\\/mshm.pl\\\/en\\\/#organization\",\"name\":\"MSMH\",\"url\":\"https:\\\/\\\/mshm.pl\\\/en\\\/\",\"logo\":{\"@type\":\"ImageObject\",\"inLanguage\":\"en-US\",\"@id\":\"https:\\\/\\\/mshm.pl\\\/en\\\/#\\\/schema\\\/logo\\\/image\\\/\",\"url\":\"https:\\\/\\\/mshm.pl\\\/wp-content\\\/uploads\\\/2022\\\/03\\\/mshm-logo.png\",\"contentUrl\":\"https:\\\/\\\/mshm.pl\\\/wp-content\\\/uploads\\\/2022\\\/03\\\/mshm-logo.png\",\"width\":1997,\"height\":600,\"caption\":\"MSMH\"},\"image\":{\"@id\":\"https:\\\/\\\/mshm.pl\\\/en\\\/#\\\/schema\\\/logo\\\/image\\\/\"},\"sameAs\":[\"https:\\\/\\\/www.facebook.com\\\/pruszkow.mshm\",\"https:\\\/\\\/www.instagram.com\\\/muzeum_shm\\\/\",\"https:\\\/\\\/www.youtube.com\\\/channel\\\/UCXP_VzVPrFu9Bj3I8r89xdw\"]}]}<\/script>\n<!-- \/ Yoast SEO plugin. -->","yoast_head_json":{"title":"For visitors - Muzeum Staro\u017cytnego Hutnictwa Mazowieckiego","robots":{"index":"index","follow":"follow","max-snippet":"max-snippet:-1","max-image-preview":"max-image-preview:large","max-video-preview":"max-video-preview:-1"},"canonical":"https:\/\/mshm.pl\/en\/for-visitors\/","og_locale":"en_US","og_type":"article","og_title":"For visitors - Muzeum Staro\u017cytnego Hutnictwa Mazowieckiego","og_url":"https:\/\/mshm.pl\/en\/for-visitors\/","og_site_name":"Muzeum Staro\u017cytnego Hutnictwa Mazowieckiego","article_publisher":"https:\/\/www.facebook.com\/pruszkow.mshm","article_modified_time":"2024-11-26T17:17:42+00:00","og_image":[{"width":1920,"height":1107,"url":"https:\/\/mshm.pl\/wp-content\/uploads\/2022\/01\/mshm-dla-zwiedzajacych-naglowek.jpg","type":"image\/jpeg"}],"twitter_card":"summary_large_image","twitter_misc":{"Est. reading time":"2 minutes"},"schema":{"@context":"https:\/\/schema.org","@graph":[{"@type":"WebPage","@id":"https:\/\/mshm.pl\/en\/for-visitors\/","url":"https:\/\/mshm.pl\/en\/for-visitors\/","name":"For visitors - Muzeum Staro\u017cytnego Hutnictwa Mazowieckiego","isPartOf":{"@id":"https:\/\/mshm.pl\/en\/#website"},"primaryImageOfPage":{"@id":"https:\/\/mshm.pl\/en\/for-visitors\/#primaryimage"},"image":{"@id":"https:\/\/mshm.pl\/en\/for-visitors\/#primaryimage"},"thumbnailUrl":"https:\/\/mshm.pl\/wp-content\/uploads\/2022\/01\/mshm-dla-zwiedzajacych-naglowek.jpg","datePublished":"2022-01-05T16:42:00+00:00","dateModified":"2024-11-26T17:17:42+00:00","breadcrumb":{"@id":"https:\/\/mshm.pl\/en\/for-visitors\/#breadcrumb"},"inLanguage":"en-US","potentialAction":[{"@type":"ReadAction","target":["https:\/\/mshm.pl\/en\/for-visitors\/"]}]},{"@type":"ImageObject","inLanguage":"en-US","@id":"https:\/\/mshm.pl\/en\/for-visitors\/#primaryimage","url":"https:\/\/mshm.pl\/wp-content\/uploads\/2022\/01\/mshm-dla-zwiedzajacych-naglowek.jpg","contentUrl":"https:\/\/mshm.pl\/wp-content\/uploads\/2022\/01\/mshm-dla-zwiedzajacych-naglowek.jpg","width":1920,"height":1107,"caption":"For visitors"},{"@type":"BreadcrumbList","@id":"https:\/\/mshm.pl\/en\/for-visitors\/#breadcrumb","itemListElement":[{"@type":"ListItem","position":1,"name":"Strona g\u0142\u00f3wna","item":"https:\/\/mshm.pl\/en\/"},{"@type":"ListItem","position":2,"name":"For visitors"}]},{"@type":"WebSite","@id":"https:\/\/mshm.pl\/en\/#website","url":"https:\/\/mshm.pl\/en\/","name":"Muzeum Staro\u017cytnego Hutnictwa Mazowieckiego","description":"Muzeum Staro\u017cytnego Hutnictwa Mazowieckiego im. Stefana Woydy w Pruszkowie zajmuje si\u0119 badaniem, ochron\u0105 i promocj\u0105 unikatowego w skali Europy dziedzictwa pradziejowego, kt\u00f3rym jest Mazowieckie Centrum Metalurgiczne","publisher":{"@id":"https:\/\/mshm.pl\/en\/#organization"},"potentialAction":[{"@type":"SearchAction","target":{"@type":"EntryPoint","urlTemplate":"https:\/\/mshm.pl\/en\/?s={search_term_string}"},"query-input":{"@type":"PropertyValueSpecification","valueRequired":true,"valueName":"search_term_string"}}],"inLanguage":"en-US"},{"@type":"Organization","@id":"https:\/\/mshm.pl\/en\/#organization","name":"MSMH","url":"https:\/\/mshm.pl\/en\/","logo":{"@type":"ImageObject","inLanguage":"en-US","@id":"https:\/\/mshm.pl\/en\/#\/schema\/logo\/image\/","url":"https:\/\/mshm.pl\/wp-content\/uploads\/2022\/03\/mshm-logo.png","contentUrl":"https:\/\/mshm.pl\/wp-content\/uploads\/2022\/03\/mshm-logo.png","width":1997,"height":600,"caption":"MSMH"},"image":{"@id":"https:\/\/mshm.pl\/en\/#\/schema\/logo\/image\/"},"sameAs":["https:\/\/www.facebook.com\/pruszkow.mshm","https:\/\/www.instagram.com\/muzeum_shm\/","https:\/\/www.youtube.com\/channel\/UCXP_VzVPrFu9Bj3I8r89xdw"]}]}},"_links":{"self":[{"href":"https:\/\/mshm.pl\/en\/wp-json\/wp\/v2\/pages\/3693","targetHints":{"allow":["GET"]}}],"collection":[{"href":"https:\/\/mshm.pl\/en\/wp-json\/wp\/v2\/pages"}],"about":[{"href":"https:\/\/mshm.pl\/en\/wp-json\/wp\/v2\/types\/page"}],"author":[{"embeddable":true,"href":"https:\/\/mshm.pl\/en\/wp-json\/wp\/v2\/users\/1"}],"replies":[{"embeddable":true,"href":"https:\/\/mshm.pl\/en\/wp-json\/wp\/v2\/comments?post=3693"}],"version-history":[{"count":1,"href":"https:\/\/mshm.pl\/en\/wp-json\/wp\/v2\/pages\/3693\/revisions"}],"predecessor-version":[{"id":7138,"href":"https:\/\/mshm.pl\/en\/wp-json\/wp\/v2\/pages\/3693\/revisions\/7138"}],"wp:featuredmedia":[{"embeddable":true,"href":"https:\/\/mshm.pl\/en\/wp-json\/wp\/v2\/media\/3399"}],"wp:attachment":[{"href":"https:\/\/mshm.pl\/en\/wp-json\/wp\/v2\/media?parent=3693"}],"curies":[{"name":"wp","href":"https:\/\/api.w.org\/{rel}","templated":true}]}}