{"id":3690,"date":"2022-01-13T17:43:16","date_gmt":"2022-01-13T16:43:16","guid":{"rendered":"https:\/\/mshm.pl\/?page_id=3690"},"modified":"2022-02-17T15:27:10","modified_gmt":"2022-02-17T14:27:10","slug":"concerts","status":"publish","type":"page","link":"https:\/\/mshm.pl\/en\/for-visitors\/concerts\/","title":{"rendered":"Concerts"},"content":{"rendered":"\n<p>Musical events at the Museum have a long and rich history, dating back to the move of the Museum to the Potulicki Manor\u2019s outbuilding gifted by the City Council. The lovely orangery simply cried out to be used for concerts! Its dimensions, particularly the high ceiling, created an environment with exceptional acoustics, particularly suited for chamber music.<\/p>\n\n\n\n<p>The first concerts were hosted at the orangery in 1991 at the initiative of the I. J. Paderewski&nbsp;Music Society of Pruszk\u00f3w. From that time onward, the musical events held therein have become a permanent fixture on the city\u2019s cultural map. After a few years of working together with the MSP, the Museum began to organise concerts on its own, as part of its themed cycles corresponding to the four seasons. Pruszk\u00f3w music-lovers have had an exceptional opportunity to become acquainted with leading Polish and foreign performers. The programme is heterogenic, including chamber music, jazz, stage song and evenings with sung poetry. By the end of 2021, almost 580 had been held at the venue.<\/p>\n\n\n\n<p>The Museum owns an antique piano from the times of Frederic Chopin, made in 1830 in K\u00f6nigsberg, Prussia, by Carl&nbsp;Julius Gebauhr. This is one of the oldest surviving examples of that company\u2019s instruments, representative of ornamented pianos from that era.<\/p>\n","protected":false},"excerpt":{"rendered":"<p>Musical events at the Museum have a long and rich history, dating back to the move of the Museum to the Potulicki Manor\u2019s outbuilding gifted by the City Council. The lovely orangery simply cried out to be used for concerts! Its dimensions, particularly the high ceiling, created an environment with exceptional acoustics, particularly suited for chamber music. The first concerts were hosted at the orangery in 1991 at the initiative of the I. J. Paderewski&nbsp;Music Society of Pruszk\u00f3w. From that time onward, the musical events held therein have become a permanent fixture on the city\u2019s cultural map. After a few [&hellip;]<\/p>\n","protected":false},"author":1,"featured_media":2981,"parent":3693,"menu_order":3,"comment_status":"closed","ping_status":"closed","template":"catlist-page.php","meta":{"_acf_changed":false,"footnotes":""},"class_list":["post-3690","page","type-page","status-publish","has-post-thumbnail","hentry"],"acf":[],"yoast_head":"<!-- This site is optimized with the Yoast SEO plugin v27.2 - https:\/\/yoast.com\/product\/yoast-seo-wordpress\/ -->\n<title>Concerts - Muzeum Staro\u017cytnego Hutnictwa Mazowieckiego<\/title>\n<meta name=\"robots\" content=\"index, follow, max-snippet:-1, max-image-preview:large, max-video-preview:-1\" \/>\n<link rel=\"canonical\" href=\"https:\/\/mshm.pl\/en\/for-visitors\/concerts\/\" \/>\n<meta property=\"og:locale\" content=\"en_US\" \/>\n<meta property=\"og:type\" content=\"article\" \/>\n<meta property=\"og:title\" content=\"Concerts - Muzeum Staro\u017cytnego Hutnictwa Mazowieckiego\" \/>\n<meta property=\"og:description\" content=\"Musical events at the Museum have a long and rich history, dating back to the move of the Museum to the Potulicki Manor\u2019s outbuilding gifted by the City Council. The lovely orangery simply cried out to be used for concerts! Its dimensions, particularly the high ceiling, created an environment with exceptional acoustics, particularly suited for chamber music. The first concerts were hosted at the orangery in 1991 at the initiative of the I. J. Paderewski&nbsp;Music Society of Pruszk\u00f3w. From that time onward, the musical events held therein have become a permanent fixture on the city\u2019s cultural map. After a few [&hellip;]\" \/>\n<meta property=\"og:url\" content=\"https:\/\/mshm.pl\/en\/for-visitors\/concerts\/\" \/>\n<meta property=\"og:site_name\" content=\"Muzeum Staro\u017cytnego Hutnictwa Mazowieckiego\" \/>\n<meta property=\"article:publisher\" content=\"https:\/\/www.facebook.com\/pruszkow.mshm\" \/>\n<meta property=\"article:modified_time\" content=\"2022-02-17T14:27:10+00:00\" \/>\n<meta property=\"og:image\" content=\"https:\/\/mshm.pl\/wp-content\/uploads\/2022\/01\/mshm-koncerty.jpg\" \/>\n\t<meta property=\"og:image:width\" content=\"1920\" \/>\n\t<meta property=\"og:image:height\" content=\"680\" \/>\n\t<meta property=\"og:image:type\" content=\"image\/jpeg\" \/>\n<meta name=\"twitter:card\" content=\"summary_large_image\" \/>\n<meta name=\"twitter:label1\" content=\"Est. reading time\" \/>\n\t<meta name=\"twitter:data1\" content=\"2 minutes\" \/>\n<script type=\"application\/ld+json\" class=\"yoast-schema-graph\">{\"@context\":\"https:\/\/schema.org\",\"@graph\":[{\"@type\":\"WebPage\",\"@id\":\"https:\/\/mshm.pl\/en\/for-visitors\/concerts\/\",\"url\":\"https:\/\/mshm.pl\/en\/for-visitors\/concerts\/\",\"name\":\"Concerts - Muzeum Staro\u017cytnego Hutnictwa Mazowieckiego\",\"isPartOf\":{\"@id\":\"https:\/\/mshm.pl\/en\/#website\"},\"primaryImageOfPage\":{\"@id\":\"https:\/\/mshm.pl\/en\/for-visitors\/concerts\/#primaryimage\"},\"image\":{\"@id\":\"https:\/\/mshm.pl\/en\/for-visitors\/concerts\/#primaryimage\"},\"thumbnailUrl\":\"https:\/\/mshm.pl\/wp-content\/uploads\/2022\/01\/mshm-koncerty.jpg\",\"datePublished\":\"2022-01-13T16:43:16+00:00\",\"dateModified\":\"2022-02-17T14:27:10+00:00\",\"breadcrumb\":{\"@id\":\"https:\/\/mshm.pl\/en\/for-visitors\/concerts\/#breadcrumb\"},\"inLanguage\":\"en-US\",\"potentialAction\":[{\"@type\":\"ReadAction\",\"target\":[\"https:\/\/mshm.pl\/en\/for-visitors\/concerts\/\"]}]},{\"@type\":\"ImageObject\",\"inLanguage\":\"en-US\",\"@id\":\"https:\/\/mshm.pl\/en\/for-visitors\/concerts\/#primaryimage\",\"url\":\"https:\/\/mshm.pl\/wp-content\/uploads\/2022\/01\/mshm-koncerty.jpg\",\"contentUrl\":\"https:\/\/mshm.pl\/wp-content\/uploads\/2022\/01\/mshm-koncerty.jpg\",\"width\":1920,\"height\":680,\"caption\":\"Concerts\"},{\"@type\":\"BreadcrumbList\",\"@id\":\"https:\/\/mshm.pl\/en\/for-visitors\/concerts\/#breadcrumb\",\"itemListElement\":[{\"@type\":\"ListItem\",\"position\":1,\"name\":\"Strona g\u0142\u00f3wna\",\"item\":\"https:\/\/mshm.pl\/en\/\"},{\"@type\":\"ListItem\",\"position\":2,\"name\":\"For visitors\",\"item\":\"https:\/\/mshm.pl\/en\/for-visitors\/\"},{\"@type\":\"ListItem\",\"position\":3,\"name\":\"Concerts\"}]},{\"@type\":\"WebSite\",\"@id\":\"https:\/\/mshm.pl\/en\/#website\",\"url\":\"https:\/\/mshm.pl\/en\/\",\"name\":\"Muzeum Staro\u017cytnego Hutnictwa Mazowieckiego\",\"description\":\"Muzeum Staro\u017cytnego Hutnictwa Mazowieckiego im. Stefana Woydy w Pruszkowie zajmuje si\u0119 badaniem, ochron\u0105 i promocj\u0105 unikatowego w skali Europy dziedzictwa pradziejowego, kt\u00f3rym jest Mazowieckie Centrum Metalurgiczne\",\"publisher\":{\"@id\":\"https:\/\/mshm.pl\/en\/#organization\"},\"potentialAction\":[{\"@type\":\"SearchAction\",\"target\":{\"@type\":\"EntryPoint\",\"urlTemplate\":\"https:\/\/mshm.pl\/en\/?s={search_term_string}\"},\"query-input\":{\"@type\":\"PropertyValueSpecification\",\"valueRequired\":true,\"valueName\":\"search_term_string\"}}],\"inLanguage\":\"en-US\"},{\"@type\":\"Organization\",\"@id\":\"https:\/\/mshm.pl\/en\/#organization\",\"name\":\"MSMH\",\"url\":\"https:\/\/mshm.pl\/en\/\",\"logo\":{\"@type\":\"ImageObject\",\"inLanguage\":\"en-US\",\"@id\":\"https:\/\/mshm.pl\/en\/#\/schema\/logo\/image\/\",\"url\":\"https:\/\/mshm.pl\/wp-content\/uploads\/2022\/03\/mshm-logo.png\",\"contentUrl\":\"https:\/\/mshm.pl\/wp-content\/uploads\/2022\/03\/mshm-logo.png\",\"width\":1997,\"height\":600,\"caption\":\"MSMH\"},\"image\":{\"@id\":\"https:\/\/mshm.pl\/en\/#\/schema\/logo\/image\/\"},\"sameAs\":[\"https:\/\/www.facebook.com\/pruszkow.mshm\",\"https:\/\/www.instagram.com\/muzeum_shm\/\",\"https:\/\/www.youtube.com\/channel\/UCXP_VzVPrFu9Bj3I8r89xdw\"]}]}<\/script>\n<!-- \/ Yoast SEO plugin. -->","yoast_head_json":{"title":"Concerts - Muzeum Staro\u017cytnego Hutnictwa Mazowieckiego","robots":{"index":"index","follow":"follow","max-snippet":"max-snippet:-1","max-image-preview":"max-image-preview:large","max-video-preview":"max-video-preview:-1"},"canonical":"https:\/\/mshm.pl\/en\/for-visitors\/concerts\/","og_locale":"en_US","og_type":"article","og_title":"Concerts - Muzeum Staro\u017cytnego Hutnictwa Mazowieckiego","og_description":"Musical events at the Museum have a long and rich history, dating back to the move of the Museum to the Potulicki Manor\u2019s outbuilding gifted by the City Council. The lovely orangery simply cried out to be used for concerts! Its dimensions, particularly the high ceiling, created an environment with exceptional acoustics, particularly suited for chamber music. The first concerts were hosted at the orangery in 1991 at the initiative of the I. J. Paderewski&nbsp;Music Society of Pruszk\u00f3w. From that time onward, the musical events held therein have become a permanent fixture on the city\u2019s cultural map. After a few [&hellip;]","og_url":"https:\/\/mshm.pl\/en\/for-visitors\/concerts\/","og_site_name":"Muzeum Staro\u017cytnego Hutnictwa Mazowieckiego","article_publisher":"https:\/\/www.facebook.com\/pruszkow.mshm","article_modified_time":"2022-02-17T14:27:10+00:00","og_image":[{"width":1920,"height":680,"url":"https:\/\/mshm.pl\/wp-content\/uploads\/2022\/01\/mshm-koncerty.jpg","type":"image\/jpeg"}],"twitter_card":"summary_large_image","twitter_misc":{"Est. reading time":"2 minutes"},"schema":{"@context":"https:\/\/schema.org","@graph":[{"@type":"WebPage","@id":"https:\/\/mshm.pl\/en\/for-visitors\/concerts\/","url":"https:\/\/mshm.pl\/en\/for-visitors\/concerts\/","name":"Concerts - Muzeum Staro\u017cytnego Hutnictwa Mazowieckiego","isPartOf":{"@id":"https:\/\/mshm.pl\/en\/#website"},"primaryImageOfPage":{"@id":"https:\/\/mshm.pl\/en\/for-visitors\/concerts\/#primaryimage"},"image":{"@id":"https:\/\/mshm.pl\/en\/for-visitors\/concerts\/#primaryimage"},"thumbnailUrl":"https:\/\/mshm.pl\/wp-content\/uploads\/2022\/01\/mshm-koncerty.jpg","datePublished":"2022-01-13T16:43:16+00:00","dateModified":"2022-02-17T14:27:10+00:00","breadcrumb":{"@id":"https:\/\/mshm.pl\/en\/for-visitors\/concerts\/#breadcrumb"},"inLanguage":"en-US","potentialAction":[{"@type":"ReadAction","target":["https:\/\/mshm.pl\/en\/for-visitors\/concerts\/"]}]},{"@type":"ImageObject","inLanguage":"en-US","@id":"https:\/\/mshm.pl\/en\/for-visitors\/concerts\/#primaryimage","url":"https:\/\/mshm.pl\/wp-content\/uploads\/2022\/01\/mshm-koncerty.jpg","contentUrl":"https:\/\/mshm.pl\/wp-content\/uploads\/2022\/01\/mshm-koncerty.jpg","width":1920,"height":680,"caption":"Concerts"},{"@type":"BreadcrumbList","@id":"https:\/\/mshm.pl\/en\/for-visitors\/concerts\/#breadcrumb","itemListElement":[{"@type":"ListItem","position":1,"name":"Strona g\u0142\u00f3wna","item":"https:\/\/mshm.pl\/en\/"},{"@type":"ListItem","position":2,"name":"For visitors","item":"https:\/\/mshm.pl\/en\/for-visitors\/"},{"@type":"ListItem","position":3,"name":"Concerts"}]},{"@type":"WebSite","@id":"https:\/\/mshm.pl\/en\/#website","url":"https:\/\/mshm.pl\/en\/","name":"Muzeum Staro\u017cytnego Hutnictwa Mazowieckiego","description":"Muzeum Staro\u017cytnego Hutnictwa Mazowieckiego im. Stefana Woydy w Pruszkowie zajmuje si\u0119 badaniem, ochron\u0105 i promocj\u0105 unikatowego w skali Europy dziedzictwa pradziejowego, kt\u00f3rym jest Mazowieckie Centrum Metalurgiczne","publisher":{"@id":"https:\/\/mshm.pl\/en\/#organization"},"potentialAction":[{"@type":"SearchAction","target":{"@type":"EntryPoint","urlTemplate":"https:\/\/mshm.pl\/en\/?s={search_term_string}"},"query-input":{"@type":"PropertyValueSpecification","valueRequired":true,"valueName":"search_term_string"}}],"inLanguage":"en-US"},{"@type":"Organization","@id":"https:\/\/mshm.pl\/en\/#organization","name":"MSMH","url":"https:\/\/mshm.pl\/en\/","logo":{"@type":"ImageObject","inLanguage":"en-US","@id":"https:\/\/mshm.pl\/en\/#\/schema\/logo\/image\/","url":"https:\/\/mshm.pl\/wp-content\/uploads\/2022\/03\/mshm-logo.png","contentUrl":"https:\/\/mshm.pl\/wp-content\/uploads\/2022\/03\/mshm-logo.png","width":1997,"height":600,"caption":"MSMH"},"image":{"@id":"https:\/\/mshm.pl\/en\/#\/schema\/logo\/image\/"},"sameAs":["https:\/\/www.facebook.com\/pruszkow.mshm","https:\/\/www.instagram.com\/muzeum_shm\/","https:\/\/www.youtube.com\/channel\/UCXP_VzVPrFu9Bj3I8r89xdw"]}]}},"_links":{"self":[{"href":"https:\/\/mshm.pl\/en\/wp-json\/wp\/v2\/pages\/3690","targetHints":{"allow":["GET"]}}],"collection":[{"href":"https:\/\/mshm.pl\/en\/wp-json\/wp\/v2\/pages"}],"about":[{"href":"https:\/\/mshm.pl\/en\/wp-json\/wp\/v2\/types\/page"}],"author":[{"embeddable":true,"href":"https:\/\/mshm.pl\/en\/wp-json\/wp\/v2\/users\/1"}],"replies":[{"embeddable":true,"href":"https:\/\/mshm.pl\/en\/wp-json\/wp\/v2\/comments?post=3690"}],"version-history":[{"count":0,"href":"https:\/\/mshm.pl\/en\/wp-json\/wp\/v2\/pages\/3690\/revisions"}],"up":[{"embeddable":true,"href":"https:\/\/mshm.pl\/en\/wp-json\/wp\/v2\/pages\/3693"}],"wp:featuredmedia":[{"embeddable":true,"href":"https:\/\/mshm.pl\/en\/wp-json\/wp\/v2\/media\/2981"}],"wp:attachment":[{"href":"https:\/\/mshm.pl\/en\/wp-json\/wp\/v2\/media?parent=3690"}],"curies":[{"name":"wp","href":"https:\/\/api.w.org\/{rel}","templated":true}]}}